{"id":9962,"date":"2025-05-17T18:24:01","date_gmt":"2025-05-17T18:24:01","guid":{"rendered":"https:\/\/yohannaa.com\/shop\/american-dream-papaya-smorkrem-500-ml\/"},"modified":"2025-11-08T21:23:25","modified_gmt":"2025-11-08T21:23:25","slug":"american-dream-papaya-smorkrem-500-ml","status":"publish","type":"product","link":"https:\/\/yohannaa.com\/no\/shop\/hudpleie\/american-dream-papaya-smorkrem-500-ml\/","title":{"rendered":"American Dream Papaya Butter Cream 500 ml"},"content":{"rendered":"<p>American Dream Papaya Butter Cream 500 ml<\/p>\n<p>American Dream Papaya Butter Body Cream med papayaekstrakt, sheasm\u00f8r og vitamin E.<\/p>\n<p>En lysnende formel med naturlige eksfolierende ingredienser som gj\u00f8r huden mer str\u00e5lende. Beroliger og renser for \u00e5 forebygge kviser, urenheter og strekkmerker. <\/p>\n<p>Etterlater huden str\u00e5lende, revitalisert og str\u00e5lende.<\/p>\n<p>Bruksanvisning: F\u00f8r daglig p\u00e5 renset hud, kan brukes over hele kroppen.<\/p>\n<p>Ingredienser og advarsler<\/p>\n<p>Vann (Aqua), stearinsyre, Cocoa Nucifera (kokosn\u00f8tt)olje, cetylalkohol, glyserolstearat, etylheksylglyserin, Theobroma Cacao (kakaofrukt), duft (parfyme), fenoksyetanol, polysorbat 20, natriumhydroksid, trinatrium-EDTA, Helianthus Annuus-olje (solsikkeolje), askorbylpalmitat, tokoferol (vitamin E), CI 75120, benzylalkohol, benzylbenzoat.<\/p>\n<p>Kun til skjermet bruk. Oppbevares utilgjengelig for barnet. Unng\u00e5 kontakt med \u00f8ynene. Ved kontakt, skyll grundig med vann.   <\/p>\n<p>&nbsp;<\/p>\n<p>&nbsp;<\/p>\n","protected":false},"excerpt":{"rendered":"<p>American Dream Papaya Butter Cream 500 ml<\/p>\n<p>American Dream Papaya Butter Body Cream med papayaekstrakt, sheasm\u00f8r og vitamin E.<\/p>\n<p>En lysnende formel med naturlige eksfolierende ingredienser som gj\u00f8r huden mer str\u00e5lende. Beroliger og renser for \u00e5 forebygge kviser, urenheter og strekkmerker. <\/p>\n<p>Etterlater huden str\u00e5lende, revitalisert og str\u00e5lende.<\/p>\n","protected":false},"featured_media":9961,"comment_status":"open","ping_status":"closed","template":"","meta":[],"product_brand":[2151],"product_cat":[1456,2425,1524],"product_tag":[],"class_list":{"0":"post-9962","1":"product","2":"type-product","3":"status-publish","4":"has-post-thumbnail","6":"product_brand-american-dream","7":"product_cat-hudpleie","8":"product_cat-ansiktspleie","9":"product_cat-fuktighetsgivende-for-huden","11":"first","12":"instock","13":"shipping-taxable","14":"purchasable","15":"product-type-simple"},"_links":{"self":[{"href":"https:\/\/yohannaa.com\/no\/wp-json\/wp\/v2\/product\/9962","targetHints":{"allow":["GET"]}}],"collection":[{"href":"https:\/\/yohannaa.com\/no\/wp-json\/wp\/v2\/product"}],"about":[{"href":"https:\/\/yohannaa.com\/no\/wp-json\/wp\/v2\/types\/product"}],"replies":[{"embeddable":true,"href":"https:\/\/yohannaa.com\/no\/wp-json\/wp\/v2\/comments?post=9962"}],"wp:featuredmedia":[{"embeddable":true,"href":"https:\/\/yohannaa.com\/no\/wp-json\/wp\/v2\/media\/9961"}],"wp:attachment":[{"href":"https:\/\/yohannaa.com\/no\/wp-json\/wp\/v2\/media?parent=9962"}],"wp:term":[{"taxonomy":"product_brand","embeddable":true,"href":"https:\/\/yohannaa.com\/no\/wp-json\/wp\/v2\/product_brand?post=9962"},{"taxonomy":"product_cat","embeddable":true,"href":"https:\/\/yohannaa.com\/no\/wp-json\/wp\/v2\/product_cat?post=9962"},{"taxonomy":"product_tag","embeddable":true,"href":"https:\/\/yohannaa.com\/no\/wp-json\/wp\/v2\/product_tag?post=9962"}],"curies":[{"name":"wp","href":"https:\/\/api.w.org\/{rel}","templated":true}]}}