{"id":9957,"date":"2025-05-17T17:10:13","date_gmt":"2025-05-17T17:10:13","guid":{"rendered":"https:\/\/yohannaa.com\/shop\/american-dream-kakaosmorkrem-med-vitamin-e-500-ml\/"},"modified":"2025-11-08T21:23:20","modified_gmt":"2025-11-08T21:23:20","slug":"american-dream-kakaosmorkrem-med-vitamin-e-500-ml","status":"publish","type":"product","link":"https:\/\/yohannaa.com\/no\/shop\/hudpleie\/american-dream-kakaosmorkrem-med-vitamin-e-500-ml\/","title":{"rendered":"American Dream Kakaosm\u00f8rkrem med vitamin E"},"content":{"rendered":"<p>Denne melken av h\u00f8y kvalitet inneholder to urteingredienser for naturlig bleking og gulrotolje med vitaminer for \u00e5 lysne hudfargen din. Det er et utmerket hudpleieprodukt som gir fuktighet og n\u00e6ring til huden din. P\u00e5f\u00f8r i ansiktet og p\u00e5 kroppen \u00e9n til to ganger om dagen.  <\/p>\n<p>Inhaltsstoffe &amp; Warnhinweise<\/p>\n<p>Aqua, mineralolje, glyserin, etylheksylpaimitat, cetearylalkohol, glyserylstearat, oimetikon, cetearet-25, karbomer, fenoksyetanol, butyrospermum parkii (sheasm\u00f8r) ekstrakt, theobroma kakao-ekstrakt, parfyme, Ci 11680. Natriumhydroksid <\/p>\n<p>&nbsp;<\/p>\n","protected":false},"excerpt":{"rendered":"<p>Denne melken av h\u00f8y kvalitet inneholder to urteingredienser for naturlig bleking og gulrotolje med vitaminer for \u00e5 lysne hudfargen din. Det er et utmerket hudpleieprodukt som gir fuktighet og n\u00e6ring til huden din. P\u00e5f\u00f8r p\u00e5 ansikt og kropp en eller to ganger om dagen.  <\/p>\n","protected":false},"featured_media":9956,"comment_status":"open","ping_status":"closed","template":"","meta":[],"product_brand":[2151],"product_cat":[1456,2425,1524],"product_tag":[],"class_list":{"0":"post-9957","1":"product","2":"type-product","3":"status-publish","4":"has-post-thumbnail","6":"product_brand-american-dream","7":"product_cat-hudpleie","8":"product_cat-ansiktspleie","9":"product_cat-fuktighetsgivende-for-huden","11":"first","12":"instock","13":"shipping-taxable","14":"purchasable","15":"product-type-simple"},"_links":{"self":[{"href":"https:\/\/yohannaa.com\/no\/wp-json\/wp\/v2\/product\/9957","targetHints":{"allow":["GET"]}}],"collection":[{"href":"https:\/\/yohannaa.com\/no\/wp-json\/wp\/v2\/product"}],"about":[{"href":"https:\/\/yohannaa.com\/no\/wp-json\/wp\/v2\/types\/product"}],"replies":[{"embeddable":true,"href":"https:\/\/yohannaa.com\/no\/wp-json\/wp\/v2\/comments?post=9957"}],"wp:featuredmedia":[{"embeddable":true,"href":"https:\/\/yohannaa.com\/no\/wp-json\/wp\/v2\/media\/9956"}],"wp:attachment":[{"href":"https:\/\/yohannaa.com\/no\/wp-json\/wp\/v2\/media?parent=9957"}],"wp:term":[{"taxonomy":"product_brand","embeddable":true,"href":"https:\/\/yohannaa.com\/no\/wp-json\/wp\/v2\/product_brand?post=9957"},{"taxonomy":"product_cat","embeddable":true,"href":"https:\/\/yohannaa.com\/no\/wp-json\/wp\/v2\/product_cat?post=9957"},{"taxonomy":"product_tag","embeddable":true,"href":"https:\/\/yohannaa.com\/no\/wp-json\/wp\/v2\/product_tag?post=9957"}],"curies":[{"name":"wp","href":"https:\/\/api.w.org\/{rel}","templated":true}]}}