{"id":9952,"date":"2025-05-17T16:34:55","date_gmt":"2025-05-17T16:34:55","guid":{"rendered":"https:\/\/yohannaa.com\/shop\/american-dream-aloe-butter-body-cream-med-sheasmor-og-vitamin-e-500-ml\/"},"modified":"2025-05-17T16:34:55","modified_gmt":"2025-05-17T16:34:55","slug":"american-dream-aloe-butter-body-cream-med-sheasmor-og-vitamin-e-500-ml","status":"publish","type":"product","link":"https:\/\/yohannaa.com\/no\/shop\/hudpleie\/hudbehandlinger\/ansiktspleie\/american-dream-aloe-butter-body-cream-med-sheasmor-og-vitamin-e-500-ml\/","title":{"rendered":"American Dream Aloe Butter Body Cream med sheasm\u00f8r og vitamin E 500 ml"},"content":{"rendered":"<p>American Dream Aloe Butter Body Cream med sheasm\u00f8r og vitamin E 500 ml<\/p>\n<p>En lysnende formel som bidrar til \u00e5 redusere forekomsten av hyperpigmentering, urenheter og ujevn hudtone. Med sine antiseptiske egenskaper kj\u00f8ler dette sm\u00f8ret ned mindre branns\u00e5r og bitt og lindrer kl\u00f8ende hud. <\/p>\n<p>Med sheasm\u00f8r og vitamin E.<\/p>\n<p><span class=\"summary__title\"><span class=\"accordion__title\">Inhaltsstoffe &amp; Warnhinweise<\/span><\/span><\/p>\n<p><span class=\"metafield-multi_line_text_field\">Aqua, mineralolje, glyserin, etylexylpalmitat, cetearylalkohol, glyserylstearat, dimetikon, cetearet-25, karbomer, fenoksyetanol, butyrospermum parkii ekstrakt, aloe vera-ekstrakt, vitamin E, parfyme, natriumhydroksid<\/span><\/p>\n<p><span class=\"metafield-multi_line_text_field\">Bare til ytre bruk. Au\u00dferhalb der Reichweite von Kindern aufbewahren. Kontakt med \u00f8ynene unng\u00e5s. Ved kontakt gr\u00fcndlich mit Wasser aussp\u00fclen.   <\/span><\/p>\n<p>PRODUKTSIKKERHETSDETALJER<\/p>\n<p>Den \u00f8konomiske akt\u00f8ren som er ansvarlig for dette produktet er:<\/p>\n<p>Du kan ogs\u00e5 finne den \u00f8konomiske akt\u00f8ren som er ansvarlig for produktet, p\u00e5 det respektive produktet eller emballasjen eller i et dokument som f\u00f8lger med produktet.<\/p>\n<p>&nbsp;<\/p>\n","protected":false},"excerpt":{"rendered":"<p>American Dream Aloe Butter Body Cream med sheasm\u00f8r og vitamin E 500 ml<\/p>\n<p>En lysnende formel som bidrar til \u00e5 redusere forekomsten av hyperpigmentering, urenheter og ujevn hudtone. Med sine antiseptiske egenskaper kj\u00f8ler dette sm\u00f8ret ned mindre branns\u00e5r og bitt og lindrer kl\u00f8ende hud. <\/p>\n<p>Med sheasm\u00f8r og vitamin E.<\/p>\n","protected":false},"featured_media":9951,"comment_status":"open","ping_status":"closed","template":"","meta":[],"product_brand":[2151],"product_cat":[2425,1524,1602],"product_tag":[],"class_list":{"0":"post-9952","1":"product","2":"type-product","3":"status-publish","4":"has-post-thumbnail","6":"product_brand-american-dream","7":"product_cat-ansiktspleie","8":"product_cat-fuktighetsgivende-for-huden","9":"product_cat-hudbehandlinger","11":"first","12":"instock","13":"shipping-taxable","14":"purchasable","15":"product-type-simple"},"_links":{"self":[{"href":"https:\/\/yohannaa.com\/no\/wp-json\/wp\/v2\/product\/9952","targetHints":{"allow":["GET"]}}],"collection":[{"href":"https:\/\/yohannaa.com\/no\/wp-json\/wp\/v2\/product"}],"about":[{"href":"https:\/\/yohannaa.com\/no\/wp-json\/wp\/v2\/types\/product"}],"replies":[{"embeddable":true,"href":"https:\/\/yohannaa.com\/no\/wp-json\/wp\/v2\/comments?post=9952"}],"wp:featuredmedia":[{"embeddable":true,"href":"https:\/\/yohannaa.com\/no\/wp-json\/wp\/v2\/media\/9951"}],"wp:attachment":[{"href":"https:\/\/yohannaa.com\/no\/wp-json\/wp\/v2\/media?parent=9952"}],"wp:term":[{"taxonomy":"product_brand","embeddable":true,"href":"https:\/\/yohannaa.com\/no\/wp-json\/wp\/v2\/product_brand?post=9952"},{"taxonomy":"product_cat","embeddable":true,"href":"https:\/\/yohannaa.com\/no\/wp-json\/wp\/v2\/product_cat?post=9952"},{"taxonomy":"product_tag","embeddable":true,"href":"https:\/\/yohannaa.com\/no\/wp-json\/wp\/v2\/product_tag?post=9952"}],"curies":[{"name":"wp","href":"https:\/\/api.w.org\/{rel}","templated":true}]}}