{"id":9948,"date":"2025-04-06T21:20:04","date_gmt":"2025-04-06T21:20:04","guid":{"rendered":"https:\/\/yohannaa.com\/shop\/agor-organic-avocado-oil-hair-food-300-ml\/"},"modified":"2025-04-06T21:20:04","modified_gmt":"2025-04-06T21:20:04","slug":"agor-organic-avocado-oil-hair-food-300-ml","status":"publish","type":"product","link":"https:\/\/yohannaa.com\/no\/shop\/harpleie\/balsam\/fuktighetsgivende-balsam\/agor-organic-avocado-oil-hair-food-300-ml\/","title":{"rendered":"Agor Organic Avocado Oil Hair Food (300 ml)"},"content":{"rendered":"<p>Agor Avokadoolje h\u00e5rmat er 100% ren, matkvalitet, uraffinert, kaldpresset, avokado jomfruolje. Tilf\u00f8rer glans, fremmer h\u00e5rvekst, bidrar til \u00e5 stoppe h\u00e5ravfall, styrker r\u00f8tter og negleb\u00e5nd. Rik p\u00e5 vitaminer, mineraler og fettsyrer, inkludert oljesyre (Omega 9) og palmitinsyre.  <\/p>\n<p><strong>Ingredienser:<\/strong> Persea Gratissima (avokadoolje)<\/p>\n<p><strong>H\u00e5rbruk<\/strong> &#8211; Rik p\u00e5 vitaminer for h\u00e5ret. Anbefales i pleie av t\u00f8rt h\u00e5r. Fremskynder h\u00e5rets vekst. En effektiv h\u00e5rbalsam som etterlater h\u00e5ret mykt og glansfullt.   <\/p>\n<p><strong>Sikkerhetsinformasjon:<\/strong> Dette naturlige produktet kan ikke garanteres \u00e5 v\u00e6re fritt for spor av n\u00f8tter eller andre allergener. S\u00f8k medisinsk r\u00e5d f\u00f8r bruk hvis du lider av medisinske tilstander eller allergier. Utf\u00f8r alltid en lappetest f\u00f8r bruk. Oppbevares p\u00e5 et kj\u00f8lig og t\u00f8rt sted, beskyttet mot sollys.   <\/p>\n<p><strong>St\u00f8rrelse:<\/strong> 300 ml<\/p>\n<p>Veganvennlig<br \/>\nHexanfri<br \/>\nIngen GMO<br \/>\nIngen dyrefors\u00f8k<\/p>\n","protected":false},"excerpt":{"rendered":"<p>Agor Avokadoolje h\u00e5rmat er 100% ren, matkvalitet, uraffinert, kaldpresset, avokado jomfruolje. Tilf\u00f8rer glans, fremmer h\u00e5rvekst, bidrar til \u00e5 stoppe h\u00e5ravfall, styrker r\u00f8tter og negleb\u00e5nd. Rik p\u00e5 vitaminer, mineraler og fettsyrer, inkludert oljesyre (Omega 9) og palmitinsyre.  <\/p>\n","protected":false},"featured_media":9908,"comment_status":"open","ping_status":"closed","template":"","meta":[],"product_brand":[1222],"product_cat":[1618,1520],"product_tag":[],"class_list":{"0":"post-9948","1":"product","2":"type-product","3":"status-publish","4":"has-post-thumbnail","6":"product_brand-agor","7":"product_cat-fuktighetsgivende-balsam","8":"product_cat-fuktighetskremer-for-haret","10":"first","11":"outofstock","12":"shipping-taxable","13":"product-type-simple"},"_links":{"self":[{"href":"https:\/\/yohannaa.com\/no\/wp-json\/wp\/v2\/product\/9948","targetHints":{"allow":["GET"]}}],"collection":[{"href":"https:\/\/yohannaa.com\/no\/wp-json\/wp\/v2\/product"}],"about":[{"href":"https:\/\/yohannaa.com\/no\/wp-json\/wp\/v2\/types\/product"}],"replies":[{"embeddable":true,"href":"https:\/\/yohannaa.com\/no\/wp-json\/wp\/v2\/comments?post=9948"}],"wp:featuredmedia":[{"embeddable":true,"href":"https:\/\/yohannaa.com\/no\/wp-json\/wp\/v2\/media\/9908"}],"wp:attachment":[{"href":"https:\/\/yohannaa.com\/no\/wp-json\/wp\/v2\/media?parent=9948"}],"wp:term":[{"taxonomy":"product_brand","embeddable":true,"href":"https:\/\/yohannaa.com\/no\/wp-json\/wp\/v2\/product_brand?post=9948"},{"taxonomy":"product_cat","embeddable":true,"href":"https:\/\/yohannaa.com\/no\/wp-json\/wp\/v2\/product_cat?post=9948"},{"taxonomy":"product_tag","embeddable":true,"href":"https:\/\/yohannaa.com\/no\/wp-json\/wp\/v2\/product_tag?post=9948"}],"curies":[{"name":"wp","href":"https:\/\/api.w.org\/{rel}","templated":true}]}}