{"id":9947,"date":"2025-04-06T21:07:16","date_gmt":"2025-04-06T21:07:16","guid":{"rendered":"https:\/\/yohannaa.com\/shop\/agor-organic-black-seed-oil-rosemary-hair-food-300-ml\/"},"modified":"2025-04-06T21:07:16","modified_gmt":"2025-04-06T21:07:16","slug":"agor-organic-black-seed-oil-rosemary-hair-food-300-ml","status":"publish","type":"product","link":"https:\/\/yohannaa.com\/no\/shop\/harpleie\/fuktighetskremer-for-haret\/agor-organic-black-seed-oil-rosemary-hair-food-300-ml\/","title":{"rendered":"Agor Organic Black Seed Oil &amp; Rosemary Hair Food (300 ml)"},"content":{"rendered":"<p>Agor Organic black seed Oil &amp; rosemary hair food er en blanding av uraffinert olje som beholder alle de naturlige egenskapene fra Nigella sativa-fr\u00f8et, ogs\u00e5 kalt svart fr\u00f8, og rent, dampdestillert planteekstrakt av \u00f8kologisk rosmarin.<\/p>\n<ul>\n<li>Antibakteriell og soppdrepende<\/li>\n<li>Stimulerer til ny h\u00e5rvekst<\/li>\n<li>Anti-flass<\/li>\n<li>Fremmer h\u00e5rvekst<\/li>\n<\/ul>\n<p><strong>Ingredienser: <\/strong> 100 % \u00f8kologisk kaldpresset svartfr\u00f8olje, rosmarinolje<\/p>\n<p><strong>Bruk<\/strong> &#8211; P\u00e5f\u00f8r en moderat mengde i v\u00e5tt eller t\u00f8rt h\u00e5r og style som vanlig.<\/p>\n<p><strong>Sikkerhetsinformasjon:<\/strong> Dette naturlige produktet kan ikke garanteres \u00e5 v\u00e6re fritt for spor av n\u00f8tter eller andre allergener. S\u00f8k medisinsk r\u00e5d f\u00f8r bruk hvis du lider av medisinske tilstander eller allergier. Utf\u00f8r alltid en lappetest f\u00f8r bruk. Oppbevares p\u00e5 et kj\u00f8lig og t\u00f8rt sted, beskyttet mot sollys.   <\/p>\n<p><strong>St\u00f8rrelse:<\/strong> 300 ml<\/p>\n<p>Veganvennlig<br \/>\nHexanfri<br \/>\nIngen GMO<br \/>\nIngen dyrefors\u00f8k<\/p>\n","protected":false},"excerpt":{"rendered":"<p>Agor Organic black seed Oil &amp; rosemary hair food er en blanding av uraffinert olje som beholder alle de naturlige egenskapene fra Nigella sativa-fr\u00f8et, ogs\u00e5 kalt svart fr\u00f8, og rent, dampdestillert planteekstrakt av \u00f8kologisk rosmarin.<\/p>\n","protected":false},"featured_media":9897,"comment_status":"open","ping_status":"closed","template":"","meta":[],"product_brand":[1222],"product_cat":[1520],"product_tag":[],"class_list":{"0":"post-9947","1":"product","2":"type-product","3":"status-publish","4":"has-post-thumbnail","6":"product_brand-agor","7":"product_cat-fuktighetskremer-for-haret","9":"first","10":"instock","11":"shipping-taxable","12":"purchasable","13":"product-type-simple"},"_links":{"self":[{"href":"https:\/\/yohannaa.com\/no\/wp-json\/wp\/v2\/product\/9947","targetHints":{"allow":["GET"]}}],"collection":[{"href":"https:\/\/yohannaa.com\/no\/wp-json\/wp\/v2\/product"}],"about":[{"href":"https:\/\/yohannaa.com\/no\/wp-json\/wp\/v2\/types\/product"}],"replies":[{"embeddable":true,"href":"https:\/\/yohannaa.com\/no\/wp-json\/wp\/v2\/comments?post=9947"}],"wp:featuredmedia":[{"embeddable":true,"href":"https:\/\/yohannaa.com\/no\/wp-json\/wp\/v2\/media\/9897"}],"wp:attachment":[{"href":"https:\/\/yohannaa.com\/no\/wp-json\/wp\/v2\/media?parent=9947"}],"wp:term":[{"taxonomy":"product_brand","embeddable":true,"href":"https:\/\/yohannaa.com\/no\/wp-json\/wp\/v2\/product_brand?post=9947"},{"taxonomy":"product_cat","embeddable":true,"href":"https:\/\/yohannaa.com\/no\/wp-json\/wp\/v2\/product_cat?post=9947"},{"taxonomy":"product_tag","embeddable":true,"href":"https:\/\/yohannaa.com\/no\/wp-json\/wp\/v2\/product_tag?post=9947"}],"curies":[{"name":"wp","href":"https:\/\/api.w.org\/{rel}","templated":true}]}}