{"id":9946,"date":"2024-12-09T23:40:34","date_gmt":"2024-12-09T23:40:34","guid":{"rendered":"https:\/\/yohannaa.com\/shop\/ernaering-for-haret\/"},"modified":"2024-12-09T23:40:34","modified_gmt":"2024-12-09T23:40:34","slug":"ernaering-for-haret","status":"publish","type":"product","link":"https:\/\/yohannaa.com\/no\/shop\/barn\/harpleie-for-barn\/balsam-for-barn\/ernaering-for-haret\/","title":{"rendered":"Ern\u00e6ring for h\u00e5ret"},"content":{"rendered":"<p>Kids Originals Hair Nutrition Protein Enriched Conditioner inneholder en naturlig, botanisk blanding av urteekstrakter, vitaminer og proteiner, og gir fuktighet og styrke til svakt, skadet eller overbehandlet h\u00e5r. Ved regelmessig bruk blir skj\u00f8rt h\u00e5r forynget og fornyet. Etterlater h\u00e5ret sunt, glansfullt og med forbedret elastisitet.  <\/p>\n<p>FORDELER<\/p>\n<div class=\"cc-accordion-item__panel\">\n<div class=\"cc-accordion-item__content rte cf\">\n<p><span class=\"metafield-multi_line_text_field\">Gir glans, tilf\u00f8rer fuktighet og styrker h\u00e5ret<\/span><\/p>\n<p>INGREDIENSER<\/p>\n<div class=\"cc-accordion-item__panel\">\n<div class=\"cc-accordion-item__content rte cf\">\n<p><span class=\"metafield-multi_line_text_field\">Vann, glyserin, polyquaternium-37, paraffinum liquidum, diketyldimoniumklorid, cetearylalkohol, Olea Europaea (oliven) fruktolje, cetylalkohol, propylenglykol, difenylsiloksyfenyltrimetion, lanolinolje, behentrimoniummetosulfat, parfyme, dimetikon PEG-8-kokosat, PPG-1-trideceth-6, magnesiumnitrat, glycin sojaolje (soya), metylklorisotiazolinon, magnesiumklorid, metylisotiazolinon, butyrospermum parkii (sheasm\u00f8r), Daucus carota sativa rotekstrakt, Cocos Nucifera (kokosn\u00f8tt) olje, Carthamus Tinctorius fr\u00f8olje, honning, kolesterol, Simmondsia Chinensis (jojoba) fr\u00f8olje, Mustela olje, Melaleuca Alternifolia (tea tree) bladolje, eggpulver, tokoferol, hydrolysert soyaprotein, Hydrolysert melkeprotein, silkeaminosyrer, Urtica Dioica-ekstrakt, Rosmarinus Officinalis (rosmarin) bladekstrakt, Equisetum Hiemale-ekstrakt, fenoksyetanol, kaliumsorbat, sitronsyre, tokoferylacetat, TBHQ, gul 6 (CI 15985).<\/span><\/p>\n<\/div>\n<\/div>\n<\/div>\n<\/div>\n","protected":false},"excerpt":{"rendered":"<p>Kids Originals Hair Nutrition Protein Enriched Conditioner inneholder en naturlig, botanisk blanding av urteekstrakter, vitaminer og proteiner, og gir fuktighet og styrke til svakt, skadet eller overbehandlet h\u00e5r. Ved regelmessig bruk blir skj\u00f8rt h\u00e5r forynget og fornyet. Etterlater h\u00e5ret sunt, glansfullt og med forbedret elastisitet.  <\/p>\n","protected":false},"featured_media":9933,"comment_status":"open","ping_status":"closed","template":"","meta":[],"product_brand":[1314,1316],"product_cat":[1480,1478],"product_tag":[],"class_list":{"0":"post-9946","1":"product","2":"type-product","3":"status-publish","4":"has-post-thumbnail","6":"product_brand-africas-best","7":"product_brand-africas-best-kids-organics","8":"product_cat-balsam-for-barn","9":"product_cat-barn","11":"first","12":"instock","13":"shipping-taxable","14":"purchasable","15":"product-type-simple"},"_links":{"self":[{"href":"https:\/\/yohannaa.com\/no\/wp-json\/wp\/v2\/product\/9946","targetHints":{"allow":["GET"]}}],"collection":[{"href":"https:\/\/yohannaa.com\/no\/wp-json\/wp\/v2\/product"}],"about":[{"href":"https:\/\/yohannaa.com\/no\/wp-json\/wp\/v2\/types\/product"}],"replies":[{"embeddable":true,"href":"https:\/\/yohannaa.com\/no\/wp-json\/wp\/v2\/comments?post=9946"}],"wp:featuredmedia":[{"embeddable":true,"href":"https:\/\/yohannaa.com\/no\/wp-json\/wp\/v2\/media\/9933"}],"wp:attachment":[{"href":"https:\/\/yohannaa.com\/no\/wp-json\/wp\/v2\/media?parent=9946"}],"wp:term":[{"taxonomy":"product_brand","embeddable":true,"href":"https:\/\/yohannaa.com\/no\/wp-json\/wp\/v2\/product_brand?post=9946"},{"taxonomy":"product_cat","embeddable":true,"href":"https:\/\/yohannaa.com\/no\/wp-json\/wp\/v2\/product_cat?post=9946"},{"taxonomy":"product_tag","embeddable":true,"href":"https:\/\/yohannaa.com\/no\/wp-json\/wp\/v2\/product_tag?post=9946"}],"curies":[{"name":"wp","href":"https:\/\/api.w.org\/{rel}","templated":true}]}}