{"id":9944,"date":"2025-04-08T23:50:45","date_gmt":"2025-04-08T23:50:45","guid":{"rendered":"https:\/\/yohannaa.com\/shop\/terapi-med-gulrot-og-tea-tree-olje\/"},"modified":"2025-11-08T21:23:18","modified_gmt":"2025-11-08T21:23:18","slug":"terapi-med-gulrot-og-tea-tree-olje","status":"publish","type":"product","link":"https:\/\/yohannaa.com\/no\/shop\/harpleie\/sprayer-serum-og-oljer\/terapi-med-gulrot-og-tea-tree-olje\/","title":{"rendered":"Terapi med gulrot- og tea tree-olje"},"content":{"rendered":"<p>Originals by Africa&#8217;s Best\u00ae Carrot &amp; Tea Tree Oil Therapy er en spesiell blanding av naturlige, \u00f8kologiske oljer beriket med betakaroten, proteiner, vitaminer og urteekstrakter. Denne universaloljen er spesielt utviklet for \u00e5 forynge h\u00e5ret, revitalisere hodebunnen og gi n\u00e6ring til huden. <\/p>\n<p>HVORDAN BRUKER DU DEN<\/p>\n<div class=\"cc-accordion-item__panel\">\n<div class=\"cc-accordion-item__content rte cf\">\n<p><span class=\"metafield-multi_line_text_field\">Masseres inn i h\u00e5r og hodebunn daglig, og fordeles forsiktig og jevnt. Som varm oljebehandling &#8211; Varm opp til varm temperatur (ikke kokende). T\u00f8rk h\u00e5ret med h\u00e5ndkle, og p\u00e5f\u00f8r deretter. Dekk til h\u00e5ret med et varmt h\u00e5ndkle eller en plasthette i 10 minutter. Fjern overfl\u00f8dig olje og style h\u00e5ret som \u00f8nsket.    <\/span><\/p>\n<p>FORDELER<\/p>\n<div class=\"cc-accordion-item__panel\">\n<div class=\"cc-accordion-item__content rte cf\">\n<p><span class=\"metafield-multi_line_text_field\">Fukter og gjenoppretter t\u00f8rt h\u00e5r og hud. Forynger h\u00e5ret, revitaliserer hodebunnen og gir n\u00e6ring til huden. Hjelper med \u00e5 eliminere flassing og kl\u00f8e. Brukes i v\u00e5tt eller t\u00f8rt h\u00e5r.   <\/span><\/p>\n<p>INGREDIENSER<\/p>\n<div class=\"cc-accordion-item__panel\">\n<div class=\"cc-accordion-item__content rte cf\">\n<p><span class=\"metafield-multi_line_text_field\">Glycine Soja (soyab\u00f8nne) olje, Daucus Carota Sativa rotekstrakt, Ricinus Communis (Castor) fr\u00f8olje, Olea Europaea (oliven) fruktolje, Juglans Regia (valn\u00f8tt) fr\u00f8olje, Simmondsia Chinensis (Jojoba) fr\u00f8olje,TBHQ, parfyme, Melaleuca Alternifolia (TeaTree) bladolje, Carthamus Tinctorius fr\u00f8olje, tokoferol, Actinidia Chinensis (Kiwi) fruktekstrakt, sitronsyre, Salvia Officinalis bladekstrakt, Chondrus Crispus Extract, Calendula OfficinalisFlower Extract, Achillea Millefolium Extract, Cucumis Sativus Fruit Extract, ChamomillaRecutita Extract, Thymus Vulgaris Extract, PanaxGinseng Root Extract, Symphytum OfficinaleLeaf Extract, Aloe Barbadensis, TocopherylAcetate, Benzyl Benzoate, Limonene, BenzylSalicylate, Hydroxycitronellal, Benzyl Alcohol<\/span><\/p>\n<\/div>\n<\/div>\n<\/div>\n<\/div>\n<\/div>\n<\/div>\n","protected":false},"excerpt":{"rendered":"<p>Originals by Africa&#8217;s Best\u00ae Carrot &amp; Tea Tree Oil Therapy er en spesiell blanding av naturlige, \u00f8kologiske oljer beriket med betakaroten, proteiner, vitaminer og urteekstrakter. Denne universaloljen er spesielt utviklet for \u00e5 forynge h\u00e5ret, revitalisere hodebunnen og gi n\u00e6ring til huden. <\/p>\n","protected":false},"featured_media":9925,"comment_status":"open","ping_status":"closed","template":"","meta":[],"product_brand":[1314],"product_cat":[1511],"product_tag":[],"class_list":{"0":"post-9944","1":"product","2":"type-product","3":"status-publish","4":"has-post-thumbnail","6":"product_brand-africas-best","7":"product_cat-sprayer-serum-og-oljer","9":"first","10":"instock","11":"shipping-taxable","12":"purchasable","13":"product-type-simple"},"_links":{"self":[{"href":"https:\/\/yohannaa.com\/no\/wp-json\/wp\/v2\/product\/9944","targetHints":{"allow":["GET"]}}],"collection":[{"href":"https:\/\/yohannaa.com\/no\/wp-json\/wp\/v2\/product"}],"about":[{"href":"https:\/\/yohannaa.com\/no\/wp-json\/wp\/v2\/types\/product"}],"replies":[{"embeddable":true,"href":"https:\/\/yohannaa.com\/no\/wp-json\/wp\/v2\/comments?post=9944"}],"wp:featuredmedia":[{"embeddable":true,"href":"https:\/\/yohannaa.com\/no\/wp-json\/wp\/v2\/media\/9925"}],"wp:attachment":[{"href":"https:\/\/yohannaa.com\/no\/wp-json\/wp\/v2\/media?parent=9944"}],"wp:term":[{"taxonomy":"product_brand","embeddable":true,"href":"https:\/\/yohannaa.com\/no\/wp-json\/wp\/v2\/product_brand?post=9944"},{"taxonomy":"product_cat","embeddable":true,"href":"https:\/\/yohannaa.com\/no\/wp-json\/wp\/v2\/product_cat?post=9944"},{"taxonomy":"product_tag","embeddable":true,"href":"https:\/\/yohannaa.com\/no\/wp-json\/wp\/v2\/product_tag?post=9944"}],"curies":[{"name":"wp","href":"https:\/\/api.w.org\/{rel}","templated":true}]}}