{"id":9887,"date":"2025-03-28T20:48:55","date_gmt":"2025-03-28T20:48:55","guid":{"rendered":"https:\/\/yohannaa.com\/shop\/aloe-whipped-butter-gel\/"},"modified":"2025-03-28T20:48:55","modified_gmt":"2025-03-28T20:48:55","slug":"aloe-whipped-butter-gel","status":"publish","type":"product","link":"https:\/\/yohannaa.com\/no\/shop\/harpleie\/harstyling\/stylinggele\/aloe-whipped-butter-gel\/","title":{"rendered":"Aloe Whipped Butter Gel"},"content":{"rendered":"<p>En myk, sm\u00f8raktig stylinggel\u00e9 med en blanding av oljer og ekstrakter som er skreddersydd for \u00e5 gi fuktighet og effektivt hold.<\/p>\n<p>V\u00e5r Aloe Whipped Butter Gel er et sm\u00f8r tilsatt rike ekstrakter av aloe vera gel, macadamiafr\u00f8olje og fruktplanter. Den brukes som stylinggel og tilf\u00f8rer viktige n\u00e6ringsstoffer for \u00e5 beskytte hodebunn og h\u00e5r. Opplev luksuri\u00f8s h\u00e5rvekst og minimer h\u00e5rbrudd ved jevnlig bruk.  <\/p>\n<div>\n<p>N\u00f8kkelingredienser:<\/p>\n<\/div>\n<div class=\"content wysiwyg\">\n<div class=\"metafield-rich_text_field\">\n<p>Macadamiafr\u00f8olje forsegler h\u00e5rstr\u00e5ene og bidrar til \u00e5 forebygge brudd.<\/p>\n<p>Mandelekstrakter er en rik kilde til magnesium som pleier hodebunnen og h\u00e5rspissene.<\/p>\n<p>Aloe Vera hjelper til med \u00e5 holde p\u00e5 fuktigheten og fremmer h\u00e5rvekst.<\/p>\n<div>\n<p>Fullstendige ingredienser:<\/p>\n<\/div>\n<div class=\"content wysiwyg\">\n<div class=\"metafield-rich_text_field\">\n<p>Avionisert vann (Aqua) tilsatt Aloe Barbadensis Leaf Juice, Aloe Barbadensis (Aloe Vera Gel), Cetearyl Alcohol, Behentrimonium Methosulfate (BTMS), Ricinus Communis (Castor) Seed Oil, Macadamia Ternifolia (Macadamia) Seed Oil, Persea Gratissima (Avocado) Oil, Prunus Amygdalus Dulcis (Sweet Almond) Oil, Simmondsia Chinensis (jojobafr\u00f8olje), Cetylalkohol, Camellia Sinensis (gr\u00f8nn te)-bladekstrakt, Ulmus Fulva (glatt alm)-barkekstrakt, Rosmarinus Officinalis (rosmarin)-bladekstrakt, tokoferylacetat (vitamin E), askorbinsyre (vitamin C), panthenol, fenoksyetanol\/kaprylylglykol (optiphen) og ftalatfri parfyme.<\/p>\n<p>Slik bruker du den:<\/p>\n<p>P\u00e5f\u00f8r jevnt med fingrene i nyrenset h\u00e5r mens du setter \u00f8nsket stil. Den kan ogs\u00e5 brukes som <a href=\"https:\/\/www.camillerose.com\/products\/curl-love-moisture-milk\" target=\"_blank\" rel=\"noopener\">leave-in-balsam i kr\u00f8llete h\u00e5r<\/a> som trenger fuktighet og definisjon. I t\u00f8rt h\u00e5r kan du spraye med vann og bruke Aloe Whipped Butter Gel til \u00e5 forme frisyren p\u00e5 plass.  <\/p>\n<p>&nbsp;<\/p>\n<\/div>\n<\/div>\n<\/div>\n<\/div>\n","protected":false},"excerpt":{"rendered":"<p>En myk, sm\u00f8raktig stylinggel\u00e9 med en blanding av oljer og ekstrakter som er skreddersydd for \u00e5 gi fuktighet og effektivt hold.<\/p>\n<p>V\u00e5r Aloe Whipped Butter Gel er et sm\u00f8r tilsatt rike ekstrakter av aloe vera gel, macadamiafr\u00f8olje og fruktplanter. Den brukes som stylinggel og tilf\u00f8rer viktige n\u00e6ringsstoffer for \u00e5 beskytte hodebunn og h\u00e5r. Opplev luksuri\u00f8s h\u00e5rvekst og minimer h\u00e5rbrudd ved jevnlig bruk.  <\/p>\n","protected":false},"featured_media":9884,"comment_status":"open","ping_status":"closed","template":"","meta":[],"product_brand":[1221],"product_cat":[1469,1597],"product_tag":[],"class_list":{"0":"post-9887","1":"product","2":"type-product","3":"status-publish","4":"has-post-thumbnail","6":"product_brand-camille-rose","7":"product_cat-harstyling","8":"product_cat-stylinggele","10":"first","11":"instock","12":"shipping-taxable","13":"purchasable","14":"product-type-simple"},"_links":{"self":[{"href":"https:\/\/yohannaa.com\/no\/wp-json\/wp\/v2\/product\/9887","targetHints":{"allow":["GET"]}}],"collection":[{"href":"https:\/\/yohannaa.com\/no\/wp-json\/wp\/v2\/product"}],"about":[{"href":"https:\/\/yohannaa.com\/no\/wp-json\/wp\/v2\/types\/product"}],"replies":[{"embeddable":true,"href":"https:\/\/yohannaa.com\/no\/wp-json\/wp\/v2\/comments?post=9887"}],"wp:featuredmedia":[{"embeddable":true,"href":"https:\/\/yohannaa.com\/no\/wp-json\/wp\/v2\/media\/9884"}],"wp:attachment":[{"href":"https:\/\/yohannaa.com\/no\/wp-json\/wp\/v2\/media?parent=9887"}],"wp:term":[{"taxonomy":"product_brand","embeddable":true,"href":"https:\/\/yohannaa.com\/no\/wp-json\/wp\/v2\/product_brand?post=9887"},{"taxonomy":"product_cat","embeddable":true,"href":"https:\/\/yohannaa.com\/no\/wp-json\/wp\/v2\/product_cat?post=9887"},{"taxonomy":"product_tag","embeddable":true,"href":"https:\/\/yohannaa.com\/no\/wp-json\/wp\/v2\/product_tag?post=9887"}],"curies":[{"name":"wp","href":"https:\/\/api.w.org\/{rel}","templated":true}]}}