{"id":9873,"date":"2025-03-26T20:21:05","date_gmt":"2025-03-26T20:21:05","guid":{"rendered":"https:\/\/yohannaa.com\/shop\/camille-rose-black-castor-oil-chebe-buttercream\/"},"modified":"2025-05-16T22:43:30","modified_gmt":"2025-05-16T22:43:30","slug":"camille-rose-black-castor-oil-chebe-buttercream","status":"publish","type":"product","link":"https:\/\/yohannaa.com\/no\/shop\/harpleie\/fuktighetskremer-for-haret\/fuktighetsgivende-krem-og-lotion\/camille-rose-black-castor-oil-chebe-buttercream\/","title":{"rendered":"Camille Rose Black Castor Oil + Chebe Buttercream"},"content":{"rendered":"<p>Et rikt oljekremsm\u00f8r som gir fuktighet til tykkere teksturer og holder stilen p\u00e5 plass.<\/p>\n<div>\n<p>Fullstendige ingredienser:<\/p>\n<\/div>\n<div class=\"content wysiwyg\">\n<div class=\"metafield-rich_text_field\">\n<p>Avionisert vann (Aqua), Cocos Nucifera (kokosn\u00f8tt) olje, glyserin, Brassicyl Isoleucinate Esylate Cetearyl Alcohol, Ricinus Communis (Black Castor) fr\u00f8olje, Butyrospermum Parkii (Shea) sm\u00f8r, Theobroma Cacao (Kakao) fr\u00f8sm\u00f8r, Diheptyl Succinate, Brassica Alcohol, Capryloylglyserin\/sampolymer av sebacinsyre, kapryl\/kaprisk triglyserid, Croton Zambesicus (Chebe)-pulver, svart te-ekstrakt, curcumin, Oryza Sativa (ris)klivoks, fenoksyetanol (Optiphen ND), etylheksylglyserin, ftalatfri parfyme og Love!<\/p>\n<div>\n<p>Slik bruker du den:<\/p>\n<\/div>\n<div class=\"content wysiwyg\">\n<div class=\"metafield-rich_text_field\">\n<p>Del opp h\u00e5ret og p\u00e5f\u00f8r sjener\u00f8st p\u00e5 nyvasket og pleiet h\u00e5r. Kan brukes til \u00e5 fukte h\u00e5ret og sette fletter, snodder og bantuknuter. <\/p>\n<\/div>\n<\/div>\n<\/div>\n<\/div>\n","protected":false},"excerpt":{"rendered":"<p>Et rikt oljekremsm\u00f8r som gir fuktighet til tykkere teksturer og holder stilen p\u00e5 plass.<\/p>\n","protected":false},"featured_media":9872,"comment_status":"open","ping_status":"closed","template":"","meta":[],"product_brand":[1221],"product_cat":[1521,1520],"product_tag":[],"class_list":{"0":"post-9873","1":"product","2":"type-product","3":"status-publish","4":"has-post-thumbnail","6":"product_brand-camille-rose","7":"product_cat-fuktighetsgivende-krem-og-lotion","8":"product_cat-fuktighetskremer-for-haret","10":"first","11":"instock","12":"shipping-taxable","13":"purchasable","14":"product-type-simple"},"_links":{"self":[{"href":"https:\/\/yohannaa.com\/no\/wp-json\/wp\/v2\/product\/9873","targetHints":{"allow":["GET"]}}],"collection":[{"href":"https:\/\/yohannaa.com\/no\/wp-json\/wp\/v2\/product"}],"about":[{"href":"https:\/\/yohannaa.com\/no\/wp-json\/wp\/v2\/types\/product"}],"replies":[{"embeddable":true,"href":"https:\/\/yohannaa.com\/no\/wp-json\/wp\/v2\/comments?post=9873"}],"wp:featuredmedia":[{"embeddable":true,"href":"https:\/\/yohannaa.com\/no\/wp-json\/wp\/v2\/media\/9872"}],"wp:attachment":[{"href":"https:\/\/yohannaa.com\/no\/wp-json\/wp\/v2\/media?parent=9873"}],"wp:term":[{"taxonomy":"product_brand","embeddable":true,"href":"https:\/\/yohannaa.com\/no\/wp-json\/wp\/v2\/product_brand?post=9873"},{"taxonomy":"product_cat","embeddable":true,"href":"https:\/\/yohannaa.com\/no\/wp-json\/wp\/v2\/product_cat?post=9873"},{"taxonomy":"product_tag","embeddable":true,"href":"https:\/\/yohannaa.com\/no\/wp-json\/wp\/v2\/product_tag?post=9873"}],"curies":[{"name":"wp","href":"https:\/\/api.w.org\/{rel}","templated":true}]}}