{"id":9868,"date":"2025-03-26T19:29:48","date_gmt":"2025-03-26T19:29:48","guid":{"rendered":"https:\/\/yohannaa.com\/shop\/black-castor-oil-chebe-repair\/"},"modified":"2025-05-16T22:43:31","modified_gmt":"2025-05-16T22:43:31","slug":"black-castor-oil-chebe-repair","status":"publish","type":"product","link":"https:\/\/yohannaa.com\/no\/shop\/harpleie\/sprayer-serum-og-oljer\/black-castor-oil-chebe-repair\/","title":{"rendered":"Camille Rose Black Castor Oil + Chebe Repair"},"content":{"rendered":"<p>En ren svart ricinusolje tilsatt Chebe som fremmer vekst, forbedrer glansen drastisk og styrker h\u00e5rstr\u00e5ene innenfra.<\/p>\n<div>\n<p>Fullstendige ingredienser:<\/p>\n<\/div>\n<div class=\"content wysiwyg\">\n<div class=\"metafield-rich_text_field\">\n<p>Ricinus Communis (svart ricinus) fr\u00f8olje, Cocos Nucifera (kokosn\u00f8tt) olje, Croton Zambesicus (Chebe) pulver, ftalatfri parfyme og kj\u00e6rlighet!<\/p>\n<div>\n<p>Slik bruker du den:<\/p>\n<\/div>\n<div class=\"content wysiwyg\">\n<div class=\"metafield-rich_text_field\">\n<p>P\u00e5f\u00f8r i v\u00e5tt eller t\u00f8rt h\u00e5r. Bruk 2-3 dr\u00e5per og masser forsiktig inn i hodebunnen og kantene. P\u00e5f\u00f8r to ganger (2X) per dag for en merkbar forskjell i vekst og tykkelse. F\u00f8lg opp med dine favoritt stylingprodukter fra Camille Rose.   <\/p>\n<\/div>\n<\/div>\n<\/div>\n<\/div>\n","protected":false},"excerpt":{"rendered":"<p>En ren svart ricinusolje tilsatt Chebe som fremmer vekst, forbedrer glansen drastisk og styrker h\u00e5rstr\u00e5ene innenfra.<\/p>\n","protected":false},"featured_media":9867,"comment_status":"open","ping_status":"closed","template":"","meta":[],"product_brand":[1221],"product_cat":[1511],"product_tag":[],"class_list":{"0":"post-9868","1":"product","2":"type-product","3":"status-publish","4":"has-post-thumbnail","6":"product_brand-camille-rose","7":"product_cat-sprayer-serum-og-oljer","9":"first","10":"instock","11":"shipping-taxable","12":"purchasable","13":"product-type-simple"},"_links":{"self":[{"href":"https:\/\/yohannaa.com\/no\/wp-json\/wp\/v2\/product\/9868","targetHints":{"allow":["GET"]}}],"collection":[{"href":"https:\/\/yohannaa.com\/no\/wp-json\/wp\/v2\/product"}],"about":[{"href":"https:\/\/yohannaa.com\/no\/wp-json\/wp\/v2\/types\/product"}],"replies":[{"embeddable":true,"href":"https:\/\/yohannaa.com\/no\/wp-json\/wp\/v2\/comments?post=9868"}],"wp:featuredmedia":[{"embeddable":true,"href":"https:\/\/yohannaa.com\/no\/wp-json\/wp\/v2\/media\/9867"}],"wp:attachment":[{"href":"https:\/\/yohannaa.com\/no\/wp-json\/wp\/v2\/media?parent=9868"}],"wp:term":[{"taxonomy":"product_brand","embeddable":true,"href":"https:\/\/yohannaa.com\/no\/wp-json\/wp\/v2\/product_brand?post=9868"},{"taxonomy":"product_cat","embeddable":true,"href":"https:\/\/yohannaa.com\/no\/wp-json\/wp\/v2\/product_cat?post=9868"},{"taxonomy":"product_tag","embeddable":true,"href":"https:\/\/yohannaa.com\/no\/wp-json\/wp\/v2\/product_tag?post=9868"}],"curies":[{"name":"wp","href":"https:\/\/api.w.org\/{rel}","templated":true}]}}