{"id":9863,"date":"2025-03-23T20:01:42","date_gmt":"2025-03-23T20:01:42","guid":{"rendered":"https:\/\/yohannaa.com\/shop\/skala-mais-cachos-hair-treatment-conditioning-2in1-1000-g\/"},"modified":"2025-11-08T21:23:17","modified_gmt":"2025-11-08T21:23:17","slug":"skala-mais-cachos-hair-treatment-conditioning-2in1-1000-g","status":"publish","type":"product","link":"https:\/\/yohannaa.com\/no\/shop\/harpleie\/balsam\/skala-mais-cachos-hair-treatment-conditioning-2in1-1000-g\/","title":{"rendered":"Skala Mais Cachos 2in1 Co-Wash Treatment"},"content":{"rendered":"<p>Skala Mais Cachos 2in1 Co-Wash Treatment 1000g er en h\u00e5rkur som er utviklet for \u00e5 rense og pleie kr\u00f8llete og krusete h\u00e5r uten \u00e5 strippe h\u00e5ret for dets naturlige oljer. H\u00e5rkuren er rik p\u00e5 maisolje og sheasm\u00f8r, som bidrar til \u00e5 fukte h\u00e5ret og forsterke det naturlige kr\u00f8llm\u00f8nsteret. Formelen er fri for sulfater, silikoner og parabener, noe som gj\u00f8r den egnet for de med sensitiv hodebunn.  <\/p>\n<p><b>Skala Mais Cachos 2in1 Co-Wash Treatment har tre spesielle egenskaper:<\/b><\/p>\n<ul>\n<li>Det er en 2-i-1-formel som b\u00e5de renser og pleier, noe som gj\u00f8r den til en tidsbesparende l\u00f8sning for deg med kr\u00f8llete og krusete h\u00e5r.<\/li>\n<li>Formelen er beriket med maisolje og sheasm\u00f8r, som gir fuktighet til h\u00e5ret og forsterker det naturlige kr\u00f8llm\u00f8nsteret.<\/li>\n<li>Den er fri for sulfater, silikoner og parabener, noe som gj\u00f8r den egnet for de med sensitiv hodebunn og de som er ute etter en mer naturlig h\u00e5rpleiel\u00f8sning.<\/li>\n<\/ul>\n<p>Ideell for h\u00e5r: Alle typer kr\u00f8ller.<\/p>\n<p>D-PANTHENOL: Styrke og fuktighet.<\/p>\n<p>RIK OLJE: Styrker og hjelper til med \u00e5 bekjempe fall ved \u00e5 bryte tr\u00e5dene.<\/p>\n<p>SHEA BUTTER: Ekstrem n\u00e6ring, garanterer lysstyrke og fuktighet.<\/p>\n<p>Slik bruker du den:<\/p>\n<p>Kan brukes i stedet for tradisjonelle balsamprodukter.<\/p>\n<p>P\u00e5f\u00f8r i vasket h\u00e5r og masser veke for veke over hele lengden p\u00e5 tr\u00e5dene.<\/p>\n<p>La det virke i 3 minutter. Skyll av. For bedre resultat, bruk en termisk hette\/laminat i 15 minutter.   Skyll.<\/p>\n<p><span class=\"summary__title\"><span class=\"accordion__title\">Inhaltsstoffe &amp; Warnhinweise<\/span><\/span><\/p>\n<div class=\"accordion__content custom__liquid-template--23821443006728__main rte\">\n<p><span class=\"metafield-multi_line_text_field\">Aqua, Cetearyl Alcohol, Cetrimonium Chloride, Stearamidopropyldimethylamine, Shea Butter Cetyl Esters, Parfum, Glycerin, Ricinus communis (Castor Bean) Seed Oil, Methylchloroisothiazolinone (and) Methylisothiazolinone, Argania Spinosa Seed Oil, Citric Acid, Acetate tocopheryl, panthenol, coumarin, linalool.<\/span><\/p>\n<p>&nbsp;<\/p>\n<\/div>\n","protected":false},"excerpt":{"rendered":"<p>skala corn Cachos Hair Treatment Conditioning 2in1 1000 g<\/p>\n<p>Formelen med n\u00e6ringsrike ingredienser gir fuktighet og l\u00f8sner kr\u00f8llete, krusete, veldig krusete eller overgangsh\u00e5r.<\/p>\n<p>Ideell for h\u00e5r: Alle typer kr\u00f8ller.<\/p>\n<p>D-PANTHENOL: Styrke og fuktighet.<\/p>\n<p>RIK OLJE: Styrker og hjelper til med \u00e5 bekjempe fall ved \u00e5 bryte tr\u00e5dene.<\/p>\n<p>SHEA BUTTER: Ekstrem n\u00e6ring, garanterer lysstyrke og fuktighet.<\/p>\n<p>Slik bruker du den:<\/p>\n<p>Kan brukes i stedet for tradisjonelle balsamprodukter.<\/p>\n<p>P\u00e5f\u00f8r i vasket h\u00e5r og masser veke for veke over hele lengden p\u00e5 tr\u00e5dene.<\/p>\n<p>La det virke i 3 minutter. Skyll av. For bedre resultat, bruk en termisk hette\/laminat i 15 minutter.   Skyll.<\/p>\n","protected":false},"featured_media":9862,"comment_status":"open","ping_status":"closed","template":"","meta":[],"product_brand":[2438],"product_cat":[1489,1618],"product_tag":[],"class_list":{"0":"post-9863","1":"product","2":"type-product","3":"status-publish","4":"has-post-thumbnail","6":"product_brand-skala","7":"product_cat-balsam","8":"product_cat-fuktighetsgivende-balsam","10":"first","11":"outofstock","12":"shipping-taxable","13":"product-type-simple"},"_links":{"self":[{"href":"https:\/\/yohannaa.com\/no\/wp-json\/wp\/v2\/product\/9863","targetHints":{"allow":["GET"]}}],"collection":[{"href":"https:\/\/yohannaa.com\/no\/wp-json\/wp\/v2\/product"}],"about":[{"href":"https:\/\/yohannaa.com\/no\/wp-json\/wp\/v2\/types\/product"}],"replies":[{"embeddable":true,"href":"https:\/\/yohannaa.com\/no\/wp-json\/wp\/v2\/comments?post=9863"}],"wp:featuredmedia":[{"embeddable":true,"href":"https:\/\/yohannaa.com\/no\/wp-json\/wp\/v2\/media\/9862"}],"wp:attachment":[{"href":"https:\/\/yohannaa.com\/no\/wp-json\/wp\/v2\/media?parent=9863"}],"wp:term":[{"taxonomy":"product_brand","embeddable":true,"href":"https:\/\/yohannaa.com\/no\/wp-json\/wp\/v2\/product_brand?post=9863"},{"taxonomy":"product_cat","embeddable":true,"href":"https:\/\/yohannaa.com\/no\/wp-json\/wp\/v2\/product_cat?post=9863"},{"taxonomy":"product_tag","embeddable":true,"href":"https:\/\/yohannaa.com\/no\/wp-json\/wp\/v2\/product_tag?post=9863"}],"curies":[{"name":"wp","href":"https:\/\/api.w.org\/{rel}","templated":true}]}}