{"id":9854,"date":"2025-03-13T20:17:04","date_gmt":"2025-03-13T20:17:04","guid":{"rendered":"https:\/\/yohannaa.com\/shop\/camille-jansyns-moisture-max-conditioner\/"},"modified":"2025-03-13T20:17:04","modified_gmt":"2025-03-13T20:17:04","slug":"camille-jansyns-moisture-max-conditioner","status":"publish","type":"product","link":"https:\/\/yohannaa.com\/no\/shop\/harpleie\/balsam\/fuktighetsgivende-balsam\/camille-jansyns-moisture-max-conditioner\/","title":{"rendered":"Camille Jansyn&#8217;s Moisture Max Conditioner"},"content":{"rendered":"<p>En fuktighetsgivende balsam med kakaoaroma og vitaminer som reduserer forekomsten av kl\u00f8yvde tupper og frizz.<\/p>\n<p>Med utgangspunkt i en rik base av shea- og kakaosm\u00f8r tilf\u00f8rer vi kokosmelk, jomfru kokosolje og aloe vera-saft for \u00e5 fukte og reparere h\u00e5ret. V\u00e5r fuktighetsgivende balsam er rik p\u00e5 vitamin E, og er ideell for naturlig, farget eller kjemisk behandlet h\u00e5r. Kj\u00f8p v\u00e5r <a href=\"https:\/\/www.camillerose.com\/products\/curl-love-moisture-milk\" target=\"_blank\" rel=\"noopener\">leave-in-balsam for kr\u00f8llete h\u00e5r<\/a> for ekstra fuktighet og beskyttelse.  <\/p>\n<div>\n<p>Viktige ingredienser<\/p>\n<\/div>\n<div class=\"content wysiwyg\">\n<div class=\"metafield-rich_text_field\">\n<p>Kokosmelk gjenoppretter t\u00f8rt, svekket, spr\u00f8tt og skadet h\u00e5r.<\/p>\n<p>Aloe Vera er en viktig ingrediens som hjelper til med \u00e5 holde p\u00e5 fuktigheten og fremmer h\u00e5rets vekst og glans.<\/p>\n<div>\n<p>Fullstendige ingredienser<\/p>\n<\/div>\n<div class=\"content wysiwyg\">\n<div class=\"metafield-rich_text_field\">\n<p>destillert vann, kokosn\u00f8ttmelk, aloe barbadensis bladjuice, kokosn\u00f8ttolje, kakaosm\u00f8r, butyrospermum parkii (sheasm\u00f8r), simmondsia chinensia (jojaba-olje), prunus amygdalus dulcis (s\u00f8tmandelolje), olea europea (olivenolje), ricins communis (ricinusfr\u00f8olje), bitus vinifera (druefr\u00f8olje), bitus vinifera (druefr\u00f8olje), prunus amygdalus dulcis (s\u00f8tmandel) olje, olea europea (oliven) olje, ricins communis (ricinus) fr\u00f8olje, bitus vinifera (druekjerne) olje, oenothera biennis (nattlysolje) olje, rosa canina (nype) olje, althaea officinalis (marshmallow) rotekstrakt, equisetum arvense (hestehov) bladekstrakt, urtica dioica (brennesle) bladekstrakt, behentrimoniummetosulfat (BTMS), cetearylalkohol, mentha piperita (peppermynte) olje, klorid tokoferol (vitamin E), fenoksyetanol og kaprylylglykol (optifen), frangrance, sitronsyre<\/p>\n<div>\n<p>Hvordan bruke<\/p>\n<\/div>\n<div class=\"content wysiwyg\">\n<div class=\"metafield-rich_text_field\">\n<p>P\u00e5f\u00f8r en rikelig mengde i v\u00e5tt h\u00e5r, og red ut h\u00e5ret med en bredtannet kam eller fingrene. La virke i 3-5 minutter. Skyll med kaldt vann og t\u00f8rk forsiktig med et h\u00e5ndkle. For best resultat, avslutt med dine favoritt stylingprodukter fra Camille Rose Naturals, for eksempel en <a href=\"https:\/\/www.camillerose.com\/products\/spiked-honey-mousse-4-in-1-styler\" target=\"_blank\" rel=\"noopener\">h\u00e5rstylingmousse<\/a>.   <\/p>\n<\/div>\n<\/div>\n<\/div>\n<\/div>\n<\/div>\n<\/div>\n","protected":false},"excerpt":{"rendered":"<p>En fuktighetsgivende balsam med kakaoaroma og vitaminer som reduserer forekomsten av kl\u00f8yvde tupper og frizz.<\/p>\n<p>Med utgangspunkt i en rik base av shea- og kakaosm\u00f8r tilf\u00f8rer vi kokosmelk, jomfru kokosolje og aloe vera-saft for \u00e5 fukte og reparere h\u00e5ret. V\u00e5r fuktighetsgivende balsam er rik p\u00e5 vitamin E, og er ideell for naturlig, farget eller kjemisk behandlet h\u00e5r. Kj\u00f8p v\u00e5r <a href=\"https:\/\/www.camillerose.com\/products\/curl-love-moisture-milk\">leave-in-balsam for kr\u00f8llete h\u00e5r<\/a> for ekstra fuktighet og beskyttelse.  <\/p>\n","protected":false},"featured_media":9853,"comment_status":"open","ping_status":"closed","template":"","meta":[],"product_brand":[1221],"product_cat":[1618],"product_tag":[],"class_list":{"0":"post-9854","1":"product","2":"type-product","3":"status-publish","4":"has-post-thumbnail","6":"product_brand-camille-rose","7":"product_cat-fuktighetsgivende-balsam","9":"first","10":"instock","11":"shipping-taxable","12":"purchasable","13":"product-type-simple"},"_links":{"self":[{"href":"https:\/\/yohannaa.com\/no\/wp-json\/wp\/v2\/product\/9854","targetHints":{"allow":["GET"]}}],"collection":[{"href":"https:\/\/yohannaa.com\/no\/wp-json\/wp\/v2\/product"}],"about":[{"href":"https:\/\/yohannaa.com\/no\/wp-json\/wp\/v2\/types\/product"}],"replies":[{"embeddable":true,"href":"https:\/\/yohannaa.com\/no\/wp-json\/wp\/v2\/comments?post=9854"}],"wp:featuredmedia":[{"embeddable":true,"href":"https:\/\/yohannaa.com\/no\/wp-json\/wp\/v2\/media\/9853"}],"wp:attachment":[{"href":"https:\/\/yohannaa.com\/no\/wp-json\/wp\/v2\/media?parent=9854"}],"wp:term":[{"taxonomy":"product_brand","embeddable":true,"href":"https:\/\/yohannaa.com\/no\/wp-json\/wp\/v2\/product_brand?post=9854"},{"taxonomy":"product_cat","embeddable":true,"href":"https:\/\/yohannaa.com\/no\/wp-json\/wp\/v2\/product_cat?post=9854"},{"taxonomy":"product_tag","embeddable":true,"href":"https:\/\/yohannaa.com\/no\/wp-json\/wp\/v2\/product_tag?post=9854"}],"curies":[{"name":"wp","href":"https:\/\/api.w.org\/{rel}","templated":true}]}}