{"id":9843,"date":"2025-03-08T20:34:59","date_gmt":"2025-03-08T20:34:59","guid":{"rendered":"https:\/\/yohannaa.com\/shop\/camille-rose-honey-dew-liquid-moisture-refresher\/"},"modified":"2025-05-16T22:43:31","modified_gmt":"2025-05-16T22:43:31","slug":"camille-rose-honey-dew-liquid-moisture-refresher","status":"publish","type":"product","link":"https:\/\/yohannaa.com\/no\/shop\/harpleie\/harstyling\/styling-balsam\/camille-rose-honey-dew-liquid-moisture-refresher\/","title":{"rendered":"Camille Rose Honey Dew &#8211; Liquid Moisture Refresher"},"content":{"rendered":"<p>Camille Rose Honey Dew &#8211; Liquid Moisture Refresher: En h\u00e5rspray med honning og brenneslerot som tilf\u00f8rer fuktighet og beroliger naturlig h\u00e5r.<\/p>\n<p>Gi h\u00e5ret nytt liv med n\u00e6rende ingredienser som passer for alle h\u00e5rtyper. V\u00e5r h\u00e5rfris\u00f8rspray er allsidig, enten du fukter nyvasket h\u00e5r eller tilf\u00f8rer mer fuktighet til beskyttende frisyrer. <\/p>\n<div>\n<p>Viktige ingredienser<\/p>\n<\/div>\n<div class=\"content wysiwyg\">\n<div class=\"metafield-rich_text_field\">\n<p>Honning inneholder vitaminer, mineraler, aminosyrer og antioksidanter som bidrar til \u00e5 holde h\u00e5ret sunt og velstelt.<\/p>\n<p>Brenneslerot fremmer h\u00e5rets gjenvekst og er ogs\u00e5 rik p\u00e5 silisiumdioksyd og svovel, som kan bidra til \u00e5 gj\u00f8re h\u00e5ret blankere og sunnere.<\/p>\n<div>\n<p>Fullstendige ingredienser<\/p>\n<\/div>\n<div class=\"content wysiwyg\">\n<div class=\"metafield-rich_text_field\">\n<p>Vann (Aqua), Oryza Sativa (risvann) ekstrakt, glyserin, Urtica Dioica (brennesle) ekstrakt honning (Mel) villblomst og Kl\u00f8ver, Polysorbat 20, Aloe Barbadensis Leaf Juice, Cetrimonium Chloride, Ricinus communis (Castor Beans) Oil, Polyquaternium-37, Orbignya Oleifera (Babassu) Seed Oil, Polyquaternium 6, Phenoxyethanol (Optiphen ND), Ethylhexylglycerin, og Ftalatfri duft<\/p>\n<div>\n<p>Hvordan bruke<\/p>\n<\/div>\n<div class=\"content wysiwyg\">\n<div class=\"metafield-rich_text_field\">\n<p>Spray i hele h\u00e5ret f\u00f8r du styler om eller fluffer kr\u00f8ller. Kan brukes til \u00e5 gi nytt liv til wash-and-go&#8217;s eller tilf\u00f8re fuktighet til beskyttende frisyrer. <\/p>\n<\/div>\n<\/div>\n<\/div>\n<\/div>\n<\/div>\n<\/div>\n","protected":false},"excerpt":{"rendered":"<p>En h\u00e5rspray med honning og brenneslerot som tilf\u00f8rer fuktighet og beroliger naturlig h\u00e5r.<\/p>\n<p>Gi h\u00e5ret nytt liv med n\u00e6rende ingredienser som passer for alle h\u00e5rtyper. V\u00e5r h\u00e5rfris\u00f8rspray er allsidig, enten du fukter nyvasket h\u00e5r eller tilf\u00f8rer mer fuktighet til beskyttende frisyrer. <\/p>\n","protected":false},"featured_media":9840,"comment_status":"open","ping_status":"closed","template":"","meta":[],"product_brand":[1221],"product_cat":[1894],"product_tag":[],"class_list":{"0":"post-9843","1":"product","2":"type-product","3":"status-publish","4":"has-post-thumbnail","6":"product_brand-camille-rose","7":"product_cat-styling-balsam","9":"first","10":"instock","11":"shipping-taxable","12":"purchasable","13":"product-type-simple"},"_links":{"self":[{"href":"https:\/\/yohannaa.com\/no\/wp-json\/wp\/v2\/product\/9843","targetHints":{"allow":["GET"]}}],"collection":[{"href":"https:\/\/yohannaa.com\/no\/wp-json\/wp\/v2\/product"}],"about":[{"href":"https:\/\/yohannaa.com\/no\/wp-json\/wp\/v2\/types\/product"}],"replies":[{"embeddable":true,"href":"https:\/\/yohannaa.com\/no\/wp-json\/wp\/v2\/comments?post=9843"}],"wp:featuredmedia":[{"embeddable":true,"href":"https:\/\/yohannaa.com\/no\/wp-json\/wp\/v2\/media\/9840"}],"wp:attachment":[{"href":"https:\/\/yohannaa.com\/no\/wp-json\/wp\/v2\/media?parent=9843"}],"wp:term":[{"taxonomy":"product_brand","embeddable":true,"href":"https:\/\/yohannaa.com\/no\/wp-json\/wp\/v2\/product_brand?post=9843"},{"taxonomy":"product_cat","embeddable":true,"href":"https:\/\/yohannaa.com\/no\/wp-json\/wp\/v2\/product_cat?post=9843"},{"taxonomy":"product_tag","embeddable":true,"href":"https:\/\/yohannaa.com\/no\/wp-json\/wp\/v2\/product_tag?post=9843"}],"curies":[{"name":"wp","href":"https:\/\/api.w.org\/{rel}","templated":true}]}}