{"id":9834,"date":"2025-03-01T20:24:19","date_gmt":"2025-03-01T20:24:19","guid":{"rendered":"https:\/\/yohannaa.com\/shop\/rosemary-mint-strengthening-conditioner-355-ml\/"},"modified":"2025-03-01T20:24:19","modified_gmt":"2025-03-01T20:24:19","slug":"rosemary-mint-strengthening-conditioner-355-ml","status":"publish","type":"product","link":"https:\/\/yohannaa.com\/no\/shop\/harpleie\/balsam\/strengthening-n-thickening-conditioner-no\/rosemary-mint-strengthening-conditioner-355-ml\/","title":{"rendered":"Rosemary Mint Strengthening Conditioner 355 ml"},"content":{"rendered":"<p>V\u00e5r <strong>Rosemary Mint Strengthening Conditioner <\/strong>gir den perfekte balansen mellom styrke og fuktighet for \u00e5 forbedre h\u00e5rets og hodebunnens generelle tilstand. Mykner og l\u00f8sner h\u00e5ret umiddelbart for \u00f8kt h\u00e5ndterbarhet. Bidrar til lengre og sunnere h\u00e5r.  <\/p>\n<p><strong>Fordeler:<\/strong><\/p>\n<ul>\n<li>Fra den mest solgte oljen som styrker hodebunnen og h\u00e5ret<\/li>\n<li>Gir den perfekte balansen mellom styrke og fuktighet<\/li>\n<li>Tilf\u00f8rt biotin og gir fantastisk glans<\/li>\n<li>Mykgj\u00f8r og l\u00f8sner \u00f8yeblikkelig<\/li>\n<li>Bidrar til lengre og sunnere h\u00e5r<\/li>\n<li>INGEN NEI: Parabener, sulfater, parafiner, mineralolje, DEA, dyrefors\u00f8k<\/li>\n<\/ul>\n<p><strong>12 oz | Formulert for alle h\u00e5rtyper<\/strong><\/p>\n<p><strong>Ingredienser:<\/strong><\/p>\n<p>Vann, Cetearylalkohol, Polyquaternium-7, Caprylic\/Capric Triglyceride, Behentrimonium Chloride, C12-15 Alkyl Benzoate, Fragrance (Parfum), Persea Gratissima (Avocado) Oil, PPG-3 Myristyl Ether, Biotin, Butyrospermum Parkii (Shea) Butter, Cocos Nucifera (Cocos Nucifera) Oil, Rosmarinus Officinalis (Rosemary) Leaf Oil, Mentha Piperita (peppermynte) olje, Olea Europaea (oliven) fruktolje, Panthenol, Behentrimonium Methosulfate, Diheptyl Succinate Capryloyl Glycerin\/Sebacic Acid Copolymer, Cetyl Alcohol, C10-40 Isoalkylamidopropylethyldimonium Ethosulfate, Phenoxyethanol, Benzoic Acid, Ethylhexylglycerin, Glycereth-2 Cocoate, Disodium EDTA, Tocopherol<\/p>\n<p><strong>Slik bruker du den:<\/strong><\/p>\n<p>Etter sjamponering med Rosemary Mint Shampoo, p\u00e5f\u00f8r Rosemary Mint Strengthening Conditioner i fuktig h\u00e5r. Red forsiktig ut med en bredtannet kam fra tuppene til roten for jevn fordeling. La virke i h\u00e5ret i 5-10 minutter. Skyll grundig. F\u00f8lg opp med Rosemary Mint Strengthening Leave-In Conditioner.    <\/p>\n","protected":false},"excerpt":{"rendered":"<p>V\u00e5r <strong>Rosemary Mint Strengthening Conditioner <\/strong>gir den perfekte balansen mellom styrke og fuktighet for \u00e5 forbedre h\u00e5rets og hodebunnens generelle tilstand. Mykner og l\u00f8sner h\u00e5ret umiddelbart for \u00f8kt h\u00e5ndterbarhet. Bidrar til lengre og sunnere h\u00e5r.  <\/p>\n","protected":false},"featured_media":9827,"comment_status":"open","ping_status":"closed","template":"","meta":[],"product_brand":[1305],"product_cat":[1489,1544],"product_tag":[],"class_list":{"0":"post-9834","1":"product","2":"type-product","3":"status-publish","4":"has-post-thumbnail","6":"product_brand-mielle","7":"product_cat-balsam","8":"product_cat-strengthening-n-thickening-conditioner-no","10":"first","11":"instock","12":"shipping-taxable","13":"purchasable","14":"product-type-simple"},"_links":{"self":[{"href":"https:\/\/yohannaa.com\/no\/wp-json\/wp\/v2\/product\/9834","targetHints":{"allow":["GET"]}}],"collection":[{"href":"https:\/\/yohannaa.com\/no\/wp-json\/wp\/v2\/product"}],"about":[{"href":"https:\/\/yohannaa.com\/no\/wp-json\/wp\/v2\/types\/product"}],"replies":[{"embeddable":true,"href":"https:\/\/yohannaa.com\/no\/wp-json\/wp\/v2\/comments?post=9834"}],"wp:featuredmedia":[{"embeddable":true,"href":"https:\/\/yohannaa.com\/no\/wp-json\/wp\/v2\/media\/9827"}],"wp:attachment":[{"href":"https:\/\/yohannaa.com\/no\/wp-json\/wp\/v2\/media?parent=9834"}],"wp:term":[{"taxonomy":"product_brand","embeddable":true,"href":"https:\/\/yohannaa.com\/no\/wp-json\/wp\/v2\/product_brand?post=9834"},{"taxonomy":"product_cat","embeddable":true,"href":"https:\/\/yohannaa.com\/no\/wp-json\/wp\/v2\/product_cat?post=9834"},{"taxonomy":"product_tag","embeddable":true,"href":"https:\/\/yohannaa.com\/no\/wp-json\/wp\/v2\/product_tag?post=9834"}],"curies":[{"name":"wp","href":"https:\/\/api.w.org\/{rel}","templated":true}]}}