{"id":9824,"date":"2025-02-01T18:31:09","date_gmt":"2025-02-01T18:31:09","guid":{"rendered":"https:\/\/yohannaa.com\/shop\/rosemary-mint-hair-strengthening-edge-gel\/"},"modified":"2025-02-01T18:31:09","modified_gmt":"2025-02-01T18:31:09","slug":"rosemary-mint-hair-strengthening-edge-gel","status":"publish","type":"product","link":"https:\/\/yohannaa.com\/no\/shop\/harpleie\/harstyling\/stylinggele\/rosemary-mint-hair-strengthening-edge-gel\/","title":{"rendered":"Rosemary Mint Hair Strengthening Edge Gel"},"content":{"rendered":"<p>Kantene dine kan v\u00e6re \u00f8mfintlige. Form og glatt dem slik du vil, samtidig som du tilf\u00f8rer dem styrke og viktige n\u00e6ringsstoffer med Mielle Organics&#8217; <strong>Rosemary Mint Strengthening Edge Gel<\/strong>! Med biotin og ingredienser som kokosn\u00f8tt- og babassufr\u00f8olje gir denne kantgelen deg det holdet du trenger sammen med den n\u00e6ringen h\u00e5ret ditt har lengtet etter. Du vil elske f\u00f8lelsen &#8211; og den herlige duften av rosmarin og mynte &#8211; og h\u00e5ret ditt vil elske deg for at du bruker en edge gel med sunt hold i tankene.  <\/p>\n<p><strong>Fordeler:<\/strong><\/p>\n<ul>\n<li>Gir intens glans og fuktighet<\/li>\n<li>St\u00f8tter sunne kanter<\/li>\n<li>Tilsatt biotin<\/li>\n<\/ul>\n<p><strong>2 oz. | Laget med sertifiserte \u00f8kologiske ingredienser <\/strong><\/p>\n<p><strong>Ingredienser:<\/strong><\/p>\n<p>Vann (Aqua, Eau), Ceteareth-25, glyserin, PEG-7 glyserylkokosat, PEG-40 hydrogenert ricinusolje, propylenglykol, etylheksylglyserin, Olea Europaea (oliven) fruktolje, Mentha Piperita (peppermynte) olje, Rosmarinus Officinalis (rosmarin) bladolje, Equisetum Arvense (hestehov) ekstrakt, *Orbignya Oleifera (Babassu) fr\u00f8olje, *Zingiber Officinale (ingef\u00e6r) rotolje, *Kokosn\u00f8ttolje (Cocos Nucifera), honning, biotin, Lawsonia Inermis (henna)-ekstrakt, Rosmarinus Officinalis (rosmarin)-bladekstrakt, Humulus Lupulus (humle)-ekstrakt, Urtica Dioica (brennesle)-ekstrakt, Fenoksyetanol, Anthemis Nobilis (kamille) blomsterekstrakt, Symphytum Officinale (Comfrey) bladekstrakt, benzosyre, glycereth-2-kokosat, duft (parfyme)<\/p>\n<p>*SERTIFISERTE \u00d8KOLOGISKE INGREDIENSER.<\/p>\n<p><strong>Slik bruker du den:<\/strong><\/p>\n<p>P\u00e5f\u00f8r gelen p\u00e5 kantene og glatt ut med fingertuppene eller en b\u00f8rste for \u00f8nsket hold.<\/p>\n","protected":false},"excerpt":{"rendered":"<p>Kantene dine kan v\u00e6re \u00f8mfintlige. Form og glatt dem slik du vil, samtidig som du tilf\u00f8rer dem styrke og viktige n\u00e6ringsstoffer med Mielle Organics&#8217; <strong>Rosemary Mint Strengthening Edge Gel<\/strong>! Med biotin og ingredienser som kokosn\u00f8tt- og babassufr\u00f8olje gir denne kantgelen deg det holdet du trenger sammen med n\u00e6ringen h\u00e5ret ditt har lengtet etter. Du vil elske f\u00f8lelsen &#8211; og den herlige duften av rosmarin og mynte &#8211; og h\u00e5ret ditt vil elske deg for at du bruker en edge gel med sunt hold i tankene.  <\/p>\n","protected":false},"featured_media":9815,"comment_status":"open","ping_status":"closed","template":"","meta":[],"product_brand":[],"product_cat":[1597],"product_tag":[],"class_list":{"0":"post-9824","1":"product","2":"type-product","3":"status-publish","4":"has-post-thumbnail","6":"product_cat-stylinggele","8":"first","9":"instock","10":"shipping-taxable","11":"purchasable","12":"product-type-simple"},"_links":{"self":[{"href":"https:\/\/yohannaa.com\/no\/wp-json\/wp\/v2\/product\/9824","targetHints":{"allow":["GET"]}}],"collection":[{"href":"https:\/\/yohannaa.com\/no\/wp-json\/wp\/v2\/product"}],"about":[{"href":"https:\/\/yohannaa.com\/no\/wp-json\/wp\/v2\/types\/product"}],"replies":[{"embeddable":true,"href":"https:\/\/yohannaa.com\/no\/wp-json\/wp\/v2\/comments?post=9824"}],"wp:featuredmedia":[{"embeddable":true,"href":"https:\/\/yohannaa.com\/no\/wp-json\/wp\/v2\/media\/9815"}],"wp:attachment":[{"href":"https:\/\/yohannaa.com\/no\/wp-json\/wp\/v2\/media?parent=9824"}],"wp:term":[{"taxonomy":"product_brand","embeddable":true,"href":"https:\/\/yohannaa.com\/no\/wp-json\/wp\/v2\/product_brand?post=9824"},{"taxonomy":"product_cat","embeddable":true,"href":"https:\/\/yohannaa.com\/no\/wp-json\/wp\/v2\/product_cat?post=9824"},{"taxonomy":"product_tag","embeddable":true,"href":"https:\/\/yohannaa.com\/no\/wp-json\/wp\/v2\/product_tag?post=9824"}],"curies":[{"name":"wp","href":"https:\/\/api.w.org\/{rel}","templated":true}]}}