{"id":9812,"date":"2025-03-01T18:00:59","date_gmt":"2025-03-01T18:00:59","guid":{"rendered":"https:\/\/yohannaa.com\/shop\/rosemary-mint-strengthening-leave-in-conditioner-355-ml\/"},"modified":"2025-03-01T18:00:59","modified_gmt":"2025-03-01T18:00:59","slug":"rosemary-mint-strengthening-leave-in-conditioner-355-ml","status":"publish","type":"product","link":"https:\/\/yohannaa.com\/no\/shop\/harpleie\/balsam\/leave-in-balsam\/rosemary-mint-strengthening-leave-in-conditioner-355-ml\/","title":{"rendered":"Rosemary Mint Strengthening Leave-In Conditioner 355 ml"},"content":{"rendered":"<p><strong>Rosemary Mint Strengthening Leave-In Conditioner<\/strong> er utviklet for \u00e5 m\u00f8te h\u00e5rets behov. Denne leave-in-kuren er tilsatt biotin og rosmarin, og gir fuktighet samtidig som den beskytter og fukter. <\/p>\n<p><strong>Fordeler:<\/strong><\/p>\n<ul>\n<li>Tilsatt biotin<\/li>\n<li>Fantastisk glans<\/li>\n<li>Holder p\u00e5 fuktigheten<\/li>\n<\/ul>\n<p><strong>  12 fl oz | Laget for alle h\u00e5rtyper<\/strong><\/p>\n<p><strong>Ingredienser:<\/strong><\/p>\n<p>Ingredienser: Vann, glyserin, Behentrimonium Methosulfate, Cetearyl Alcohol, Stearyl Alcohol, Prunus Amygdalus Dulcis (Sweet Almond) Oil, Cetyl Alcohol, Triethyl Citrate, Olea Europaea (Olive) Fruit Oil, duft, biotin, Persea Gratissima (avokadoolje), Sesamum Indicum (sesamfr\u00f8olje), Ceteareth-20, Rosmarinus Officinalis (rosmarinbladolje), Zingiber Officinale (ingef\u00e6rrotolje), Mentha Piperita (peppermynte) olje, propylenglykol, Chamomilla Recutita (matricaria) blomsterekstrakt, Vaccinium Myrtillus frukt-\/bladekstrakt, Saccharum Officinarum (sukkerr\u00f8r) ekstrakt, Citrus Aurantium Dulcis (appelsin) fruktekstrakt, Citrus Limon (sitron) fruktekstrakt, Acer Saccharum (sukkerl\u00f8nn) ekstrakt, fenoksyetanol, kaprylylglykol, polysorbat 20<\/p>\n<p><strong>Slik bruker du den:<\/strong><\/p>\n<p><strong>Bruksanvisning<\/strong>: P\u00e5f\u00f8r en sjener\u00f8s mengde i oppdelt h\u00e5r. Arbeid produktet gjennom med \u00f8nsket detanglingverkt\u00f8y. Ikke skyll ut produktet, la det virke.  <\/p>\n","protected":false},"excerpt":{"rendered":"<p><strong>Rosemary Mint Strengthening Leave-In Conditioner<\/strong> er utviklet for \u00e5 m\u00f8te h\u00e5rets behov. Denne leave-in-kuren er tilsatt biotin og rosmarin, og gir fuktighet samtidig som den beskytter og fukter. <\/p>\n","protected":false},"featured_media":9803,"comment_status":"open","ping_status":"closed","template":"","meta":[],"product_brand":[1305],"product_cat":[1490],"product_tag":[],"class_list":{"0":"post-9812","1":"product","2":"type-product","3":"status-publish","4":"has-post-thumbnail","6":"product_brand-mielle","7":"product_cat-leave-in-balsam","9":"first","10":"instock","11":"shipping-taxable","12":"purchasable","13":"product-type-simple"},"_links":{"self":[{"href":"https:\/\/yohannaa.com\/no\/wp-json\/wp\/v2\/product\/9812","targetHints":{"allow":["GET"]}}],"collection":[{"href":"https:\/\/yohannaa.com\/no\/wp-json\/wp\/v2\/product"}],"about":[{"href":"https:\/\/yohannaa.com\/no\/wp-json\/wp\/v2\/types\/product"}],"replies":[{"embeddable":true,"href":"https:\/\/yohannaa.com\/no\/wp-json\/wp\/v2\/comments?post=9812"}],"wp:featuredmedia":[{"embeddable":true,"href":"https:\/\/yohannaa.com\/no\/wp-json\/wp\/v2\/media\/9803"}],"wp:attachment":[{"href":"https:\/\/yohannaa.com\/no\/wp-json\/wp\/v2\/media?parent=9812"}],"wp:term":[{"taxonomy":"product_brand","embeddable":true,"href":"https:\/\/yohannaa.com\/no\/wp-json\/wp\/v2\/product_brand?post=9812"},{"taxonomy":"product_cat","embeddable":true,"href":"https:\/\/yohannaa.com\/no\/wp-json\/wp\/v2\/product_cat?post=9812"},{"taxonomy":"product_tag","embeddable":true,"href":"https:\/\/yohannaa.com\/no\/wp-json\/wp\/v2\/product_tag?post=9812"}],"curies":[{"name":"wp","href":"https:\/\/api.w.org\/{rel}","templated":true}]}}