{"id":9800,"date":"2025-02-14T20:42:23","date_gmt":"2025-02-14T20:42:23","guid":{"rendered":"https:\/\/yohannaa.com\/shop\/rosmarin-mint-strengthening-hair-masque-340-ml\/"},"modified":"2025-02-28T20:42:23","modified_gmt":"2025-02-28T20:42:23","slug":"rosmarin-mint-strengthening-hair-masque-340-ml","status":"publish","type":"product","link":"https:\/\/yohannaa.com\/no\/shop\/harpleie\/harmaske\/rosmarin-mint-strengthening-hair-masque-340-ml\/","title":{"rendered":"Rosmarin Mint Strengthening Hair Masque 340 ml"},"content":{"rendered":"<p>Fortjener h\u00e5ret ditt litt ekstra kj\u00e6rlighet? Legg til Mielle&#8217;s <strong>Rosemary Mint Strengthening Hair Masque<\/strong> i rutinen din! Denne n\u00e6ringsrike formelen er laget for \u00e5 gi dyp fuktighet og sunn styrke. Med ingredienser som rosmarin, sesamfr\u00f8olje, honning og kokosn\u00f8ttolje gir denne h\u00e5rkuren den fuktigheten og n\u00e6ringen h\u00e5ret ditt har lengtet etter.   <\/p>\n<p><strong>Fordeler:<\/strong><\/p>\n<ul>\n<li>Utviklet for \u00e5 m\u00f8te h\u00e5rets st\u00f8rste behov<\/li>\n<li>Laget med sertifiserte \u00f8kologiske ingredienser<\/li>\n<li>Tilsatt biotin<\/li>\n<\/ul>\n<p><strong>12 oz | Laget for alle h\u00e5rtyper<\/strong><\/p>\n<p><strong>Ingredienser:<\/strong><\/p>\n<p>Vann (Aqua, Eau), Behentrimonium Methosulfate, Cetearyl Alcohol, Aloe Barbadensis Leaf Juice (Decolorized), Prunus Amygdalus Dulcis (Sweet Almond) Oil, Helianthus Annuus (Sunflower) Seed Oil, Olea Europaea (Olive) Fruit Oil, Copernicia Cerifera (Carnauba) Wax, Polysorbate-20, Macadamia Integrifolia-fr\u00f8olje, glyserylstearat, butyrospermum parkii (sheasm\u00f8r), tokoferylacetat, *orbignya oleifera (babassu) fr\u00f8olje, *ingef\u00e6rrotolje (ingef\u00e6r), *kokosn\u00f8ttolje (kokosn\u00f8tt), panthenol, fytantriol, mentha piperita-olje, Rosmarinus Officinalis (rosmarin) bladolje, Simmondsia Chinensis (jojoba) fr\u00f8olje, Ricinus Communis (ricinus) fr\u00f8olje, Equisetum Arvense (hestehov) ekstrakt, Lawsonia Inermis (henna) ekstrakt, Rosmarinus Officinalis (rosmarin) bladekstrakt, Anthemis Nobilis (kamille) blomsterekstrakt, Symphytum Officinale (Comfrey Leaves) Extract, Humulus Lupulus (Humle) Extract, Urtica Dioica (Nettle) Extract, Honey, Biotin, Cetrimonium Chloride, Sesamum Indicum (Sesam) Seed Oil, Phenoxyethanol, Benzoic Acid, Ethylhexylglycerin, Glycereth-2 Cocoate<\/p>\n<p>*SERTIFISERTE \u00d8KOLOGISKE INGREDIENSER: *Zingiber Officinale (ingef\u00e6r) rotolje, *Cocos Nucifera (kokosn\u00f8tt) olje<\/p>\n<p><strong>Slik bruker du den:<\/strong><\/p>\n<p>Etter sjamponering med Rosemary Mint Strengthening Shampoo, fordeles jevnt i fuktig h\u00e5r fra r\u00f8ttene til spissene. La virke i 15-20 minutter. Skyll grundig.  <\/p>\n","protected":false},"excerpt":{"rendered":"<p>Fortjener h\u00e5ret ditt litt ekstra kj\u00e6rlighet? Legg til Mielle&#8217;s <strong>Rosemary Mint Strengthening Hair Masque<\/strong> i rutinen din! Denne n\u00e6ringsrike formelen er laget for \u00e5 gi dyp fuktighet og sunn styrke. Med ingredienser som rosmarin, sesamfr\u00f8olje, honning og kokosn\u00f8ttolje gir denne h\u00e5rkuren den fuktigheten og n\u00e6ringen h\u00e5ret ditt har lengtet etter.   <\/p>\n","protected":false},"featured_media":9793,"comment_status":"open","ping_status":"closed","template":"","meta":[],"product_brand":[1305],"product_cat":[2437,1488],"product_tag":[],"class_list":{"0":"post-9800","1":"product","2":"type-product","3":"status-publish","4":"has-post-thumbnail","6":"product_brand-mielle","7":"product_cat-harmaske","8":"product_cat-harpleie","10":"first","11":"instock","12":"shipping-taxable","13":"purchasable","14":"product-type-simple"},"_links":{"self":[{"href":"https:\/\/yohannaa.com\/no\/wp-json\/wp\/v2\/product\/9800","targetHints":{"allow":["GET"]}}],"collection":[{"href":"https:\/\/yohannaa.com\/no\/wp-json\/wp\/v2\/product"}],"about":[{"href":"https:\/\/yohannaa.com\/no\/wp-json\/wp\/v2\/types\/product"}],"replies":[{"embeddable":true,"href":"https:\/\/yohannaa.com\/no\/wp-json\/wp\/v2\/comments?post=9800"}],"wp:featuredmedia":[{"embeddable":true,"href":"https:\/\/yohannaa.com\/no\/wp-json\/wp\/v2\/media\/9793"}],"wp:attachment":[{"href":"https:\/\/yohannaa.com\/no\/wp-json\/wp\/v2\/media?parent=9800"}],"wp:term":[{"taxonomy":"product_brand","embeddable":true,"href":"https:\/\/yohannaa.com\/no\/wp-json\/wp\/v2\/product_brand?post=9800"},{"taxonomy":"product_cat","embeddable":true,"href":"https:\/\/yohannaa.com\/no\/wp-json\/wp\/v2\/product_cat?post=9800"},{"taxonomy":"product_tag","embeddable":true,"href":"https:\/\/yohannaa.com\/no\/wp-json\/wp\/v2\/product_tag?post=9800"}],"curies":[{"name":"wp","href":"https:\/\/api.w.org\/{rel}","templated":true}]}}