{"id":9789,"date":"2025-02-28T20:06:01","date_gmt":"2025-02-28T20:06:01","guid":{"rendered":"https:\/\/yohannaa.com\/shop\/rosemary-mint-daily-styling-creme-240-ml\/"},"modified":"2025-02-28T20:06:01","modified_gmt":"2025-02-28T20:06:01","slug":"rosemary-mint-daily-styling-creme-240-ml","status":"publish","type":"product","link":"https:\/\/yohannaa.com\/no\/shop\/harpleie\/harstyling\/rosemary-mint-daily-styling-creme-240-ml\/","title":{"rendered":"Rosemary Mint Daily Styling Cr\u00e9me 240 ml"},"content":{"rendered":"<p>Mielle&#8217;s <strong>Rosemary Mint Daily Styling Creme<\/strong> er en gel\u00e9krem med to funksjoner som hjelper deg med \u00e5 oppn\u00e5 feilfrie frisyrer og sunnere h\u00e5r! Den gir ogs\u00e5 beskyttelse mot frizz og godt hold for alle favorittfrisyrene dine! Og som om ikke det er nok, dufter den ogs\u00e5 fantastisk. Gi h\u00e5ret ditt den n\u00e6ringen det fortjener hver dag med v\u00e5r Rosemary Mint Daily Styling Creme i dag!   <\/p>\n<p><strong>Fordeler:<\/strong><\/p>\n<ul>\n<li>Lett formel<\/li>\n<li>Tilsatt biotin<\/li>\n<li>Brukes daglig til twist-outs, fletter og wash-and-go-stiler<\/li>\n<\/ul>\n<p><strong>8 fl. oz. | P\u00e5f\u00f8res i fuktig eller t\u00f8rt h\u00e5r  <\/strong><\/p>\n<p><strong>Ingredienser:<\/strong><\/p>\n<p>Vann (Aqua, Eau), sorbitol, akrylat\/steareth-20 metakrylatkopolymer, Prunus Amygdalus Dulcis (s\u00f8t mandelolje), glyserin, aminometylpropanol, polysorbat-20, karbomer, Mentha Piperita (peppermynteolje), Rosmarinus Officinalis (rosmarin) bladolje, Dinatrium EDTA, Aloe Barbadensis bladjuice (avfarget), Panthenol, *Orbignya Oleifera (Babassu) fr\u00f8olje, *Zingiber Officinale (ingef\u00e6r) rotolje, *Kokosn\u00f8ttolje (Cocos Nucifera), Equisetum Arvense (hestehovgress) ekstrakt, Lawsonia Inermis (henna) ekstrakt, Rosmarinus Officinalis (rosmarin) bladekstrakt, Anthemis Nobilis (kamille) blomsterekstrakt, Symphytum Officinale (Comfrey) Leaves Extract, Humulus Lupulus (Humle) Extract, Urtica Dioica (Nettle) Extract, Honey, Biotin, Phenoxyethanol, Benzoic Acid, Ethylhexyl-glycerin, Glycereth-2 Cocoate<br \/>\n*KERTIFISERTE \u00d8KOLOGISKE INGREDIENSER.<\/p>\n<p><strong>Slik bruker du den:<\/strong><\/p>\n<p>Del opp h\u00e5ret og p\u00e5f\u00f8r produktet i fuktig eller t\u00f8rt h\u00e5r. Ikke skyll ut. Styl h\u00e5ret som \u00f8nsket. For best resultat, bruk som en daglig stylingkrem for twist-outs, fletter og wash-and-go-stiler.   <\/p>\n","protected":false},"excerpt":{"rendered":"<p>Mielle&#8217;s <strong>Rosemary Mint Daily Styling Creme<\/strong> er en gel\u00e9krem med to funksjoner som hjelper deg med \u00e5 oppn\u00e5 feilfrie frisyrer og sunnere h\u00e5r! Den gir ogs\u00e5 beskyttelse mot frizz og godt hold for alle favorittfrisyrene dine! Og som om ikke det er nok, dufter den ogs\u00e5 fantastisk. Gi h\u00e5ret ditt den n\u00e6ringen det fortjener hver dag med v\u00e5r Rosemary Mint Daily Styling Creme i dag!   <\/p>\n","protected":false},"featured_media":9784,"comment_status":"open","ping_status":"closed","template":"","meta":[],"product_brand":[1305],"product_cat":[1488,1469],"product_tag":[],"class_list":{"0":"post-9789","1":"product","2":"type-product","3":"status-publish","4":"has-post-thumbnail","6":"product_brand-mielle","7":"product_cat-harpleie","8":"product_cat-harstyling","10":"first","11":"instock","12":"shipping-taxable","13":"purchasable","14":"product-type-simple"},"_links":{"self":[{"href":"https:\/\/yohannaa.com\/no\/wp-json\/wp\/v2\/product\/9789","targetHints":{"allow":["GET"]}}],"collection":[{"href":"https:\/\/yohannaa.com\/no\/wp-json\/wp\/v2\/product"}],"about":[{"href":"https:\/\/yohannaa.com\/no\/wp-json\/wp\/v2\/types\/product"}],"replies":[{"embeddable":true,"href":"https:\/\/yohannaa.com\/no\/wp-json\/wp\/v2\/comments?post=9789"}],"wp:featuredmedia":[{"embeddable":true,"href":"https:\/\/yohannaa.com\/no\/wp-json\/wp\/v2\/media\/9784"}],"wp:attachment":[{"href":"https:\/\/yohannaa.com\/no\/wp-json\/wp\/v2\/media?parent=9789"}],"wp:term":[{"taxonomy":"product_brand","embeddable":true,"href":"https:\/\/yohannaa.com\/no\/wp-json\/wp\/v2\/product_brand?post=9789"},{"taxonomy":"product_cat","embeddable":true,"href":"https:\/\/yohannaa.com\/no\/wp-json\/wp\/v2\/product_cat?post=9789"},{"taxonomy":"product_tag","embeddable":true,"href":"https:\/\/yohannaa.com\/no\/wp-json\/wp\/v2\/product_tag?post=9789"}],"curies":[{"name":"wp","href":"https:\/\/api.w.org\/{rel}","templated":true}]}}