{"id":9781,"date":"2025-01-28T19:23:00","date_gmt":"2025-01-28T19:23:00","guid":{"rendered":"https:\/\/yohannaa.com\/shop\/rosemary-mint-strengthening-shampoo-355-ml\/"},"modified":"2025-01-28T19:23:00","modified_gmt":"2025-01-28T19:23:00","slug":"rosemary-mint-strengthening-shampoo-355-ml","status":"publish","type":"product","link":"https:\/\/yohannaa.com\/no\/shop\/harpleie\/sjampo\/rosemary-mint-strengthening-shampoo-355-ml\/","title":{"rendered":"Rosemary Mint Strengthening Shampoo 355 ml"},"content":{"rendered":"<p>Mielle&#8217;s <strong>Rosemary Mint Strengthening Shampoo<\/strong> er utviklet for \u00e5 rense h\u00e5ret sk\u00e5nsomt samtidig som den tilf\u00f8rer viktige n\u00e6ringsstoffer. Med h\u00e5rstyrkende biotin og ingredienser som kokosn\u00f8tt- og babassufr\u00f8olje kan du f\u00e5 svakt eller skj\u00f8rt h\u00e5r tilbake fra avgrunnen. Denne styrkende sjampoen f\u00f8les og lukter ikke bare godt, den tilf\u00f8rer ogs\u00e5 intens fuktighet til alle h\u00e5rtyper og gir uovertruffen glid. Litt er nok med denne h\u00e5rstyrkende sjampoen, som fungerer utmerket sammen med v\u00e5r Rosemary Mint Strengthening Hair Masque!   <\/p>\n<p><strong>Fordeler:<\/strong><\/p>\n<ul>\n<li>Tilsatt biotin<\/li>\n<li>Renser og beskytter h\u00e5ret sk\u00e5nsomt<\/li>\n<li>Lukter godt!<\/li>\n<\/ul>\n<p><strong>12 fl. oz. | Laget med sertifiserte \u00f8kologiske ingredienser  <\/strong><\/p>\n<p><strong>Ingredienser:<\/strong><\/p>\n<p>Vann (Aqua, Eau), Sodium C14-16 Olefin Sulfonate, Cocamidopropyl Betaine, Polyquaternium-7, Cocamide MIPA, Glycol Stearate, Polyquaternium-10, Panthenol, Propylene Glycol, Mentha Piperita (Peppermint) Oil, Rosmarinus Officinalis (rosmarin) bladolje, Dinatrium EDTA, Phytantriol, *Orbignya Oleifera (Babassu) fr\u00f8olje, *Zingiber Officinale (ingef\u00e6r) rotolje, *Cocos Nucifera (kokosn\u00f8tt) olje, Equisetum Arvense (hestehovgress) ekstrakt, Lawsonia Inermis (henna)-ekstrakt, Rosmarinus Officinalis (rosmarin)-bladekstrakt, Anthemis Nobilis (kamille)-blomstekstrakt, Symphytum Officinale (Comfrey)-bladekstrakt, Humulus Lupulus (humle)-ekstrakt, Urtica Dioica (brennesle) ekstrakt, honning, biotin, Ricinus Communis (ricinus) fr\u00f8olje, fenoksyetanol, benzosyre, etylheksylglyserin, glycereth-2-kokosat, parfyme (Parfum) *sertifisert \u00f8kologisk ingrediens<\/p>\n<p>*SERTIFISERTE \u00d8KOLOGISKE INGREDIENSER.<\/p>\n<p><strong>Slik bruker du den:<\/strong><\/p>\n<p>P\u00e5f\u00f8r en liten mengde i hendene og masser inn i v\u00e5tt h\u00e5r for \u00e5 f\u00e5 et rikt skum. Skyll grundig. Gjenta og f\u00f8lg opp med Rosemary Mint Strengthening Hair Masque.  <\/p>\n<p>&nbsp;<\/p>\n","protected":false},"excerpt":{"rendered":"<p>Mielle&#8217;s <strong>Rosemary Mint Strengthening Shampoo<\/strong> er utviklet for \u00e5 rense h\u00e5ret sk\u00e5nsomt samtidig som den tilf\u00f8rer viktige n\u00e6ringsstoffer. Med h\u00e5rstyrkende biotin og ingredienser som kokosn\u00f8tt- og babassufr\u00f8olje kan du f\u00e5 svakt eller skj\u00f8rt h\u00e5r tilbake fra avgrunnen. Denne styrkende sjampoen f\u00f8les og lukter ikke bare godt, den tilf\u00f8rer ogs\u00e5 intens fuktighet til alle h\u00e5rtyper og gir uovertruffen glid. Litt er nok med denne h\u00e5rstyrkende sjampoen, som fungerer utmerket sammen med v\u00e5r Rosemary Mint Strengthening Hair Masque!   <\/p>\n","protected":false},"featured_media":9776,"comment_status":"open","ping_status":"closed","template":"","meta":[],"product_brand":[1305],"product_cat":[1463],"product_tag":[],"class_list":{"0":"post-9781","1":"product","2":"type-product","3":"status-publish","4":"has-post-thumbnail","6":"product_brand-mielle","7":"product_cat-sjampo","9":"first","10":"instock","11":"shipping-taxable","12":"purchasable","13":"product-type-simple"},"_links":{"self":[{"href":"https:\/\/yohannaa.com\/no\/wp-json\/wp\/v2\/product\/9781","targetHints":{"allow":["GET"]}}],"collection":[{"href":"https:\/\/yohannaa.com\/no\/wp-json\/wp\/v2\/product"}],"about":[{"href":"https:\/\/yohannaa.com\/no\/wp-json\/wp\/v2\/types\/product"}],"replies":[{"embeddable":true,"href":"https:\/\/yohannaa.com\/no\/wp-json\/wp\/v2\/comments?post=9781"}],"wp:featuredmedia":[{"embeddable":true,"href":"https:\/\/yohannaa.com\/no\/wp-json\/wp\/v2\/media\/9776"}],"wp:attachment":[{"href":"https:\/\/yohannaa.com\/no\/wp-json\/wp\/v2\/media?parent=9781"}],"wp:term":[{"taxonomy":"product_brand","embeddable":true,"href":"https:\/\/yohannaa.com\/no\/wp-json\/wp\/v2\/product_brand?post=9781"},{"taxonomy":"product_cat","embeddable":true,"href":"https:\/\/yohannaa.com\/no\/wp-json\/wp\/v2\/product_cat?post=9781"},{"taxonomy":"product_tag","embeddable":true,"href":"https:\/\/yohannaa.com\/no\/wp-json\/wp\/v2\/product_tag?post=9781"}],"curies":[{"name":"wp","href":"https:\/\/api.w.org\/{rel}","templated":true}]}}