{"id":9748,"date":"2025-02-07T20:36:28","date_gmt":"2025-02-07T20:36:28","guid":{"rendered":"https:\/\/yohannaa.com\/shop\/dexe-anti-hair-loss-shampoo-500m\/"},"modified":"2025-02-07T20:36:28","modified_gmt":"2025-02-07T20:36:28","slug":"dexe-anti-hair-loss-shampoo-500m","status":"publish","type":"product","link":"https:\/\/yohannaa.com\/no\/shop\/harpleie\/sjampo\/balanserende-sjampo\/dexe-anti-hair-loss-shampoo-500m\/","title":{"rendered":"Dexe Anti-hair Loss Shampoo 500m"},"content":{"rendered":"<p>Dexe Anti-h\u00e5rtap sjampo \uff0c er ogs\u00e5 kalt stopp h\u00e5rtap og h\u00e5r gjenvekst sjampo, det er veldig varmt salg i Midt\u00f8sten, Dubai, Asia. Dette er en vanlig sjampo for sjamponering og behandling av h\u00e5rtap. Det er praktisk for daglig bruk og lett \u00e5 behandle h\u00e5rtap mens du sjamponerer. Og det inneholder tradisjonelle kinesiske medisiningredienser for \u00e5 behandle h\u00e5rtap. Det har ingen bivirkninger, kurerer symptomene og har ingen skade p\u00e5 menneskekroppen.    <\/p>\n<p>Hodebunn og h\u00e5r bidrar til et mikro\u00f8kosystem i kroppen; Dexe har funnet en m\u00e5te \u00e5 opprettholde balansen i dette systemet p\u00e5. I kombinasjon med massasje av akupunkturpunkter i hodet, ble en holistisk urteoppskrift som inneholder naturlige urteekstrakter av ginseng, kvanne, go ji, ingef\u00e6r og dodder inkludert for \u00e5 l\u00f8se hodebunns- og h\u00e5rproblemer p\u00e5 en grunnleggende m\u00e5te. <\/p>\n<p>1. Reduser fysisk og psykisk stress<\/p>\n<p>Stimulerer akupunkturpunktene, fremmer blodgjennomstr\u00f8mningen til hodebunnen for \u00e5 redusere stress.<\/p>\n<p>2. Lindrer hodebunnsproblemer<\/p>\n<p>N\u00e6rer hodebunnen og h\u00e5rsekkene og balanserer hodebunnens \u00f8kosystem for \u00e5 lindre problemer i hodebunnen, f.eks. fethet, t\u00f8rrhet, kl\u00f8e og flass.<\/p>\n<p>3. Beskytter og gir n\u00e6ring til h\u00e5ret<\/p>\n<p>Bremser aldersrelatert h\u00e5rtap og st\u00f8tter h\u00e5rveksten, noe som gir h\u00e5ret sunn glans og liv.<\/p>\n<p>Effekten av \u00e5 kurere h\u00e5rtap:<\/p>\n<p>1. Stopp tap innen en uke<\/p>\n<p>Rengj\u00f8r giftstoff av fett i h\u00e5rsekken hver dag, gjenvinne sunn h\u00e5rsekken innen 7 dager, aktiver h\u00e5rsekken, solid h\u00e5rrot, stopp h\u00e5rtap umiddelbart.<\/p>\n<p>2. Etter \u00e9n m\u00e5neds behandling<\/p>\n<p>H\u00e5rsekken mitose raskt etter 15 dagers n\u00e6ret, vokse ny glans h\u00e5r i l\u00f8pet av en m\u00e5ned.<\/p>\n<p>3. Etter tre m\u00e5neders behandling<\/p>\n<p>Vokse tykt nytt h\u00e5r etter 30 dager, h\u00e5ret vil bli sterkt gradvis, og h\u00e5ret vil fortsette \u00e5 vokse hvis du ser det hver dag. en blir to, to blir tre, h\u00e5ret ditt vil v\u00e6re veldig sterkt og tykt etter tre m\u00e5neder. <\/p>\n<p>Slik bruker du \uff1a.<\/p>\n<p>F\u00f8rst vasker du h\u00e5ret med v\u00e5r sjampo, akkurat som med hvilken som helst annen sjampo du bruker.<\/p>\n<p>For det andre, etter at h\u00e5ret ditt er t\u00f8rt, bruk v\u00e5r lotion med b\u00f8rsten for \u00e5 fukte hodebunnen din. Hvit flaske for dag og svart flaske for natt. <\/p>\n<p>Fordel:Fordel<\/p>\n<p>1\uff0e Praktisk. Brukes akkurat som vanlig sjampo og kan brukes hver dag n\u00e5r du har lyst til \u00e5 vaske h\u00e5ret.  <\/p>\n<p>2\uff0e Kostnadsbesparende. Bulkproduksjon fra fabrikk med konkurransedyktig pris for kunder, sammenlignet med andre anti-h\u00e5rtapsprodukter i markedet.  <\/p>\n<p>3\uff0e Trygt. Tradisjonell kinesisk medisinformel for \u00e5 gi n\u00e6ring til h\u00e5ret og hodebunnen. Kurere problemet med h\u00e5rtap en gang for alle.   <\/p>\n<p>&nbsp;<\/p>\n","protected":false},"excerpt":{"rendered":"<p>Dexe Anti-h\u00e5rtap sjampo \uff0c er ogs\u00e5 kalt stopp h\u00e5rtap og h\u00e5r gjenvekst sjampo, det er veldig varmt salg i Midt\u00f8sten, Dubai, Asia. Dette er en vanlig sjampo for sjamponering og behandling av h\u00e5rtap. Det er praktisk for daglig bruk og lett \u00e5 behandle h\u00e5rtap mens du sjamponerer. Og det inneholder tradisjonelle kinesiske medisiningredienser for \u00e5 behandle h\u00e5rtap. Det har ingen bivirkninger, kurerer symptomene og har ingen skade p\u00e5 menneskekroppen.    <\/p>\n","protected":false},"featured_media":9747,"comment_status":"open","ping_status":"closed","template":"","meta":[],"product_brand":[2148],"product_cat":[1625,1488,1463],"product_tag":[],"class_list":{"0":"post-9748","1":"product","2":"type-product","3":"status-publish","4":"has-post-thumbnail","6":"product_brand-dexe","7":"product_cat-balanserende-sjampo","8":"product_cat-harpleie","9":"product_cat-sjampo","11":"first","12":"instock","13":"shipping-taxable","14":"purchasable","15":"product-type-simple"},"_links":{"self":[{"href":"https:\/\/yohannaa.com\/no\/wp-json\/wp\/v2\/product\/9748","targetHints":{"allow":["GET"]}}],"collection":[{"href":"https:\/\/yohannaa.com\/no\/wp-json\/wp\/v2\/product"}],"about":[{"href":"https:\/\/yohannaa.com\/no\/wp-json\/wp\/v2\/types\/product"}],"replies":[{"embeddable":true,"href":"https:\/\/yohannaa.com\/no\/wp-json\/wp\/v2\/comments?post=9748"}],"wp:featuredmedia":[{"embeddable":true,"href":"https:\/\/yohannaa.com\/no\/wp-json\/wp\/v2\/media\/9747"}],"wp:attachment":[{"href":"https:\/\/yohannaa.com\/no\/wp-json\/wp\/v2\/media?parent=9748"}],"wp:term":[{"taxonomy":"product_brand","embeddable":true,"href":"https:\/\/yohannaa.com\/no\/wp-json\/wp\/v2\/product_brand?post=9748"},{"taxonomy":"product_cat","embeddable":true,"href":"https:\/\/yohannaa.com\/no\/wp-json\/wp\/v2\/product_cat?post=9748"},{"taxonomy":"product_tag","embeddable":true,"href":"https:\/\/yohannaa.com\/no\/wp-json\/wp\/v2\/product_tag?post=9748"}],"curies":[{"name":"wp","href":"https:\/\/api.w.org\/{rel}","templated":true}]}}