{"id":9713,"date":"2025-02-02T21:40:04","date_gmt":"2025-02-02T21:40:04","guid":{"rendered":"https:\/\/yohannaa.com\/shop\/cantu-protective-styles-set-og-refresh-foam-237-ml\/"},"modified":"2025-02-03T05:03:24","modified_gmt":"2025-02-03T05:03:24","slug":"cantu-protective-styles-set-og-refresh-foam-237-ml","status":"publish","type":"product","link":"https:\/\/yohannaa.com\/no\/shop\/harpleie\/harstyling\/stylingmousse\/cantu-protective-styles-set-og-refresh-foam-237-ml\/","title":{"rendered":"Cantu Protective Styles Set And Refresh Foam"},"content":{"rendered":"<p>Cantu Protective Styles Set And Refresh Foam 237 ml<\/p>\n<p>L\u00e5s fast stilen din med Cantu Protective Styles Set and Refresh Foam. Formelen er utviklet i samarbeid med den Emmy-prisvinnende fris\u00f8ren Angela Stevens, og kan brukes p\u00e5 naturlig h\u00e5r eller extensions for \u00e5 feste fletter og parykker, friske opp fletter og kr\u00f8llete extensions og glatte ut kantene. Moussen har middels hold og er beriket med eplecidereddik som renser og frisker opp hodebunnen samtidig som den tilf\u00f8rer fuktighet mellom h\u00e5rvaskene.  <\/p>\n<p>&nbsp;<\/p>\n<p><b>Ingredienser:<\/b><\/p>\n<div class=\"accordion__content custom__liquid-template--23821443006728__main rte\">\n<p><span class=\"metafield-multi_line_text_field\">Aqua\/vann, dekylglukosid, hydrolysert maisstivelse, kokosamidopropylbetain, peg-7 glyserylkokosat, pvp, Aloe Barbadensis (Aloevera) bladjuice (avfarget), Sclerocarya Birrea (Marula) fr\u00f8olje, panthenol (vitamin B5), tokoferylacetat (vitamin E), Eddiksyre (eplecidereddik), Althaea Officinalis (marshmallow) rotekstrakt, hydrolysert quinoa, fenoksyetanol, parfyme\/parfyme, cetrimoniumklorid, etylheksylglyserin, sitronsyre, glyserin, heksylkinnamal, linalool, kumarin, limonen, citronellol.<\/span><\/p>\n<p>&nbsp;<\/p>\n<p><strong>Hvordan bruke<\/strong><\/p>\n<\/div>\n<h5>Set &amp; Refresh Foam Hacks av Angela<\/h5>\n<ol>\n<li>P\u00e5f\u00f8r 2-3 pump p\u00e5 parykkens r\u00f8tter og kam h\u00e5ret i \u00f8nsket plassering, la det luftt\u00f8rke og style etter \u00f8nske.<\/li>\n<li>P\u00e5f\u00f8r sjener\u00f8st p\u00e5 r\u00f8ttene til lokkene f\u00f8r du tvinner dem p\u00e5 nytt.<\/li>\n<li>Frisk opp kr\u00f8llete h\u00e5rforlengelser og p\u00e5f\u00f8r rikelig i v\u00e5tt h\u00e5r eller direkte p\u00e5 t\u00f8rre, krusete omr\u00e5der. S\u00f8rg for at moussen er mettet p\u00e5 h\u00e5ret fra rot til topp, og la det luftt\u00f8rke eller t\u00f8rke med en diffuser. <\/li>\n<\/ol>\n<div class=\"accordion__content custom__liquid-template--23821443006728__main rte\">\n<p>.<\/p>\n<\/div>\n","protected":false},"excerpt":{"rendered":"<p>Cantu Protective Styles Set &amp; Refresh Foam er utviklet for \u00e5 fiksere flettede frisyrer og parykker, friske opp fletter og kr\u00f8llete h\u00e5rforlengelser og legge ned kanter &#8211; uten knas eller rester. Produktet gir middels hold og inneholder eplecidereddik for \u00e5 friske opp hodebunnen og redusere flassing og t\u00f8rrhet mellom sjampoer. Utviklet i samarbeid med kjendiseksperten Angela Stevens<br \/>\n-For bruk p\u00e5 naturlig h\u00e5r og extensions<br \/>\n-Ingen knas, flak eller alkohol<br \/>\n-Laget med eplecidereddik og aloe<br \/>\n-Setter stilen og frisker opp hodebunnen<br \/>\n-For parykker, fletter, vev og lokker <\/p>\n","protected":false},"featured_media":9712,"comment_status":"open","ping_status":"closed","template":"","meta":[],"product_brand":[1220],"product_cat":[1469,1619],"product_tag":[],"class_list":{"0":"post-9713","1":"product","2":"type-product","3":"status-publish","4":"has-post-thumbnail","6":"product_brand-cantu","7":"product_cat-harstyling","8":"product_cat-stylingmousse","10":"first","11":"instock","12":"shipping-taxable","13":"purchasable","14":"product-type-simple"},"_links":{"self":[{"href":"https:\/\/yohannaa.com\/no\/wp-json\/wp\/v2\/product\/9713","targetHints":{"allow":["GET"]}}],"collection":[{"href":"https:\/\/yohannaa.com\/no\/wp-json\/wp\/v2\/product"}],"about":[{"href":"https:\/\/yohannaa.com\/no\/wp-json\/wp\/v2\/types\/product"}],"replies":[{"embeddable":true,"href":"https:\/\/yohannaa.com\/no\/wp-json\/wp\/v2\/comments?post=9713"}],"wp:featuredmedia":[{"embeddable":true,"href":"https:\/\/yohannaa.com\/no\/wp-json\/wp\/v2\/media\/9712"}],"wp:attachment":[{"href":"https:\/\/yohannaa.com\/no\/wp-json\/wp\/v2\/media?parent=9713"}],"wp:term":[{"taxonomy":"product_brand","embeddable":true,"href":"https:\/\/yohannaa.com\/no\/wp-json\/wp\/v2\/product_brand?post=9713"},{"taxonomy":"product_cat","embeddable":true,"href":"https:\/\/yohannaa.com\/no\/wp-json\/wp\/v2\/product_cat?post=9713"},{"taxonomy":"product_tag","embeddable":true,"href":"https:\/\/yohannaa.com\/no\/wp-json\/wp\/v2\/product_tag?post=9713"}],"curies":[{"name":"wp","href":"https:\/\/api.w.org\/{rel}","templated":true}]}}