{"id":9700,"date":"2025-02-02T18:03:43","date_gmt":"2025-02-02T18:03:43","guid":{"rendered":"https:\/\/yohannaa.com\/shop\/agor-okologisk-avokadoolje-250-ml\/"},"modified":"2025-02-03T04:55:35","modified_gmt":"2025-02-03T04:55:35","slug":"agor-okologisk-avokadoolje-250-ml","status":"publish","type":"product","link":"https:\/\/yohannaa.com\/no\/shop\/harpleie\/sprayer-serum-og-oljer\/haroljer\/agor-okologisk-avokadoolje-250-ml\/","title":{"rendered":"Agor \u00d8kologisk avokadoolje"},"content":{"rendered":"<p>Agor \u00d8kologisk avokadoolje &#8211; 250 ml<\/p>\n<p>Agor Avocado Oil er 100 % ren, uraffinert, kaldpresset avokadoolje av matkvalitet. Tilf\u00f8rer glans, fremmer h\u00e5rvekst, bidrar til \u00e5 stoppe h\u00e5ravfall, styrker r\u00f8tter og negleb\u00e5nd. Rik p\u00e5 vitaminer, mineraler og fettsyrer, inkludert oljesyre (Omega 9) og palmitinsyre.  <\/p>\n<p><strong>Ingredienser:<\/strong> Persea Gratissima (Avocado) Oil <strong>Hair Usage<\/strong> &#8211; Rik p\u00e5 vitaminer for h\u00e5ret. Anbefales til pleie av t\u00f8rt h\u00e5r. Fremskynder h\u00e5rveksten. En effektiv h\u00e5rbalsam som etterlater h\u00e5ret mykt og glansfullt <strong>Bruk p\u00e5 huden<\/strong> &#8211; Bekjemper aldringstegn: Avokadoolje inneholder vitamin E, karotenoider og lecitin som kan styrke kollagenet i huden og gi fastere hud og beskytte den mot aldring. <strong>Sikkerhetsinformasjon:<\/strong> Dette naturproduktet kan ikke garanteres \u00e5 v\u00e6re fritt for spor av n\u00f8tter eller andre allergener. S\u00f8k medisinsk r\u00e5d f\u00f8r bruk hvis du lider av medisinske tilstander eller allergier. Gjennomf\u00f8r alltid en lappetest f\u00f8r bruk. Oppbevares p\u00e5 et kj\u00f8lig og t\u00f8rt sted, beskyttet mot sollys. <strong>St\u00f8rrelse:<\/strong> 250 ml Veganvennlig<br \/>\nHexanfri<br \/>\nIngen GMO<br \/>\nIngen dyrefors\u00f8k<\/p>\n","protected":false},"excerpt":{"rendered":"<p>Agor Avocado Oil er 100 % ren, uraffinert, kaldpresset avokadoolje av matkvalitet. Tilf\u00f8rer glans, fremmer h\u00e5rvekst, bidrar til \u00e5 stoppe h\u00e5ravfall, styrker r\u00f8tter og negleb\u00e5nd. Rik p\u00e5 vitaminer, mineraler og fettsyrer, inkludert oljesyre (Omega 9) og palmitinsyre.  <\/p>\n<p>&nbsp;<\/p>\n","protected":false},"featured_media":9697,"comment_status":"open","ping_status":"closed","template":"","meta":[],"product_brand":[],"product_cat":[1622,1511],"product_tag":[],"class_list":{"0":"post-9700","1":"product","2":"type-product","3":"status-publish","4":"has-post-thumbnail","6":"product_cat-haroljer","7":"product_cat-sprayer-serum-og-oljer","9":"first","10":"instock","11":"shipping-taxable","12":"purchasable","13":"product-type-simple"},"_links":{"self":[{"href":"https:\/\/yohannaa.com\/no\/wp-json\/wp\/v2\/product\/9700","targetHints":{"allow":["GET"]}}],"collection":[{"href":"https:\/\/yohannaa.com\/no\/wp-json\/wp\/v2\/product"}],"about":[{"href":"https:\/\/yohannaa.com\/no\/wp-json\/wp\/v2\/types\/product"}],"replies":[{"embeddable":true,"href":"https:\/\/yohannaa.com\/no\/wp-json\/wp\/v2\/comments?post=9700"}],"wp:featuredmedia":[{"embeddable":true,"href":"https:\/\/yohannaa.com\/no\/wp-json\/wp\/v2\/media\/9697"}],"wp:attachment":[{"href":"https:\/\/yohannaa.com\/no\/wp-json\/wp\/v2\/media?parent=9700"}],"wp:term":[{"taxonomy":"product_brand","embeddable":true,"href":"https:\/\/yohannaa.com\/no\/wp-json\/wp\/v2\/product_brand?post=9700"},{"taxonomy":"product_cat","embeddable":true,"href":"https:\/\/yohannaa.com\/no\/wp-json\/wp\/v2\/product_cat?post=9700"},{"taxonomy":"product_tag","embeddable":true,"href":"https:\/\/yohannaa.com\/no\/wp-json\/wp\/v2\/product_tag?post=9700"}],"curies":[{"name":"wp","href":"https:\/\/api.w.org\/{rel}","templated":true}]}}