{"id":9694,"date":"2025-02-02T17:41:44","date_gmt":"2025-02-02T17:41:44","guid":{"rendered":"https:\/\/yohannaa.com\/shop\/agor-okologisk-ekstra-jomfruolivenolje-250-ml\/"},"modified":"2025-02-02T17:41:44","modified_gmt":"2025-02-02T17:41:44","slug":"agor-okologisk-ekstra-jomfruolivenolje-250-ml","status":"publish","type":"product","link":"https:\/\/yohannaa.com\/no\/shop\/harpleie\/sprayer-serum-og-oljer\/haroljer\/agor-okologisk-ekstra-jomfruolivenolje-250-ml\/","title":{"rendered":"Agor \u00d8kologisk ekstra jomfruolivenolje (250 ml)"},"content":{"rendered":"<p>Agor organic Extra Olive Oil er en kaldpresset \u00f8kologisk ekstra jomfruolivenolje av h\u00e5ndplukkede oliven. H\u00f8yt innhold av enumettede fettsyrer, perfekt for hud og h\u00e5r. <strong>Ingredienser:<\/strong> 100 % ren olivenolje <strong>H\u00e5rbruk<\/strong> &#8211; Masseres inn i h\u00e5ret og hodebunnen for \u00e5 fremme en sunn hodebunn og h\u00e5rvekst. Bidrar til \u00e5 redusere h\u00e5ravfall og bevare glansen. Pleier, gir \u00f8kt glans og temmer krus. <strong>Bruk<\/strong> p\u00e5 <strong>huden<\/strong> &#8211; En utmerket fuktighetskrem for hele huden. Kan brukes som et sk\u00e5nsomt og effektivt rengj\u00f8ringsmiddel og sminkefjerner, som et naturlig alternativ til kommersielt barberskum. Den bidrar til \u00e5 forebygge barberbrann og fukter huden samtidig. <strong>Sikkerhetsinformasjon:<\/strong> Kun til utvortes bruk. Personer med n\u00f8tteallergi b\u00f8r bruke den med forsiktighet. Utf\u00f8r alltid en lappetest f\u00f8r du bruker et nytt produkt. Oppbevares p\u00e5 et kj\u00f8lig og t\u00f8rt sted, beskyttet mot sollys. <strong>St\u00f8rrelse:<\/strong> 250 ml Veganvennlig<br \/>\nHexanfri<br \/>\nIngen GMO<br \/>\nIngen dyrefors\u00f8k <\/p>\n","protected":false},"excerpt":{"rendered":"<p>Agor organic Extra Olive Oil er en kaldpresset \u00f8kologisk ekstra jomfruolivenolje av h\u00e5ndplukkede oliven. H\u00f8yt innhold av enumettede fettsyrer, perfekt for hud og h\u00e5r. <\/p>\n","protected":false},"featured_media":9691,"comment_status":"open","ping_status":"closed","template":"","meta":[],"product_brand":[1222],"product_cat":[1622,1511],"product_tag":[],"class_list":{"0":"post-9694","1":"product","2":"type-product","3":"status-publish","4":"has-post-thumbnail","6":"product_brand-agor","7":"product_cat-haroljer","8":"product_cat-sprayer-serum-og-oljer","10":"first","11":"instock","12":"shipping-taxable","13":"purchasable","14":"product-type-simple"},"_links":{"self":[{"href":"https:\/\/yohannaa.com\/no\/wp-json\/wp\/v2\/product\/9694","targetHints":{"allow":["GET"]}}],"collection":[{"href":"https:\/\/yohannaa.com\/no\/wp-json\/wp\/v2\/product"}],"about":[{"href":"https:\/\/yohannaa.com\/no\/wp-json\/wp\/v2\/types\/product"}],"replies":[{"embeddable":true,"href":"https:\/\/yohannaa.com\/no\/wp-json\/wp\/v2\/comments?post=9694"}],"wp:featuredmedia":[{"embeddable":true,"href":"https:\/\/yohannaa.com\/no\/wp-json\/wp\/v2\/media\/9691"}],"wp:attachment":[{"href":"https:\/\/yohannaa.com\/no\/wp-json\/wp\/v2\/media?parent=9694"}],"wp:term":[{"taxonomy":"product_brand","embeddable":true,"href":"https:\/\/yohannaa.com\/no\/wp-json\/wp\/v2\/product_brand?post=9694"},{"taxonomy":"product_cat","embeddable":true,"href":"https:\/\/yohannaa.com\/no\/wp-json\/wp\/v2\/product_cat?post=9694"},{"taxonomy":"product_tag","embeddable":true,"href":"https:\/\/yohannaa.com\/no\/wp-json\/wp\/v2\/product_tag?post=9694"}],"curies":[{"name":"wp","href":"https:\/\/api.w.org\/{rel}","templated":true}]}}