{"id":9687,"date":"2025-02-01T22:27:53","date_gmt":"2025-02-01T22:27:53","guid":{"rendered":"https:\/\/yohannaa.com\/shop\/agor-okologisk-bukkehornkloverfroolje-250-ml\/"},"modified":"2025-02-01T22:27:53","modified_gmt":"2025-02-01T22:27:53","slug":"agor-okologisk-bukkehornkloverfroolje-250-ml","status":"publish","type":"product","link":"https:\/\/yohannaa.com\/no\/shop\/harpleie\/sprayer-serum-og-oljer\/haroljer\/agor-okologisk-bukkehornkloverfroolje-250-ml\/","title":{"rendered":"Agor \u00d8kologisk bukkehornkl\u00f8verfr\u00f8olje (250 ml)"},"content":{"rendered":"<p>Opplev de transformerende fordelene med Agor Organic Fenugreek Seed Oil. V\u00e5r f\u00f8rsteklasses, kaldpressede olje er hentet fra de fineste \u00f8kologiske bukkehornkl\u00f8verfr\u00f8ene, n\u00f8ye utvalgt for sin styrke og renhet. Oljen er fullpakket med essensielle n\u00e6ringsstoffer og antioksidanter, og fremmer sunt h\u00e5r og hud, og st\u00f8tter generelt velv\u00e6re. Denne naturlige eliksiren er spesielt formulert for \u00e5 fremme optimal h\u00e5rhelse, og gir n\u00e6ring og vitalitet til hodebunnen og h\u00e5rstr\u00e5ene dine. Oljen trenger dypt inn i h\u00e5ret og tilf\u00f8rer fuktighet og fukt, stimulerer h\u00e5rveksten og forebygger skader. Si farvel til flass og kl\u00f8ende hodebunn, da oljen v\u00e5r effektivt behandler disse problemene. Med sine kraftige soppdrepende egenskaper holder den hodebunnen sunn og infeksjonsfri. Opplev forvandlingen n\u00e5r oljen v\u00e5r styrker h\u00e5rr\u00f8ttene, reduserer h\u00e5ravfall og gir volum, noe som resulterer i tykkere og fyldigere lokker. Gled deg over den forbedrede teksturen, h\u00e5ret blir mykere, blankere og mer h\u00e5ndterbart. Oppdag magien i \u00f8kologisk bukkehornkl\u00f8verfr\u00f8olje og utl\u00f8s h\u00e5rets sanne potensial. <strong>Ingredienser:<\/strong> Bukkehornkl\u00f8verolje <strong>H\u00e5rbruk<\/strong> &#8211; Masseres inn i h\u00e5ret og renset hodebunn for \u00e5 fremme en sunn hodebunn og h\u00e5rvekst. Bidrar til \u00e5 redusere h\u00e5ravfall og bevare glansen. Pleier, gir \u00f8kt glans og temmer krus. <strong>Bruk p\u00e5 huden<\/strong> &#8211; En utmerket fuktighetskrem for hele huden. Tilsett et par dr\u00e5per i rengj\u00f8ringsmidlet, ansiktsvannet eller fuktighetskremen. Kan ogs\u00e5 brukes p\u00e5 negler og hender. <strong>Sikkerhetsinformasjon:<\/strong> Kun til utvortes bruk. Personer med n\u00f8tteallergi b\u00f8r bruke den med forsiktighet. Utf\u00f8r alltid en lappetest f\u00f8r du bruker et nytt produkt. Oppbevares p\u00e5 et kj\u00f8lig og t\u00f8rt sted, beskyttet mot sollys. <strong>St\u00f8rrelse:<\/strong> 250 ml Veganvennlig<br \/>\nHexanfri<br \/>\nIngen GMO<br \/>\nIngen dyretesting  <\/p>\n","protected":false},"excerpt":{"rendered":"<p>Si farvel til flass og kl\u00f8ende hodebunn, da oljen v\u00e5r effektivt behandler disse problemene. Med sine kraftige soppdrepende egenskaper holder den hodebunnen sunn og infeksjonsfri. <\/p>\n","protected":false},"featured_media":9684,"comment_status":"open","ping_status":"closed","template":"","meta":[],"product_brand":[1222],"product_cat":[1622,1511],"product_tag":[],"class_list":{"0":"post-9687","1":"product","2":"type-product","3":"status-publish","4":"has-post-thumbnail","6":"product_brand-agor","7":"product_cat-haroljer","8":"product_cat-sprayer-serum-og-oljer","10":"first","11":"instock","12":"shipping-taxable","13":"product-type-simple"},"_links":{"self":[{"href":"https:\/\/yohannaa.com\/no\/wp-json\/wp\/v2\/product\/9687","targetHints":{"allow":["GET"]}}],"collection":[{"href":"https:\/\/yohannaa.com\/no\/wp-json\/wp\/v2\/product"}],"about":[{"href":"https:\/\/yohannaa.com\/no\/wp-json\/wp\/v2\/types\/product"}],"replies":[{"embeddable":true,"href":"https:\/\/yohannaa.com\/no\/wp-json\/wp\/v2\/comments?post=9687"}],"wp:featuredmedia":[{"embeddable":true,"href":"https:\/\/yohannaa.com\/no\/wp-json\/wp\/v2\/media\/9684"}],"wp:attachment":[{"href":"https:\/\/yohannaa.com\/no\/wp-json\/wp\/v2\/media?parent=9687"}],"wp:term":[{"taxonomy":"product_brand","embeddable":true,"href":"https:\/\/yohannaa.com\/no\/wp-json\/wp\/v2\/product_brand?post=9687"},{"taxonomy":"product_cat","embeddable":true,"href":"https:\/\/yohannaa.com\/no\/wp-json\/wp\/v2\/product_cat?post=9687"},{"taxonomy":"product_tag","embeddable":true,"href":"https:\/\/yohannaa.com\/no\/wp-json\/wp\/v2\/product_tag?post=9687"}],"curies":[{"name":"wp","href":"https:\/\/api.w.org\/{rel}","templated":true}]}}