{"id":9680,"date":"2025-02-01T22:14:15","date_gmt":"2025-02-01T22:14:15","guid":{"rendered":"https:\/\/yohannaa.com\/shop\/agor-okologisk-sot-mandelolje-250ml\/"},"modified":"2025-02-01T22:14:15","modified_gmt":"2025-02-01T22:14:15","slug":"agor-okologisk-sot-mandelolje-250ml","status":"publish","type":"product","link":"https:\/\/yohannaa.com\/no\/shop\/harpleie\/sprayer-serum-og-oljer\/haroljer\/agor-okologisk-sot-mandelolje-250ml\/","title":{"rendered":"Agor \u00d8kologisk s\u00f8t mandelolje (250ml)"},"content":{"rendered":"<p>Agor \u00f8kologisk s\u00f8t mandelolje er en ren, naturlig, uparfymert olje utvunnet fra mandelkjernen. Mandeloljen er rik p\u00e5 vitamin A, D og E og egner seg godt til behandling av hud og h\u00e5r, og kan brukes alene som en fuktighetsgivende olje for hud og h\u00e5r, eller som en baseolje for massasje. <strong>Ingredienser:<\/strong> 100 % ren mandelolje. Rik p\u00e5 vitaminer <strong>Bruk<\/strong> i h\u00e5ret &#8211; Masseres inn i h\u00e5ret og hodebunnen for \u00e5 fremme en sunn hodebunn og h\u00e5rvekst. Bidrar til \u00e5 redusere h\u00e5ravfall og bevare glansen. Pleier, gir \u00f8kt glans og temmer krus. Bruk p\u00e5 <strong>huden<\/strong> &#8211; Brukes som massasjeolje, aromaterapi, fuktighetskrem som etterlater huden myk og sunn. Som sminkefjerner, som primer f\u00f8r p\u00e5f\u00f8ring av foundation og som en kilde til vitamin E og fytosteroler for en mer ungdommelig og str\u00e5lende hudfarge. <strong>Sikkerhetsinformasjon:<\/strong> Kun til utvortes bruk. Personer med n\u00f8tteallergi b\u00f8r bruke produktet med forsiktighet. Utf\u00f8r alltid en lappetest f\u00f8r du bruker et nytt produkt. Oppbevares p\u00e5 et kj\u00f8lig og t\u00f8rt sted, beskyttet mot sollys. <strong>St\u00f8rrelse:<\/strong> 250 ml Veganvennlig<br \/>\nHexanfri<br \/>\nIngen GMO<br \/>\nIngen dyretesting <\/p>\n","protected":false},"excerpt":{"rendered":"<p>Agor \u00f8kologisk s\u00f8t mandelolje er en ren, naturlig, uparfymert olje utvunnet fra mandelkjernen. Mandeloljen er rik p\u00e5 vitamin A, D og E og egner seg godt til behandling av hud og h\u00e5r, og kan brukes alene som en fuktighetsgivende olje for hud og h\u00e5r, eller som en baseolje for massasje. <\/p>\n","protected":false},"featured_media":9677,"comment_status":"open","ping_status":"closed","template":"","meta":[],"product_brand":[1222],"product_cat":[1622,1511],"product_tag":[],"class_list":{"0":"post-9680","1":"product","2":"type-product","3":"status-publish","4":"has-post-thumbnail","6":"product_brand-agor","7":"product_cat-haroljer","8":"product_cat-sprayer-serum-og-oljer","10":"first","11":"instock","12":"shipping-taxable","13":"purchasable","14":"product-type-simple"},"_links":{"self":[{"href":"https:\/\/yohannaa.com\/no\/wp-json\/wp\/v2\/product\/9680","targetHints":{"allow":["GET"]}}],"collection":[{"href":"https:\/\/yohannaa.com\/no\/wp-json\/wp\/v2\/product"}],"about":[{"href":"https:\/\/yohannaa.com\/no\/wp-json\/wp\/v2\/types\/product"}],"replies":[{"embeddable":true,"href":"https:\/\/yohannaa.com\/no\/wp-json\/wp\/v2\/comments?post=9680"}],"wp:featuredmedia":[{"embeddable":true,"href":"https:\/\/yohannaa.com\/no\/wp-json\/wp\/v2\/media\/9677"}],"wp:attachment":[{"href":"https:\/\/yohannaa.com\/no\/wp-json\/wp\/v2\/media?parent=9680"}],"wp:term":[{"taxonomy":"product_brand","embeddable":true,"href":"https:\/\/yohannaa.com\/no\/wp-json\/wp\/v2\/product_brand?post=9680"},{"taxonomy":"product_cat","embeddable":true,"href":"https:\/\/yohannaa.com\/no\/wp-json\/wp\/v2\/product_cat?post=9680"},{"taxonomy":"product_tag","embeddable":true,"href":"https:\/\/yohannaa.com\/no\/wp-json\/wp\/v2\/product_tag?post=9680"}],"curies":[{"name":"wp","href":"https:\/\/api.w.org\/{rel}","templated":true}]}}