{"id":9672,"date":"2025-01-31T18:31:22","date_gmt":"2025-01-31T18:31:22","guid":{"rendered":"https:\/\/yohannaa.com\/shop\/royal-henna\/"},"modified":"2025-02-03T04:45:51","modified_gmt":"2025-02-03T04:45:51","slug":"royal-henna","status":"publish","type":"product","link":"https:\/\/yohannaa.com\/no\/shop\/harpleie\/harfarge\/royal-henna\/","title":{"rendered":"Royal Henna"},"content":{"rendered":"<div class=\"pro_colo_tit\">\n<p>Med alle de gode egenskapene til naturlig henna&#8230;<\/p>\n<\/div>\n<div class=\"pro_colo_text\">\n<p>Royal Henna (h\u00e5rfarge) er hennabasert pulverh\u00e5rfarge som er pakket i pulverform og er klar til bruk med bare tilsetning av vann.<\/p>\n<p>Fordelen med \u00e5 bruke Royal Henna sammenlignet med annen 100% kjemisk basert h\u00e5rfarge er at i Royal Henna er basen av hovedingrediensen den av naturlig og urtehenna som utgj\u00f8r mer enn 60% av det totale innholdet.<\/p>\n<\/div>\n<div class=\"pro_colo_tit\"><i>Nyttig informasjon :<\/i><\/div>\n<div class=\"pro_colo_text\">\n<ul>\n<li>For best resultat, bruk hele pakken.<\/li>\n<li>F\u00f8lg de detaljerte instruksjonene i den vedlagte brosjyren.<\/li>\n<li>Utf\u00f8r alltid sensitiviteten minst 24 timer i forveien.<\/li>\n<\/ul>\n<div class=\"henna_tit\">hvordan du bruker<\/div>\n<div class=\"product_color_text\">\n<p><span class=\"style3\">For p\u00e5f\u00f8ring av Royal Henna &amp; Royal Silk Premium Henna.<\/span><\/p>\n<p><em>Fargeforberedelse :<\/em><\/p>\n<ul>\n<li style=\"list-style-type: none;\">\n<ul>\n<li>Gj\u00f8r deg klar til \u00e5 fargelegge.<\/li>\n<li>Unng\u00e5 \u00e5 vaske h\u00e5ret i minst 24 timer f\u00f8r p\u00e5f\u00f8ring av h\u00e5rfarge.<\/li>\n<li>Ikke bruk hvis h\u00e5ret ditt nylig har blitt permanentet og avslappet, vent i 7 til 14 dager.<\/li>\n<li>Ha en kam og et t\u00f8rt h\u00e5ndkle for h\u00e5nden.<\/li>\n<\/ul>\n<\/li>\n<\/ul>\n<ul>\n<li>Les instruksjonene nedenfor og respekter p\u00e5f\u00f8ringstiden.<\/li>\n<\/ul>\n<div class=\"product_color_text\">\n<div class=\"product_color_text\">\n<p><em>Trinn 1. Bland <\/em><\/p>\n<\/div>\n<div class=\"main_products_box\">\n<p><img decoding=\"async\" class=\"\" src=\"https:\/\/yohannaa.com\/wp-content\/uploads\/2025\/02\/royalhenna-use_01.png\" alt=\"\" width=\"107\" height=\"137\"><\/p>\n<div class=\"main_products_box_text\">\n<p>T\u00f8m hele mengden av posen i en bolle.<\/p>\n<\/div>\n<\/div>\n<div class=\"main_products_box\">\n<p><img decoding=\"async\" src=\"https:\/\/yohannaa.com\/wp-content\/uploads\/2025\/02\/royal-henna-use_02.png\" alt=\"\" width=\"105\" height=\"134\" border=\"0\"><\/p>\n<div class=\"main_products_box_text\">Tilsett Luke varmt vann.<br \/>\nTilsett 2 dr\u00e5per sjampo.<\/div>\n<\/div>\n<div class=\"main_products_box_last\">\n<p><img decoding=\"async\" class=\"alignnone\" src=\"https:\/\/yohannaa.com\/wp-content\/uploads\/2025\/02\/royalhenna-use_03.png\" alt=\"\" width=\"111\" height=\"142\"><\/p>\n<div class=\"main_products_box_last_text\">Bland det godt til en fin pasta.<br \/>\n<strong>(Bruk limet med en gang)<\/strong><\/div>\n<\/div>\n<\/div>\n<div><\/div>\n<div>\n<div class=\"contan\">\n<div><\/div>\n<div class=\"product_color_text\">\n<p><strong><em>Trinn 2. Bruk <\/em><\/strong><\/p>\n<\/div>\n<\/div>\n<div class=\"main_products_box\">\n<p><img loading=\"lazy\" decoding=\"async\" class=\"\" src=\"https:\/\/yohannaa.com\/wp-content\/uploads\/2025\/02\/royalhenna-use_04.png\" alt=\"\" width=\"114\" height=\"145\"><\/p>\n<div class=\"main_products_box_text\">\n<p>Bruk hansker og dekk til overkroppen med et h\u00e5ndkle eller en hette.<\/p>\n<\/div>\n<\/div>\n<div class=\"main_products_box\">\n<p><img loading=\"lazy\" decoding=\"async\" class=\"\" src=\"https:\/\/yohannaa.com\/wp-content\/uploads\/2025\/02\/royalhenna-use_05.png\" alt=\"\" width=\"107\" height=\"137\"><\/p>\n<div class=\"main_products_box_text\">Bruk en fin pensel til \u00e5 p\u00e5f\u00f8re pastaen jevnt over hele omr\u00e5det du \u00f8nsker \u00e5 farge, fra r\u00f8ttene til h\u00e5rspissene.<\/div>\n<\/div>\n<div class=\"main_products_box_last\">\n<p><img loading=\"lazy\" decoding=\"async\" class=\"\" src=\"https:\/\/yohannaa.com\/wp-content\/uploads\/2025\/02\/royalhenna-use_06.png\" alt=\"\" width=\"110\" height=\"140\"><\/p>\n<div class=\"main_products_box_last_text\"><strong>Utviklingstid: <\/strong>Etter p\u00e5f\u00f8ring av ROYAL HENNA, la fargen utvikle seg i minst 45 minutter eller til h\u00e5ret er helt t\u00f8rt.<\/div>\n<\/div>\n<div>\n<div><\/div>\n<div><\/div>\n<div class=\"product_color_text\">\n<p><strong><em>Trinn 3. Skyll <\/em><\/strong><\/p>\n<\/div>\n<div class=\"con_left_part\">\n<p><span class=\"style2\">KUN TIL ENGANGSBRUK&#8230; Ikke bruk den gjenv\u00e6rende pastaen. <\/span><\/p>\n<p><span class=\"style4\"><i>Sensitivitetstest :<\/i><\/span><br \/>\nDette produktet er kun til utvortes bruk. Det skal ikke brukes til farging av \u00f8yevipper eller \u00f8yenbryn. For \u00e5 teste allergi, p\u00e5f\u00f8r f\u00f8rst pastaen p\u00e5 innsiden av albuen og la den t\u00f8rke. Unders\u00f8k testen etter 48 timer. Hvis det ikke oppst\u00e5r r\u00f8dhet eller kl\u00f8e, kan du trygt fortsette \u00e5 bruke ROYAL HENNA og ROYAL SILK PREMIUM HENNA.    <\/p>\n<\/div>\n<div class=\"main_products_box_last\">\n<p><img loading=\"lazy\" decoding=\"async\" src=\"https:\/\/yohannaa.com\/wp-content\/uploads\/2025\/02\/royalhenna-use_07.png\" alt=\"\" width=\"105\" height=\"134\"><\/p>\n<div class=\"main_products_box_last_text\">Vask h\u00e5ret grundig med sjampo og la det t\u00f8rke. Unng\u00e5 kontakt med \u00f8ynene mens du vasker. <\/div>\n<\/div>\n<\/div>\n<div><\/div>\n<\/div>\n<div class=\"product_color_text\"><\/div>\n<div class=\"main_products_box\"><\/div>\n<div><\/div>\n<\/div>\n<\/div>\n","protected":false},"excerpt":{"rendered":"<p><i><strong>Henna er naturens urtegave.<\/strong><\/i><\/p>\n<p>Hennapulver er utvunnet av pulveriserte blader fra LAWSONIA INERMIS-planten. Botanisk navn: Lawsonia Inermis; INCI-navn: Lawsone. I India er det popul\u00e6rt kjent som &#8216;MEHENDI&#8217;. Henna har v\u00e6rt kjent i \u00e5rhundrer for sine medisinske egenskaper, som kosmetikk, til bruk i kroppskunst og for sine utmerkede h\u00e5rpleie- og fargeegenskaper.  <\/p>\n<p><em><span class=\"style2\">Hennaens godhet&#8230;<\/span><\/em><\/p>\n<ul class=\"home_01\">\n<li>I dagens verden brukes Henna som naturlig fargestoff og ogs\u00e5 som dekorativ p\u00e5 hender og f\u00f8tter under spesielle anledninger som ekteskap, Eid osv,<\/li>\n<li>Det er en utmerket h\u00e5rbalsam som holder h\u00e5ret medgj\u00f8rlig og fri for floker.<\/li>\n<li>Hennas soppdrepende, antibakterielle og betennelsesdempende egenskaper beskytter h\u00e5ret mot infeksjoner og flass.<\/li>\n<li>Det styrker h\u00e5rr\u00f8ttene, og fremmer dermed bedre h\u00e5rvekst.<\/li>\n<li>Sterke h\u00e5rr\u00f8tter forhindrer h\u00e5rfall.<\/li>\n<li>Regelmessig bruk av Henna danner et beskyttende belegg over h\u00e5ret og bidrar til \u00e5 gj\u00f8re det tykkere.<\/li>\n<\/ul>\n","protected":false},"featured_media":9717,"comment_status":"open","ping_status":"closed","template":"","meta":[],"product_brand":[2182],"product_cat":[1484],"product_tag":[2435],"class_list":{"0":"post-9672","1":"product","2":"type-product","3":"status-publish","4":"has-post-thumbnail","6":"product_brand-royal-henna","7":"product_cat-harfarge","8":"product_tag-royal-henna-no","10":"first","11":"instock","12":"shipping-taxable","13":"purchasable","14":"product-type-variable"},"_links":{"self":[{"href":"https:\/\/yohannaa.com\/no\/wp-json\/wp\/v2\/product\/9672","targetHints":{"allow":["GET"]}}],"collection":[{"href":"https:\/\/yohannaa.com\/no\/wp-json\/wp\/v2\/product"}],"about":[{"href":"https:\/\/yohannaa.com\/no\/wp-json\/wp\/v2\/types\/product"}],"replies":[{"embeddable":true,"href":"https:\/\/yohannaa.com\/no\/wp-json\/wp\/v2\/comments?post=9672"}],"wp:featuredmedia":[{"embeddable":true,"href":"https:\/\/yohannaa.com\/no\/wp-json\/wp\/v2\/media\/9717"}],"wp:attachment":[{"href":"https:\/\/yohannaa.com\/no\/wp-json\/wp\/v2\/media?parent=9672"}],"wp:term":[{"taxonomy":"product_brand","embeddable":true,"href":"https:\/\/yohannaa.com\/no\/wp-json\/wp\/v2\/product_brand?post=9672"},{"taxonomy":"product_cat","embeddable":true,"href":"https:\/\/yohannaa.com\/no\/wp-json\/wp\/v2\/product_cat?post=9672"},{"taxonomy":"product_tag","embeddable":true,"href":"https:\/\/yohannaa.com\/no\/wp-json\/wp\/v2\/product_tag?post=9672"}],"curies":[{"name":"wp","href":"https:\/\/api.w.org\/{rel}","templated":true}]}}