{"id":9654,"date":"2025-01-30T20:39:41","date_gmt":"2025-01-30T20:39:41","guid":{"rendered":"https:\/\/yohannaa.com\/shop\/agor-organic-black-seed-oil-250-ml\/"},"modified":"2025-01-30T20:39:41","modified_gmt":"2025-01-30T20:39:41","slug":"agor-organic-black-seed-oil-250-ml","status":"publish","type":"product","link":"https:\/\/yohannaa.com\/no\/shop\/harpleie\/sprayer-serum-og-oljer\/haroljer\/agor-organic-black-seed-oil-250-ml\/","title":{"rendered":"Agor Organic Black Seed Oil (250 ml)"},"content":{"rendered":"<p>Agor Organic Black Seed Oil Oil er en uraffinert olje som beholder alle de naturlige egenskapene fra Nigella sativa-fr\u00f8et, ogs\u00e5 kalt svart fr\u00f8. Black Seed kan brukes i ansiktet, p\u00e5 kroppen, i h\u00e5ret, p\u00e5 hendene og neglene. Den er dypt fuktighetsgivende og bidrar til \u00e5 forbedre hudens og h\u00e5rets utseende og tilstand. <strong>Ingredienser:<\/strong> 100 % \u00f8kologisk kaldpresset svartfr\u00f8olje <strong>H\u00e5rbruk<\/strong> &#8211; Svartfr\u00f8olje har egenskaper som kan bidra til \u00e5 opprettholde helsen i hodebunnen ved \u00e5 l\u00f8se problemer som flass, samtidig som den holder hodebunnen fuktig, \u00f8ker h\u00e5rveksten og reparerer spaltede tupper. <strong>Bruk p\u00e5 huden<\/strong> &#8211; P\u00e5 grunn av sine antimikrobielle og betennelsesdempende effekter hjelper svartfr\u00f8olje til \u00e5 behandle t\u00f8rr hud, psoriasis, eksem og mye mer. <strong>Sikkerhetsinformasjon:<\/strong> Dette naturlige produktet kan ikke garanteres \u00e5 v\u00e6re fritt for spor av n\u00f8tter eller andre allergener. S\u00f8k medisinsk r\u00e5d f\u00f8r bruk hvis du lider av medisinske tilstander eller allergier. Utf\u00f8r alltid en lappetest f\u00f8r bruk. Oppbevares p\u00e5 et kj\u00f8lig og t\u00f8rt sted, beskyttet mot sollys. <strong>St\u00f8rrelse:<\/strong> 250 ml Veganvennlig<br \/>\nHexanfri<br \/>\nIngen GMO<br \/>\nIngen dyrefors\u00f8k  <\/p>\n","protected":false},"excerpt":{"rendered":"<p>Agor Organic Black Seed Oil Oil er en uraffinert olje som beholder alle de naturlige egenskapene fra Nigella sativa-fr\u00f8et, ogs\u00e5 kalt svart fr\u00f8. Black Seed kan brukes i ansiktet, p\u00e5 kroppen, i h\u00e5ret, p\u00e5 hendene og neglene. Den er dypt fuktighetsgivende og bidrar til \u00e5 forbedre hudens og h\u00e5rets utseende og tilstand.  <\/p>\n","protected":false},"featured_media":9651,"comment_status":"open","ping_status":"closed","template":"","meta":[],"product_brand":[1222],"product_cat":[1622,1511],"product_tag":[],"class_list":{"0":"post-9654","1":"product","2":"type-product","3":"status-publish","4":"has-post-thumbnail","6":"product_brand-agor","7":"product_cat-haroljer","8":"product_cat-sprayer-serum-og-oljer","10":"first","11":"instock","12":"shipping-taxable","13":"product-type-simple"},"_links":{"self":[{"href":"https:\/\/yohannaa.com\/no\/wp-json\/wp\/v2\/product\/9654","targetHints":{"allow":["GET"]}}],"collection":[{"href":"https:\/\/yohannaa.com\/no\/wp-json\/wp\/v2\/product"}],"about":[{"href":"https:\/\/yohannaa.com\/no\/wp-json\/wp\/v2\/types\/product"}],"replies":[{"embeddable":true,"href":"https:\/\/yohannaa.com\/no\/wp-json\/wp\/v2\/comments?post=9654"}],"wp:featuredmedia":[{"embeddable":true,"href":"https:\/\/yohannaa.com\/no\/wp-json\/wp\/v2\/media\/9651"}],"wp:attachment":[{"href":"https:\/\/yohannaa.com\/no\/wp-json\/wp\/v2\/media?parent=9654"}],"wp:term":[{"taxonomy":"product_brand","embeddable":true,"href":"https:\/\/yohannaa.com\/no\/wp-json\/wp\/v2\/product_brand?post=9654"},{"taxonomy":"product_cat","embeddable":true,"href":"https:\/\/yohannaa.com\/no\/wp-json\/wp\/v2\/product_cat?post=9654"},{"taxonomy":"product_tag","embeddable":true,"href":"https:\/\/yohannaa.com\/no\/wp-json\/wp\/v2\/product_tag?post=9654"}],"curies":[{"name":"wp","href":"https:\/\/api.w.org\/{rel}","templated":true}]}}