{"id":9647,"date":"2025-01-29T23:00:40","date_gmt":"2025-01-29T23:00:40","guid":{"rendered":"https:\/\/yohannaa.com\/shop\/agor-organic-black-jamaican-castor-oil-250-ml\/"},"modified":"2025-01-30T16:29:29","modified_gmt":"2025-01-30T16:29:29","slug":"agor-organic-black-jamaican-castor-oil-250-ml","status":"publish","type":"product","link":"https:\/\/yohannaa.com\/no\/shop\/harpleie\/sprayer-serum-og-oljer\/haroljer\/agor-organic-black-jamaican-castor-oil-250-ml\/","title":{"rendered":"Agor Organic Black Jamaican Castor Oil (250 ml)"},"content":{"rendered":"<p>Agor Organic black Jamaican castor oil forbedrer blodsirkulasjonen i hodebunnen og fremmer dermed h\u00e5rveksten. Oljen gir ogs\u00e5 n\u00e6ring til hodebunnen og styrker h\u00e5rr\u00f8ttene, og behandler dermed tynt h\u00e5r. Den gj\u00f8r h\u00e5ret tykkere, fyldigere og blankere.  <\/p>\n<p><strong>Ingredienser: <\/strong> 100 % \u00f8kologiske ristede ricinusfr\u00f8 <strong>Bruk<\/strong> &#8211; P\u00e5f\u00f8r sm\u00e5 mengder Agor Organic black Jamaican castor oil p\u00e5 h\u00e5rr\u00f8ttene og i hodebunnen og masser inn i hodebunnen med fingertuppene. Kan brukes som en h\u00e5rkur over natten og som varm olje i h\u00e5ret. <strong>Sikkerhetsinformasjon:<\/strong> Kun til utvortes bruk. Oppbevares p\u00e5 et kj\u00f8lig og t\u00f8rt sted, beskyttet mot sollys. <strong>St\u00f8rrelse:<\/strong> 250 ml Veganvennlig<br \/>\nHexanfri<br \/>\nIngen GMO<br \/>\nIngen dyretesting<\/p>\n<p>&nbsp;<\/p>\n","protected":false},"excerpt":{"rendered":"<p>Agor Organic black Jamaican castor oil forbedrer blodsirkulasjonen i hodebunnen og fremmer dermed h\u00e5rveksten. Oljen gir ogs\u00e5 n\u00e6ring til hodebunnen og styrker h\u00e5rr\u00f8ttene, og behandler dermed tynt h\u00e5r. Den gj\u00f8r h\u00e5ret tykkere, fyldigere og blankere.  <\/p>\n","protected":false},"featured_media":9644,"comment_status":"open","ping_status":"closed","template":"","meta":[],"product_brand":[1222],"product_cat":[1622,1511],"product_tag":[],"class_list":{"0":"post-9647","1":"product","2":"type-product","3":"status-publish","4":"has-post-thumbnail","6":"product_brand-agor","7":"product_cat-haroljer","8":"product_cat-sprayer-serum-og-oljer","10":"first","11":"instock","12":"shipping-taxable","13":"product-type-simple"},"_links":{"self":[{"href":"https:\/\/yohannaa.com\/no\/wp-json\/wp\/v2\/product\/9647","targetHints":{"allow":["GET"]}}],"collection":[{"href":"https:\/\/yohannaa.com\/no\/wp-json\/wp\/v2\/product"}],"about":[{"href":"https:\/\/yohannaa.com\/no\/wp-json\/wp\/v2\/types\/product"}],"replies":[{"embeddable":true,"href":"https:\/\/yohannaa.com\/no\/wp-json\/wp\/v2\/comments?post=9647"}],"wp:featuredmedia":[{"embeddable":true,"href":"https:\/\/yohannaa.com\/no\/wp-json\/wp\/v2\/media\/9644"}],"wp:attachment":[{"href":"https:\/\/yohannaa.com\/no\/wp-json\/wp\/v2\/media?parent=9647"}],"wp:term":[{"taxonomy":"product_brand","embeddable":true,"href":"https:\/\/yohannaa.com\/no\/wp-json\/wp\/v2\/product_brand?post=9647"},{"taxonomy":"product_cat","embeddable":true,"href":"https:\/\/yohannaa.com\/no\/wp-json\/wp\/v2\/product_cat?post=9647"},{"taxonomy":"product_tag","embeddable":true,"href":"https:\/\/yohannaa.com\/no\/wp-json\/wp\/v2\/product_tag?post=9647"}],"curies":[{"name":"wp","href":"https:\/\/api.w.org\/{rel}","templated":true}]}}