{"id":9636,"date":"2025-01-05T23:47:31","date_gmt":"2025-01-05T23:47:31","guid":{"rendered":"https:\/\/yohannaa.com\/shop\/creme-of-nature-exotic-shine-harfarge-9-2-lys-karamellbrun\/"},"modified":"2025-01-05T23:48:41","modified_gmt":"2025-01-05T23:48:41","slug":"creme-of-nature-exotic-shine-harfarge-9-2-lys-karamellbrun","status":"publish","type":"product","link":"https:\/\/yohannaa.com\/no\/shop\/harpleie\/harfarge\/creme-of-nature-exotic-shine-harfarge-9-2-lys-karamellbrun\/","title":{"rendered":"Creme of nature exotic shine h\u00e5rfarge 9.2 lys karamellbrun"},"content":{"rendered":"<p>Creme Of Nature Exotic Shine Hair Color Den ultimate kombinasjonen av farge og n\u00e6ringsstoffer. Opplev Creme of Nature h\u00e5rfarger med produkter som gir fyldige, levende og langvarige farger med intens, lysende glans. Sertifiserte naturlige ingredienser fukter og skjemmer bort h\u00e5ret under fargeprosessen for et vakkert, str\u00e5lende resultat. Strengthening Micro-Sphere Technology bruker supersterke pleiende ingredienser og vitaminer som trenger inn i h\u00e5rstr\u00e5et under farging for \u00e5 forhindre skader, t\u00f8rrhet og brudd. Til slutt f\u00f8les h\u00e5ret sterkere og sunnere med Exotic Shine\u2122. Ingredienser og advarsler CREME COLOR DEVELOPER: Aqua\/Water\/Eau, hydrogenperoksid, cetylalkohol, stearylalkohol, oljesyre, fosforsyre, natriumcetearylsulfat, natriumlaurylsulfat, natriumsulfat, tetranatrium-EDTA, metylparaben. PERMANENT CREME GEL H\u00c5RFARGE: Aqua\/Water\/Eau, lauret-2, propylenglykol, isostearinsyre, glyserylstearat SE, ammoniumhydroksid, ammoniumlaurylsulfat, steartrimoniumklorid, kokamidopropylbetain, erytorbinsyre, etanolamin, glyserin, glyseryllinoleat, glyseryllinolenat, Hamamelis Virginiana (trollhassel)bladekstrakt, isopropylalkohol, Lecitin, Panthenol, Polyquaternium-10, Polyquaternium-28, Sorbitol, Stearylalkohol, Tetrasodium EDTA, Tocopheryl Acetate, Xanthan Gum, Parfum (duft), natriumsulfitt, 1-hydroksyetyl-4,5-diaminopyrazolsulfat, 2-metylresorcinol, 4-amino-2-hydroksytoluen, m-aminofenol, p-aminofenol, p-fenylendiamin. ARGAN OIL INTENSIVE CONDITIONING TREATMENT: Aqua\/Water\/Eau, glyserin, cetearylalkohol, cetylalkohol, diketyldimoniumklorid, polykvaternium-37, PEG-12 dimetikon, lanolinolje, akrylat\/stearylmetakrylat-sampolymer, propylenglykoldikaprylat\/-dikaprat, behentrimoniummetosulfat, fenyltrimetikon, polykvaternium-10, amodimetikon, kaprylylglykol, isostearyletylimidazoliniumetosulfat, PPG-1 trideceth-6, panthenol, propylenglykol, argania spinosa kjerneolje, hydrolysert hveteprotein, olea Europaea (oliven) fruktolje, triticum vulgare (hvete) stivelse, mel\/honning\/miel, Kokodimoniumhydroksypropylhydrolysert hveteprotein, Aloe Barbadensis Leaf Juice, isopropylalkohol, sitronsyre, sorbitanoleat, parfyme (duft), benzylbenzoat, fenoksyetanol. BEHANDLING MED ARGANOLJE: Cyclopentasiloxane, Dimethicone, Dimethiconol, Amodimethicone, Aqua\/Water\/Eau, Argania Spinosa Kernel Oil, C11-15 Pareth-7, Glycerin, Laureth-9, Propylene Glycol Dicaprylate\/Dicaprate, Trideceth-12, Benzophenone-3, BHT, Acetic Acid, Parfum (Fragrance), Benzyl Benzoate, Red 17 (CI 26100), Yellow 11 (CI 47000).<\/p>\n","protected":false},"excerpt":{"rendered":"<p>Creme Of Nature Exotic Shine Hair Color<\/p>\n<p>Den ultimate kombinasjonen av farge og n\u00e6ringsstoffer.<\/p>\n<p>Opplev Creme of Nature h\u00e5rfarger med produkter som gir rike, levende og langvarige farger med intens, lysende glans.<\/p>\n<p>Sertifiserte naturlige ingredienser fukter og skjemmer bort h\u00e5ret under fargeprosessen for et vakkert, str\u00e5lende resultat.<\/p>\n","protected":false},"featured_media":9635,"comment_status":"open","ping_status":"closed","template":"","meta":[],"product_brand":[1235],"product_cat":[1484],"product_tag":[],"class_list":{"0":"post-9636","1":"product","2":"type-product","3":"status-publish","4":"has-post-thumbnail","6":"product_brand-creme-of-nature","7":"product_cat-harfarge","9":"first","10":"instock","11":"shipping-taxable","12":"purchasable","13":"product-type-simple"},"_links":{"self":[{"href":"https:\/\/yohannaa.com\/no\/wp-json\/wp\/v2\/product\/9636","targetHints":{"allow":["GET"]}}],"collection":[{"href":"https:\/\/yohannaa.com\/no\/wp-json\/wp\/v2\/product"}],"about":[{"href":"https:\/\/yohannaa.com\/no\/wp-json\/wp\/v2\/types\/product"}],"replies":[{"embeddable":true,"href":"https:\/\/yohannaa.com\/no\/wp-json\/wp\/v2\/comments?post=9636"}],"wp:featuredmedia":[{"embeddable":true,"href":"https:\/\/yohannaa.com\/no\/wp-json\/wp\/v2\/media\/9635"}],"wp:attachment":[{"href":"https:\/\/yohannaa.com\/no\/wp-json\/wp\/v2\/media?parent=9636"}],"wp:term":[{"taxonomy":"product_brand","embeddable":true,"href":"https:\/\/yohannaa.com\/no\/wp-json\/wp\/v2\/product_brand?post=9636"},{"taxonomy":"product_cat","embeddable":true,"href":"https:\/\/yohannaa.com\/no\/wp-json\/wp\/v2\/product_cat?post=9636"},{"taxonomy":"product_tag","embeddable":true,"href":"https:\/\/yohannaa.com\/no\/wp-json\/wp\/v2\/product_tag?post=9636"}],"curies":[{"name":"wp","href":"https:\/\/api.w.org\/{rel}","templated":true}]}}