{"id":9627,"date":"2024-12-27T20:23:43","date_gmt":"2024-12-27T20:23:43","guid":{"rendered":"https:\/\/yohannaa.com\/shop\/sweet-ginger-cleansing-rinse\/"},"modified":"2024-12-27T20:23:43","modified_gmt":"2024-12-27T20:23:43","slug":"sweet-ginger-cleansing-rinse","status":"publish","type":"product","link":"https:\/\/yohannaa.com\/no\/shop\/harpleie\/sjampo\/sweet-ginger-cleansing-rinse\/","title":{"rendered":"Sweet Ginger Cleansing Rinse"},"content":{"rendered":"<p>En rens for naturlig h\u00e5r som fjerner oljer og produktavleiringer samtidig som den tilf\u00f8rer fuktighet til h\u00e5rstr\u00e5ene. Gi h\u00e5ret nytt liv med Sweet Ginger Cleansing Rinse, en aromatisk h\u00e5rrens som er utviklet for \u00e5 vaske h\u00e5rstr\u00e5ene uten \u00e5 fjerne fuktighet. Sjampoen inneholder s\u00f8t ingef\u00e6r og anisolje som gir n\u00e6ring til hodebunn og h\u00e5r &#8211; perfekt for alle h\u00e5rtyper.<\/p>\n<div>\n<p>Viktige ingredienser<\/p>\n<\/div>\n<div class=\"content wysiwyg\">\n<div class=\"metafield-rich_text_field\">\n<p>Ingef\u00e6rrot renser og klarner hodebunnen med sine antiseptiske egenskaper. Anisolje gir fuktighet for \u00e5 lindre t\u00f8rr hodebunn og fremme h\u00e5rvekst.<\/p>\n<div>\n<p>Fullstendige ingredienser<\/p>\n<\/div>\n<div class=\"content wysiwyg\">\n<div class=\"metafield-rich_text_field\">\n<p>Avionisert vann (Aqua) tilsatt zingiber officinale (ingef\u00e6r) rotolje, dinatriumkokosamphodipropionat, natrium C14-16 olefinsulfonat (sulfatfritt rengj\u00f8ringsmiddel), kokosamidopropylbetain (kokosn\u00f8ttrengj\u00f8ringsmiddel), sitronsyre, pimpinella anisum (anisfr\u00f8olje), ricinus communis (ricinusolje), fenoksyetanol (Optiphen Nd), etylheksylglyserin, polykvaternium-10, natriumkokoylisetionat (kokosn\u00f8ttrengj\u00f8ringsmiddel), dekylglukosid (sukkerbasert rengj\u00f8ringsmiddel), glykoldistearat (vegetabilsk), guarhydroksypropyltrimoniumklorid og ftalatfri parfyme.<\/p>\n<div>\n<p>Hvordan bruke<\/p>\n<\/div>\n<div class=\"content wysiwyg\">\n<div class=\"metafield-rich_text_field\">\n<p>Dusj h\u00e5ret i dusjen og p\u00e5f\u00f8r Sweet Ginger Cleansing Rinse i hele h\u00e5rets lengde. For tykkere teksturer, del f\u00f8rst opp h\u00e5ret f\u00f8r p\u00e5f\u00f8ring for \u00e5 sikre at hvert h\u00e5rstr\u00e5 er dekket. Bruk fingrene eller h\u00e5ndflatene til \u00e5 massere inn med vann til h\u00e5ret er rent. F\u00f8lg opp med din favorittbehandling fra Camille Rose.   <\/p>\n<\/div>\n<\/div>\n<\/div>\n<\/div>\n<\/div>\n<\/div>\n","protected":false},"excerpt":{"rendered":"<p>En rens for naturlig h\u00e5r som fjerner oljer og produktavleiringer samtidig som den tilf\u00f8rer fuktighet til h\u00e5rstr\u00e5ene. Gi h\u00e5ret nytt liv med Sweet Ginger Cleansing Rinse, en aromatisk h\u00e5rrens som er utviklet for \u00e5 vaske h\u00e5rstr\u00e5ene uten \u00e5 fjerne fuktighet. Sjampoen inneholder s\u00f8t ingef\u00e6r og anisolje som gir n\u00e6ring til hodebunn og h\u00e5r &#8211; perfekt for alle h\u00e5rtyper.<\/p>\n","protected":false},"featured_media":9626,"comment_status":"open","ping_status":"closed","template":"","meta":[],"product_brand":[1221],"product_cat":[1463],"product_tag":[],"class_list":{"0":"post-9627","1":"product","2":"type-product","3":"status-publish","4":"has-post-thumbnail","6":"product_brand-camille-rose","7":"product_cat-sjampo","9":"first","10":"instock","11":"shipping-taxable","12":"purchasable","13":"product-type-simple"},"_links":{"self":[{"href":"https:\/\/yohannaa.com\/no\/wp-json\/wp\/v2\/product\/9627","targetHints":{"allow":["GET"]}}],"collection":[{"href":"https:\/\/yohannaa.com\/no\/wp-json\/wp\/v2\/product"}],"about":[{"href":"https:\/\/yohannaa.com\/no\/wp-json\/wp\/v2\/types\/product"}],"replies":[{"embeddable":true,"href":"https:\/\/yohannaa.com\/no\/wp-json\/wp\/v2\/comments?post=9627"}],"wp:featuredmedia":[{"embeddable":true,"href":"https:\/\/yohannaa.com\/no\/wp-json\/wp\/v2\/media\/9626"}],"wp:attachment":[{"href":"https:\/\/yohannaa.com\/no\/wp-json\/wp\/v2\/media?parent=9627"}],"wp:term":[{"taxonomy":"product_brand","embeddable":true,"href":"https:\/\/yohannaa.com\/no\/wp-json\/wp\/v2\/product_brand?post=9627"},{"taxonomy":"product_cat","embeddable":true,"href":"https:\/\/yohannaa.com\/no\/wp-json\/wp\/v2\/product_cat?post=9627"},{"taxonomy":"product_tag","embeddable":true,"href":"https:\/\/yohannaa.com\/no\/wp-json\/wp\/v2\/product_tag?post=9627"}],"curies":[{"name":"wp","href":"https:\/\/api.w.org\/{rel}","templated":true}]}}