{"id":9622,"date":"2024-12-26T01:44:22","date_gmt":"2024-12-26T01:44:22","guid":{"rendered":"https:\/\/yohannaa.com\/shop\/doo-gro-triple-strength-hair-vitalizer\/"},"modified":"2024-12-26T01:44:22","modified_gmt":"2024-12-26T01:44:22","slug":"doo-gro-triple-strength-hair-vitalizer","status":"publish","type":"product","link":"https:\/\/yohannaa.com\/no\/shop\/harpleie\/behandlinger\/forsterkende-og-fortykkende-behandling\/doo-gro-triple-strength-hair-vitalizer\/","title":{"rendered":"DOO GRO\u00ae Triple Strength Hair Vitalizer"},"content":{"rendered":"<div class=\"uk-grid uk-flex uk-flex-middle\">\n<div class=\"uk-width-medium-1-2\">\n<ul>\n<li>For alvorlig skadet h\u00e5r<\/li>\n<li>Parabenfri formel<\/li>\n<li>Bidrar til \u00e5 redusere avbrudd slik at h\u00e5ret kan vokse lenger<\/li>\n<\/ul>\n<\/div>\n<\/div>\n<p><strong>Bidrar til \u00e5 fremme sterkt, sunt og glansfullt h\u00e5r.<\/strong>  Denne unike Triple Strength-formelen gj\u00f8r underverker selv p\u00e5 alvorlig skadet h\u00e5r. Sikker \u00e5 bruke p\u00e5 alle typer h\u00e5r, inkludert naturlig, avslappet og fargebehandlet h\u00e5r. <strong>Bruksanvisning:<\/strong> Brukes daglig eller s\u00e5 ofte som n\u00f8dvendig. Masseres forsiktig inn i h\u00e5r og hodebunn. <\/p>\n<p>  M\u00e5 ikke skylles ut. Stil som vanlig.<\/p>\n<h5>For best resultat, bruk familien av DOO GRO\u00ae-produkter<\/h5>\n<p><strong>Advarsel:<\/strong> H\u00e5r er brannfarlig. Brennbarheten \u00f8kes av produkter av denne typen og av opphopning av produkter. Hyppig h\u00e5rvask kan bidra til \u00e5 unng\u00e5 opphopning av produkter. Hold h\u00e5ret borte fra gnister, flammer, ekstrem varme eller tente tobakksprodukter. Ved bruk av presskam, f\u00f8lg instruksjonene som f\u00f8lger med kammen som brukes. Oppbevares utilgjengelig for barn.     <\/p>\n","protected":false},"excerpt":{"rendered":"<ul>\n<li>For alvorlig skadet h\u00e5r<\/li>\n<li>Parabenfri formel<\/li>\n<li>Bidrar til \u00e5 redusere avbrudd slik at h\u00e5ret kan vokse lenger<\/li>\n<\/ul>\n","protected":false},"featured_media":9621,"comment_status":"open","ping_status":"closed","template":"","meta":[],"product_brand":[2158],"product_cat":[1549,1590],"product_tag":[],"class_list":{"0":"post-9622","1":"product","2":"type-product","3":"status-publish","4":"has-post-thumbnail","6":"product_brand-doo-gro","7":"product_cat-behandlinger","8":"product_cat-forsterkende-og-fortykkende-behandling","10":"first","11":"instock","12":"shipping-taxable","13":"purchasable","14":"product-type-simple"},"_links":{"self":[{"href":"https:\/\/yohannaa.com\/no\/wp-json\/wp\/v2\/product\/9622","targetHints":{"allow":["GET"]}}],"collection":[{"href":"https:\/\/yohannaa.com\/no\/wp-json\/wp\/v2\/product"}],"about":[{"href":"https:\/\/yohannaa.com\/no\/wp-json\/wp\/v2\/types\/product"}],"replies":[{"embeddable":true,"href":"https:\/\/yohannaa.com\/no\/wp-json\/wp\/v2\/comments?post=9622"}],"wp:featuredmedia":[{"embeddable":true,"href":"https:\/\/yohannaa.com\/no\/wp-json\/wp\/v2\/media\/9621"}],"wp:attachment":[{"href":"https:\/\/yohannaa.com\/no\/wp-json\/wp\/v2\/media?parent=9622"}],"wp:term":[{"taxonomy":"product_brand","embeddable":true,"href":"https:\/\/yohannaa.com\/no\/wp-json\/wp\/v2\/product_brand?post=9622"},{"taxonomy":"product_cat","embeddable":true,"href":"https:\/\/yohannaa.com\/no\/wp-json\/wp\/v2\/product_cat?post=9622"},{"taxonomy":"product_tag","embeddable":true,"href":"https:\/\/yohannaa.com\/no\/wp-json\/wp\/v2\/product_tag?post=9622"}],"curies":[{"name":"wp","href":"https:\/\/api.w.org\/{rel}","templated":true}]}}