{"id":9609,"date":"2024-12-25T23:08:41","date_gmt":"2024-12-25T23:08:41","guid":{"rendered":"https:\/\/yohannaa.com\/shop\/doo-gro-mega-thick-formula-hair-oil\/"},"modified":"2024-12-25T23:13:36","modified_gmt":"2024-12-25T23:13:36","slug":"doo-gro-mega-thick-formula-hair-oil","status":"publish","type":"product","link":"https:\/\/yohannaa.com\/no\/shop\/harpleie\/sprayer-serum-og-oljer\/doo-gro-mega-thick-formula-hair-oil\/","title":{"rendered":"DOO GRO\u00ae Mega Thick Formula Hair Oil"},"content":{"rendered":"<div class=\"uk-grid uk-flex uk-flex-middle\">\n<div class=\"uk-width-medium-1-2\">\n<ul>\n<li>Fremmer tykt, sterkt og sunt h\u00e5r<\/li>\n<li>Tykker og styrker svakt skadet h\u00e5r<\/li>\n<li>Sheasm\u00f8r, vitaminer og botaniske fortykningsmidler<\/li>\n<li>T\u00f8yler frizzies og gir glans<\/li>\n<li>Bidrar til \u00e5 redusere avbrudd slik at h\u00e5ret kan vokse lenger<\/li>\n<li>Ingen mineralolje &#8211; Ingen silikon &#8211; Parabenfri<\/li>\n<li>Gj\u00f8r svakt, skadet h\u00e5r tykkere<\/li>\n<li>Trygt p\u00e5 avslappet, flettet og flettet h\u00e5r<\/li>\n<\/ul>\n<\/div>\n<\/div>\n<p><strong>DOO GRO\u00ae Mega Thick\u00ae Formula Hair Oil bidrar til \u00e5 gj\u00f8re svakt, skadet h\u00e5r tykkere og sterkere.  <\/strong>Den spesielle blandingen av engskumfr\u00f8olje, vitaminer, urter, sheasm\u00f8r og botaniske fortykningsmidler gir n\u00f8dvendig pleie for et sterkt, sunt og glansfullt h\u00e5r. Fukter t\u00f8rr hodebunn p\u00e5 tynne h\u00e5rkanter og i tinningene. DOO GRO\u00ae Mega Thick\u00ae Formula Hair Oil er trygg for alle typer h\u00e5r, inkludert fargebehandlet, avslappet og flettet h\u00e5r. <\/p>\n<p><strong>Bruksanvisning:<\/strong> P\u00e5 fuktig eller t\u00f8rt h\u00e5r, p\u00e5f\u00f8r direkte i h\u00e5r og hodebunn. Masser forsiktig inn.  M\u00e5 ikke skylles ut. Styles som vanlig. Bruk daglig eller s\u00e5 ofte som n\u00f8dvendig. <\/p>\n<h5>Bruk DOO GRO\u00ae-produkter for best resultat.<\/h5>\n<p><strong>Bruksanvisning for Hot Oil:<\/strong> P\u00e5f\u00f8r rikelig i h\u00e5r og hodebunn etter sjamponering. Masser forsiktig inn. Dekk til h\u00e5ret med en plasthette. La virke i 5-15 minutter. Skyll godt (sjamponer lett om n\u00f8dvendig). Style h\u00e5ret som vanlig.     <\/p>\n","protected":false},"excerpt":{"rendered":"<p><strong>DOO GRO\u00ae Mega Thick\u00ae Formula Hair Oil bidrar til \u00e5 gj\u00f8re svakt, skadet h\u00e5r tykkere og sterkere.  <\/strong>Den spesielle blandingen av engskumfr\u00f8olje, vitaminer, urter, sheasm\u00f8r og botaniske fortykningsmidler gir n\u00f8dvendig pleie for et sterkt, sunt og glansfullt h\u00e5r. Fukter t\u00f8rr hodebunn p\u00e5 tynne h\u00e5rkanter og i tinningene. DOO GRO\u00ae Mega Thick\u00ae Formula Hair Oil er trygg for alle typer h\u00e5r, inkludert fargebehandlet, avslappet og flettet h\u00e5r. <\/p>\n","protected":false},"featured_media":9608,"comment_status":"open","ping_status":"closed","template":"","meta":[],"product_brand":[2158],"product_cat":[1511],"product_tag":[],"class_list":{"0":"post-9609","1":"product","2":"type-product","3":"status-publish","4":"has-post-thumbnail","6":"product_brand-doo-gro","7":"product_cat-sprayer-serum-og-oljer","9":"first","10":"instock","11":"shipping-taxable","12":"purchasable","13":"product-type-simple"},"_links":{"self":[{"href":"https:\/\/yohannaa.com\/no\/wp-json\/wp\/v2\/product\/9609","targetHints":{"allow":["GET"]}}],"collection":[{"href":"https:\/\/yohannaa.com\/no\/wp-json\/wp\/v2\/product"}],"about":[{"href":"https:\/\/yohannaa.com\/no\/wp-json\/wp\/v2\/types\/product"}],"replies":[{"embeddable":true,"href":"https:\/\/yohannaa.com\/no\/wp-json\/wp\/v2\/comments?post=9609"}],"wp:featuredmedia":[{"embeddable":true,"href":"https:\/\/yohannaa.com\/no\/wp-json\/wp\/v2\/media\/9608"}],"wp:attachment":[{"href":"https:\/\/yohannaa.com\/no\/wp-json\/wp\/v2\/media?parent=9609"}],"wp:term":[{"taxonomy":"product_brand","embeddable":true,"href":"https:\/\/yohannaa.com\/no\/wp-json\/wp\/v2\/product_brand?post=9609"},{"taxonomy":"product_cat","embeddable":true,"href":"https:\/\/yohannaa.com\/no\/wp-json\/wp\/v2\/product_cat?post=9609"},{"taxonomy":"product_tag","embeddable":true,"href":"https:\/\/yohannaa.com\/no\/wp-json\/wp\/v2\/product_tag?post=9609"}],"curies":[{"name":"wp","href":"https:\/\/api.w.org\/{rel}","templated":true}]}}