{"id":9605,"date":"2024-12-01T22:28:52","date_gmt":"2024-12-01T22:28:52","guid":{"rendered":"https:\/\/yohannaa.com\/shop\/doo-gro-kloestillende-olje\/"},"modified":"2024-12-01T22:28:52","modified_gmt":"2024-12-01T22:28:52","slug":"doo-gro-kloestillende-olje","status":"publish","type":"product","link":"https:\/\/yohannaa.com\/no\/shop\/harpleie\/sprayer-serum-og-oljer\/doo-gro-kloestillende-olje\/","title":{"rendered":"DOO GRO\u00ae kl\u00f8estillende olje"},"content":{"rendered":"<div class=\"uk-grid uk-flex uk-flex-middle\">\n<div class=\"uk-width-medium-1-2\">\n<ul>\n<li>Bidrar til \u00e5 eliminere t\u00f8rr hodebunn<\/li>\n<li>Fremmer sterkt, glansfullt og sunt h\u00e5r<\/li>\n<li>Tea Tree-olje, sheasm\u00f8r og vitaminformel<\/li>\n<li>Lindrer stramhet i hodebunnen<\/li>\n<li>T\u00f8yler krusete h\u00e5r<\/li>\n<li>Bidrar til \u00e5 redusere avbrudd slik at h\u00e5ret kan vokse lenger<\/li>\n<li>Ingen mineralolje &#8211; ingen vaselin<\/li>\n<li>Ingen silikoner &#8211; Parabenfri<\/li>\n<li>Ingen skadelige kjemikalier<\/li>\n<li>Hjelper med \u00e5 reparere skadet h\u00e5r<\/li>\n<li>Trygt p\u00e5 avslappet, flettet og flettet h\u00e5r<\/li>\n<li>Rist godt f\u00f8r bruk<\/li>\n<\/ul>\n<\/div>\n<\/div>\n<p><strong>DOO GRO\u00ae Anti Itch Oil<\/strong> lindrer kl\u00f8e og stramhet som skyldes t\u00f8rr hodebunn, samtidig som den gir den pleien som er n\u00f8dvendig for et sunt h\u00e5r. Den unike blandingen av tea tree-olje, sheasm\u00f8r, vitamin A og E og urter bidrar til \u00e5 styrke og reparere h\u00e5ret. Passer perfekt til alle typer h\u00e5r, inkludert fargebehandlet, avslappet og flettet h\u00e5r.  <\/p>\n<p><strong>Enkel \u00e5 bruke!<\/strong><\/p>\n<p><strong>Bruksanvisning:<\/strong> P\u00e5 fuktig eller t\u00f8rt h\u00e5r, p\u00e5f\u00f8r direkte i h\u00e5r og hodebunn. Masser forsiktig inn.  M\u00e5 ikke skylles ut. Styles som vanlig. Bruk daglig eller s\u00e5 ofte som n\u00f8dvendig.  Bruk DOO GRO\u00ae-produkter for best resultat.<br \/>\n<strong>Bruksanvisning for Hot Oil:<\/strong> P\u00e5f\u00f8r rikelig i h\u00e5r og hodebunn etter sjamponering. Masser forsiktig inn. Dekk til h\u00e5ret med en plasthette. La virke i 5-15 minutter. Skyll godt (sjamponer lett om n\u00f8dvendig). Style h\u00e5ret som vanlig.     <\/p>\n","protected":false},"excerpt":{"rendered":"<p><strong>DOO GRO\u00ae Anti Itch Oil<\/strong> lindrer kl\u00f8e og stramhet som skyldes t\u00f8rr hodebunn, samtidig som den gir den pleien som er n\u00f8dvendig for sunt h\u00e5r. Den unike blandingen av tea tree-olje, sheasm\u00f8r, vitamin A og E og urter bidrar til \u00e5 styrke og reparere h\u00e5ret. Passer perfekt til alle typer h\u00e5r, inkludert fargebehandlet, avslappet og flettet h\u00e5r.  <\/p>\n","protected":false},"featured_media":9604,"comment_status":"open","ping_status":"closed","template":"","meta":[],"product_brand":[1222],"product_cat":[1511],"product_tag":[],"class_list":{"0":"post-9605","1":"product","2":"type-product","3":"status-publish","4":"has-post-thumbnail","6":"product_brand-agor","7":"product_cat-sprayer-serum-og-oljer","9":"first","10":"instock","11":"shipping-taxable","12":"purchasable","13":"product-type-simple"},"_links":{"self":[{"href":"https:\/\/yohannaa.com\/no\/wp-json\/wp\/v2\/product\/9605","targetHints":{"allow":["GET"]}}],"collection":[{"href":"https:\/\/yohannaa.com\/no\/wp-json\/wp\/v2\/product"}],"about":[{"href":"https:\/\/yohannaa.com\/no\/wp-json\/wp\/v2\/types\/product"}],"replies":[{"embeddable":true,"href":"https:\/\/yohannaa.com\/no\/wp-json\/wp\/v2\/comments?post=9605"}],"wp:featuredmedia":[{"embeddable":true,"href":"https:\/\/yohannaa.com\/no\/wp-json\/wp\/v2\/media\/9604"}],"wp:attachment":[{"href":"https:\/\/yohannaa.com\/no\/wp-json\/wp\/v2\/media?parent=9605"}],"wp:term":[{"taxonomy":"product_brand","embeddable":true,"href":"https:\/\/yohannaa.com\/no\/wp-json\/wp\/v2\/product_brand?post=9605"},{"taxonomy":"product_cat","embeddable":true,"href":"https:\/\/yohannaa.com\/no\/wp-json\/wp\/v2\/product_cat?post=9605"},{"taxonomy":"product_tag","embeddable":true,"href":"https:\/\/yohannaa.com\/no\/wp-json\/wp\/v2\/product_tag?post=9605"}],"curies":[{"name":"wp","href":"https:\/\/api.w.org\/{rel}","templated":true}]}}