{"id":9595,"date":"2024-12-25T20:07:57","date_gmt":"2024-12-25T20:07:57","guid":{"rendered":"https:\/\/yohannaa.com\/shop\/agor-okologisk-rosmarinolje-for-har-og-hud-250-ml\/"},"modified":"2024-12-25T23:27:55","modified_gmt":"2024-12-25T23:27:55","slug":"agor-okologisk-rosmarinolje-for-har-og-hud-250-ml","status":"publish","type":"product","link":"https:\/\/yohannaa.com\/no\/shop\/harpleie\/sprayer-serum-og-oljer\/agor-okologisk-rosmarinolje-for-har-og-hud-250-ml\/","title":{"rendered":"Agor \u00d8kologisk rosmarinolje for h\u00e5r og hud (250 ml)"},"content":{"rendered":"<p>Revitaliser h\u00e5ret og forynge huden med Agor Organic Rosemary Oil (250 ml) Opplev den transformerende kraften i Agor Organic Rosemary Oil (250 ml) og finn hemmeligheten bak vakkert h\u00e5r og str\u00e5lende hud. Denne f\u00f8rsteklasses oljen er hentet fra de fineste \u00f8kologiske rosmarinplantene kombinert med mandelolje, og er spesielt formulert for \u00e5 gi eksepsjonelle fordeler for h\u00e5ret og huden din, p\u00e5 en naturlig m\u00e5te.<\/p>\n<p>Si farvel til glansl\u00f8st h\u00e5r og god dag til et hode fullt av livlige, sunne lokker. Agor Organic Rosemary Oil (250 ml) er rik p\u00e5 viktige n\u00e6ringsstoffer og antioksidanter som styrker h\u00e5rsekkene, fremmer h\u00e5rvekst og reduserer h\u00e5rtap. F\u00e5 et fyldig og glansfullt h\u00e5r som utstr\u00e5ler selvtillit og skj\u00f8nnhet. Denne bemerkelsesverdige oljen er ikke bare begrenset til h\u00e5rpleie, den gj\u00f8r ogs\u00e5 underverker for huden din. Med sine kraftige antioksidantegenskaper bekjemper Agor Organic Rosemary Oil (250 ml) frie radikaler og bidrar til \u00e5 redusere forekomsten av fine linjer, rynker og andre tegn p\u00e5 aldring. F\u00e5 en ungdommelig, str\u00e5lende hud som vekker oppsikt og styrker selvtilliten din. V\u00e5r n\u00f8ye utformede formel sikrer maksimal renhet og effektivitet. Denne \u00f8kologiske rosmarinoljen er utvunnet ved hjelp av avanserte destillasjonsteknikker, og den beholder sine potente egenskaper for \u00e5 levere enest\u00e5ende resultater. Hver dr\u00e5pe av Agor Organic Rosemary Oil er et bevis p\u00e5 v\u00e5rt engasjement for ditt velv\u00e6re. Masser oljen inn i hodebunnen for \u00e5 styrke h\u00e5rsekkene og stimulere h\u00e5rveksten, og f\u00e5 et glansfullt og sunt h\u00e5r. Se hvordan h\u00e5ret ditt forvandles til en str\u00e5lende skj\u00f8nnhet. For \u00e5 revitalisere huden kan du massere blandingen forsiktig inn i ansiktet og p\u00e5 kroppen, slik at oljen trenger dypt inn og gir n\u00e6ring til huden innenfra. Opplev en mer ungdommelig og levende hud som str\u00e5ler av naturlig gl\u00f8d. Velg Agor for dine h\u00e5r- og hudpleiebehov. V\u00e5r forpliktelse til b\u00e6rekraftig og milj\u00f8vennlig praksis sikrer at hver eneste dr\u00e5pe er fri for skadelige kjemikalier og spr\u00f8ytemidler. Omfavn naturens gaver og avdekk ditt sanne skj\u00f8nnhetspotensial. Opplev de bemerkelsesverdige fordelene med Agor Organic Rosemary Oil (250 ml) i dag. L\u00f8ft din h\u00e5r- og hudpleierutine og avsl\u00f8r den beste versjonen av deg selv, og nyt selvtilliten som f\u00f8lger med vakkert h\u00e5r og hud.  <\/p>\n","protected":false},"excerpt":{"rendered":"<p>Revitaliser h\u00e5ret og forynge huden med Agor Organic Rosemary Oil (250 ml) Opplev den transformerende kraften i Agor Organic Rosemary Oil (250 ml) og finn hemmeligheten bak vakkert h\u00e5r og str\u00e5lende hud. Denne f\u00f8rsteklasses oljen er hentet fra de fineste \u00f8kologiske rosmarinplantene kombinert med mandelolje, og er spesielt formulert for \u00e5 gi eksepsjonelle fordeler for h\u00e5ret og huden din, p\u00e5 en naturlig m\u00e5te.<\/p>\n","protected":false},"featured_media":9592,"comment_status":"open","ping_status":"closed","template":"","meta":[],"product_brand":[1222],"product_cat":[1511],"product_tag":[],"class_list":{"0":"post-9595","1":"product","2":"type-product","3":"status-publish","4":"has-post-thumbnail","6":"product_brand-agor","7":"product_cat-sprayer-serum-og-oljer","9":"first","10":"instock","11":"shipping-taxable","12":"purchasable","13":"product-type-simple"},"_links":{"self":[{"href":"https:\/\/yohannaa.com\/no\/wp-json\/wp\/v2\/product\/9595","targetHints":{"allow":["GET"]}}],"collection":[{"href":"https:\/\/yohannaa.com\/no\/wp-json\/wp\/v2\/product"}],"about":[{"href":"https:\/\/yohannaa.com\/no\/wp-json\/wp\/v2\/types\/product"}],"replies":[{"embeddable":true,"href":"https:\/\/yohannaa.com\/no\/wp-json\/wp\/v2\/comments?post=9595"}],"wp:featuredmedia":[{"embeddable":true,"href":"https:\/\/yohannaa.com\/no\/wp-json\/wp\/v2\/media\/9592"}],"wp:attachment":[{"href":"https:\/\/yohannaa.com\/no\/wp-json\/wp\/v2\/media?parent=9595"}],"wp:term":[{"taxonomy":"product_brand","embeddable":true,"href":"https:\/\/yohannaa.com\/no\/wp-json\/wp\/v2\/product_brand?post=9595"},{"taxonomy":"product_cat","embeddable":true,"href":"https:\/\/yohannaa.com\/no\/wp-json\/wp\/v2\/product_cat?post=9595"},{"taxonomy":"product_tag","embeddable":true,"href":"https:\/\/yohannaa.com\/no\/wp-json\/wp\/v2\/product_tag?post=9595"}],"curies":[{"name":"wp","href":"https:\/\/api.w.org\/{rel}","templated":true}]}}