{"id":9589,"date":"2024-10-25T19:55:17","date_gmt":"2024-10-25T19:55:17","guid":{"rendered":"https:\/\/yohannaa.com\/shop\/agor-okologisk-harbalsam-500-ml\/"},"modified":"2024-12-25T19:55:17","modified_gmt":"2024-12-25T19:55:17","slug":"agor-okologisk-harbalsam-500-ml","status":"publish","type":"product","link":"https:\/\/yohannaa.com\/no\/shop\/harpleie\/balsam\/agor-okologisk-harbalsam-500-ml\/","title":{"rendered":"Agor \u00d8kologisk h\u00e5rbalsam (500 ml)"},"content":{"rendered":"<p>Agor \u00f8kologisk h\u00e5rbalsam er en luksuri\u00f8s balsam med en lett fl\u00f8yelsaktig tekstur. Gjenoppretter fuktighet og l\u00f8sner h\u00e5ret. Blanding av n\u00e6rende \u00f8kologisk shean\u00f8ttsm\u00f8r, jojoba, solsikke, olivenolje og andre naturlige ingredienser. Den gir fuktighet og gj\u00f8r h\u00e5ret mer medgj\u00f8rlig. Helbreder skjellende t\u00f8rr hodebunn og passer for alle h\u00e5rtyper.    <\/p>\n<p>&nbsp;<\/p>\n<ul>\n<li>Reduserer r\u00f8dhet og irritasjon i hodebunnen<\/li>\n<li>Mer h\u00e5ndterbart, mykere og glansfullt h\u00e5r<\/li>\n<li>Forhindre h\u00e5ravfall og fremme h\u00e5rets tykkelse<\/li>\n<li>Fremmer h\u00e5rvekst<\/li>\n<li>Helbreder skjellende og t\u00f8rr hodebunn<\/li>\n<\/ul>\n<p>&nbsp;<\/p>\n<p><strong>Ingredienser:<\/strong><\/p>\n<p>Sheasm\u00f8r, jojobaolje, solsikkeolje, vann (Aqua), olivenolje, fikenekstrakt, gInger, avokadoolje, ricinusolje, aloe vera, parfyme (eterisk olje), sukkerbetain<\/p>\n","protected":false},"excerpt":{"rendered":"<p>Agor \u00f8kologisk h\u00e5rbalsam er en luksuri\u00f8s balsam med en lett fl\u00f8yelsaktig tekstur. Gjenoppretter fuktighet og l\u00f8sner h\u00e5ret. Blanding av n\u00e6rende \u00f8kologisk shean\u00f8ttsm\u00f8r, jojoba, solsikke, olivenolje og andre naturlige ingredienser. Den gir fuktighet og gj\u00f8r h\u00e5ret mer medgj\u00f8rlig. Helbreder skjellende t\u00f8rr hodebunn og passer for alle h\u00e5rtyper.    <\/p>\n<p>&nbsp;<\/p>\n","protected":false},"featured_media":9586,"comment_status":"open","ping_status":"closed","template":"","meta":[],"product_brand":[1222],"product_cat":[1489],"product_tag":[],"class_list":{"0":"post-9589","1":"product","2":"type-product","3":"status-publish","4":"has-post-thumbnail","6":"product_brand-agor","7":"product_cat-balsam","9":"first","10":"instock","11":"shipping-taxable","12":"purchasable","13":"product-type-simple"},"_links":{"self":[{"href":"https:\/\/yohannaa.com\/no\/wp-json\/wp\/v2\/product\/9589","targetHints":{"allow":["GET"]}}],"collection":[{"href":"https:\/\/yohannaa.com\/no\/wp-json\/wp\/v2\/product"}],"about":[{"href":"https:\/\/yohannaa.com\/no\/wp-json\/wp\/v2\/types\/product"}],"replies":[{"embeddable":true,"href":"https:\/\/yohannaa.com\/no\/wp-json\/wp\/v2\/comments?post=9589"}],"wp:featuredmedia":[{"embeddable":true,"href":"https:\/\/yohannaa.com\/no\/wp-json\/wp\/v2\/media\/9586"}],"wp:attachment":[{"href":"https:\/\/yohannaa.com\/no\/wp-json\/wp\/v2\/media?parent=9589"}],"wp:term":[{"taxonomy":"product_brand","embeddable":true,"href":"https:\/\/yohannaa.com\/no\/wp-json\/wp\/v2\/product_brand?post=9589"},{"taxonomy":"product_cat","embeddable":true,"href":"https:\/\/yohannaa.com\/no\/wp-json\/wp\/v2\/product_cat?post=9589"},{"taxonomy":"product_tag","embeddable":true,"href":"https:\/\/yohannaa.com\/no\/wp-json\/wp\/v2\/product_tag?post=9589"}],"curies":[{"name":"wp","href":"https:\/\/api.w.org\/{rel}","templated":true}]}}