{"id":9566,"date":"2024-12-01T12:23:47","date_gmt":"2024-12-01T12:23:47","guid":{"rendered":"https:\/\/yohannaa.com\/shop\/agor-watermelon-brightening-glow-toner-50-ml-trinn-3\/"},"modified":"2024-12-19T12:23:47","modified_gmt":"2024-12-19T12:23:47","slug":"agor-watermelon-brightening-glow-toner-50-ml-trinn-3","status":"publish","type":"product","link":"https:\/\/yohannaa.com\/no\/shop\/hudpleie\/hudbehandlinger\/ansiktspleie\/agor-watermelon-brightening-glow-toner-50-ml-trinn-3\/","title":{"rendered":"Agor Watermelon Brightening Glow Toner 50 ml (trinn 3)"},"content":{"rendered":"<p>Oppdag hemmeligheten bak str\u00e5lende hud med Agor Watermelon Brightening Glow Toner! Velkommen til en verden av hudpleietransformasjon. Agor Watermelon Brightening Glow Toner er n\u00f8kkelen til \u00e5 oppn\u00e5 en str\u00e5lende og ungdommelig hudfarge. Med 50 ml ren utstr\u00e5ling i hver flaske er denne toneren din ultimate hudpleiel\u00f8sning.<\/p>\n<p><strong>Fordeler:<\/strong><\/p>\n<p><strong>Vannmelonekstrakt:<\/strong> Fullpakket med antioksidanter, forynger og fukter, og etterlater huden smidig og oppfrisket. <strong>Lysnende formel:<\/strong> Si farvel til sl\u00f8vhet! V\u00e5r ansiktsvann hjelper til med \u00e5 viske ut m\u00f8rke flekker og ujevn hudtone, tetter porene og fukter huden slik at du f\u00e5r en str\u00e5lende hudfarge. <strong>Sk\u00e5nsom eksfoliering:<\/strong> De milde eksfolierende egenskapene til denne toneren fjerner d\u00f8de hudceller og gir en jevnere tekstur. <strong> Fuktighetsboost:<\/strong> Nyter langvarig fuktighet og duggfrisk hud. <strong>Naturlige ingredienser:<\/strong> Vi bruker bare de fineste naturlige ingrediensene for \u00e5 sikre at huden din f\u00e5r den pleien den fortjener. <strong>50 ml ren eleganse:<\/strong> Denne kompakte og praktiske flasken er perfekt for hudpleie p\u00e5 farten.<\/p>\n<p><strong>Hvorfor velge Agor Watermelon Brightening Glow Toner:<\/strong><\/p>\n<p><strong>Dokumenterte resultater:<\/strong> V\u00e5r ansiktsvann har f\u00e5tt str\u00e5lende anmeldelser for sin utrolige lysnende og fuktighetsgivende effekt. <strong>Enkel \u00e5 bruke:<\/strong> Inkorporer den s\u00f8ml\u00f8st i hudpleierutinen din. <strong>Perfekt for alle hudtyper:<\/strong> Enten du har fet, t\u00f8rr eller kombinert hud, er dette ansiktsvannet det rette produktet for deg. <strong>\u00d8ker selvtilliten din:<\/strong> En str\u00e5lende hudfarge kan styrke selvtilliten din, slik at du er klar til \u00e5 erobre verden! Gj\u00f8r som de tusenvis av forn\u00f8yde kundene som har opplevd forskjellen med Agor. Gi hudpleierutinen din et l\u00f8ft med v\u00e5r Watermelon Brightening Glow Toner i dag! Opplev Agor Watermelon Brightening Glow Toner &#8211; din reise mot str\u00e5lende hud begynner i dag!<\/p>\n<p><strong>HVORDAN BRUKE<\/strong><\/p>\n<p><strong>Trinn 1: <\/strong>Forberedelse Begynn med et rent ansikt. Rens huden forsiktig med Agor hyaluronic smoothing cleanser og Agor vitamin c glow enzyme scrub. S\u00f8rg for at huden er fri for sminke, smuss og urenheter. <strong>Trinn 2: <\/strong>Fordel toneren Ta Agor Watermelon Brightening Glow Toner og hell en liten mengde toner p\u00e5 en bomullspad eller i h\u00e5ndflaten. <strong>Trinn 3: <\/strong> <strong>P\u00e5f\u00f8ringsalternativ 1<\/strong> &#8211; Bruk en bomullsdott: Hvis du bruker en bomullspad, stryker du den fuktete paden forsiktig over ansiktet, fra midten og utover. V\u00e6r spesielt oppmerksom p\u00e5 omr\u00e5der med ujevn hudtone eller m\u00f8rke flekker.<br \/>\nUnng\u00e5 det \u00f8mfintlige \u00f8yeomr\u00e5det, og v\u00e6r forsiktig n\u00e5r du p\u00e5f\u00f8rer. <strong>Alternativ 2<\/strong> &#8211; P\u00e5f\u00f8ring med hendene: Hvis du foretrekker \u00e5 bruke hendene, heller du en liten mengde toner i h\u00e5ndflaten.<br \/>\nKlapp toneren forsiktig inn i ansiktet og p\u00e5 halsen, men unng\u00e5 \u00f8yeomr\u00e5det. <strong>Trinn 4: <\/strong>La ansiktsvannet trekke inn i huden i noen f\u00e5 \u00f8yeblikk. Du vil kanskje kjenne en forfriskende og kj\u00f8lig f\u00f8lelse mens den tilf\u00f8rer huden fuktighet og gir den gl\u00f8d. <strong>Trinn 5:<\/strong> F\u00f8lg med hudpleierutinen Etter at toneren har trukket helt inn, kan du fortsette med din vanlige hudpleierutine eller g\u00e5 videre til trinn 4 i Agor Skin care 8-produktserien.<\/p>\n<p><strong>Ytterligere informasjon<\/strong><\/p>\n<p>For best resultat b\u00f8r du bruke Agor Watermelon Brightening Glow Toner to ganger om dagen, om morgenen og f\u00f8r sengetid. Konsistens er n\u00f8kkelen til \u00e5 oppn\u00e5 en str\u00e5lende hudfarge. <\/p>\n<p><strong>Ingredienser<\/strong><\/p>\n<p>Aqua, Citrullus Vulgaris (vannmelon) fruktekstrakt, vitamin E, glyserin, betain, anhydroksylitol, Tremella Fuciformis (sopp) ekstrakt, Centella Asiatica ekstrakt, natriumhyaluronat, natriumakrylatkopolymer, xylitol, isoheksadekan, sorbitanoleat<\/p>\n","protected":false},"excerpt":{"rendered":"<p>Oppdag hemmeligheten bak str\u00e5lende hud med Agor Watermelon Brightening Glow Toner! Velkommen til en verden av hudpleietransformasjon. V\u00e5r Agor Watermelon Brightening Glow Toner er n\u00f8kkelen til \u00e5 oppn\u00e5 en str\u00e5lende og ungdommelig hudfarge. Med 50 ml ren utstr\u00e5ling i hver flaske er denne toneren din ultimate hudpleiel\u00f8sning.<\/p>\n<p>&nbsp;<\/p>\n","protected":false},"featured_media":9561,"comment_status":"open","ping_status":"closed","template":"","meta":[],"product_brand":[1222],"product_cat":[2425],"product_tag":[],"class_list":{"0":"post-9566","1":"product","2":"type-product","3":"status-publish","4":"has-post-thumbnail","6":"product_brand-agor","7":"product_cat-ansiktspleie","9":"first","10":"instock","11":"shipping-taxable","12":"purchasable","13":"product-type-simple"},"_links":{"self":[{"href":"https:\/\/yohannaa.com\/no\/wp-json\/wp\/v2\/product\/9566","targetHints":{"allow":["GET"]}}],"collection":[{"href":"https:\/\/yohannaa.com\/no\/wp-json\/wp\/v2\/product"}],"about":[{"href":"https:\/\/yohannaa.com\/no\/wp-json\/wp\/v2\/types\/product"}],"replies":[{"embeddable":true,"href":"https:\/\/yohannaa.com\/no\/wp-json\/wp\/v2\/comments?post=9566"}],"wp:featuredmedia":[{"embeddable":true,"href":"https:\/\/yohannaa.com\/no\/wp-json\/wp\/v2\/media\/9561"}],"wp:attachment":[{"href":"https:\/\/yohannaa.com\/no\/wp-json\/wp\/v2\/media?parent=9566"}],"wp:term":[{"taxonomy":"product_brand","embeddable":true,"href":"https:\/\/yohannaa.com\/no\/wp-json\/wp\/v2\/product_brand?post=9566"},{"taxonomy":"product_cat","embeddable":true,"href":"https:\/\/yohannaa.com\/no\/wp-json\/wp\/v2\/product_cat?post=9566"},{"taxonomy":"product_tag","embeddable":true,"href":"https:\/\/yohannaa.com\/no\/wp-json\/wp\/v2\/product_tag?post=9566"}],"curies":[{"name":"wp","href":"https:\/\/api.w.org\/{rel}","templated":true}]}}