{"id":9530,"date":"2024-12-15T22:05:05","date_gmt":"2024-12-15T22:05:05","guid":{"rendered":"https:\/\/yohannaa.com\/shop\/rengjoringsmiddel-100-ml-trinn-1\/"},"modified":"2024-12-18T02:57:15","modified_gmt":"2024-12-18T02:57:15","slug":"rengjoringsmiddel-100-ml-trinn-1","status":"publish","type":"product","link":"https:\/\/yohannaa.com\/no\/shop\/hudpleie\/hudbehandlinger\/ansiktspleie\/rengjoringsmiddel-100-ml-trinn-1\/","title":{"rendered":"Rengj\u00f8ringsmiddel 100 ml (trinn 1)"},"content":{"rendered":"<p>Rengj\u00f8ringsmiddel 100 ml (trinn 1)<\/p>\n<p>Agor Hyaluronic Smoothing Cleanser er utviklet i samarbeid med dermatologer for \u00e5 rense og eksfoliere huden sk\u00e5nsomt uten \u00e5 forstyrre den beskyttende hudbarrieren, slik at huden blir myk, glatt og sunn.<\/p>\n<p>Den lett skummende, parfymefrie formelen til Hyaluronic Acid Cleanser fjerner olje, smuss og sminke, og v\u00e5r utglattende rens er utviklet for \u00e5 lindre hudens ru og ujevne tekstur, slik at den f\u00f8les glattere og mykere. <strong>Passer for:<\/strong><br \/>\nAlle hudtyper<br \/>\nSensitiv hud<br \/>\nT\u00f8rr, ru og ujevn hud<br \/>\nEksemutsatt hud <strong>Slik bruker du<\/strong><br \/>\nKan brukes dag og natt i hudpleierutinen din. Masser forsiktig inn en liten mengde Hyaluronic Acid Cleanser p\u00e5 fuktet ansikt og hals, og skyll deretter grundig. F\u00f8lg opp med Agor Vitamin C Glow Enzyme Scrub (anbefales 1-2 ganger i uken) som neste trinn etter rensing, og p\u00e5f\u00f8r deretter \u00f8nsket behandling og fuktighetskrem (trinn 3 til 8). P\u00e5f\u00f8r Agor SPF 50+ Sun Cream som siste trinn i daghudpleierutinen og Agor Retinol Serum som siste trinn i kveldshudpleierutinen. <strong>Ingredienser<\/strong><br \/>\nAqua, Sodium Hyaluronate (Hyaluronic Acid Serum), Sodium Lauroyl Sarcosinate, Cocamidopropyl Betaine, Sodium Chloride, Glycerin, Vitamin B5, Aroma, Citric Acid, Dipeptide-1, Potassium Sorbate <strong>Caution<\/strong><br \/>\nDette rengj\u00f8ringsmiddelet er egnet til bruk p\u00e5 \u00f8yeomr\u00e5det. Unng\u00e5 direkte kontakt med \u00f8ynene. Hvis produktet kommer i \u00f8ynene, vask \u00f8yeblikkelig. Oppbevares t\u00f8rt og kj\u00f8lig, beskyttet mot sollys. Kun til utvortes bruk. Oppbevares utilgjengelig for barn.<\/p>\n<div class=\"product-blocks__block product-blocks__block--accordion_content \">\n<div id=\"c-accordion--accordion_item1\" class=\"js-accordion c-accordion c-accordion--default c-accordion--vantage c-accordion--product c-accordion--accordion_item1 accordion-expanded\">\n<div class=\"c-accordion__header-icons\"><\/div>\n<div id=\"c-accordion__panel--accordion_item1\" class=\"c-accordion__panel c-accordion__panel--accordion_item1 c-accordion__panel--\" data-parent=\"#c-accordion--accordion_item1\">\n<div class=\"c-accordion__inner\">\n<p>Skriv inn innholdet som skal brukes i det valgte trekkspillpanelet.<\/p>\n<\/div>\n<\/div>\n<\/div>\n<\/div>\n","protected":false},"excerpt":{"rendered":"<p>Agor Hyaluronic Smoothing Cleanser er utviklet i samarbeid med dermatologer for \u00e5 rense og eksfoliere huden sk\u00e5nsomt uten \u00e5 forstyrre den beskyttende hudbarrieren, slik at huden blir myk, glatt og sunn.<\/p>\n","protected":false},"featured_media":9529,"comment_status":"open","ping_status":"closed","template":"","meta":[],"product_brand":[1222],"product_cat":[2425,1639],"product_tag":[],"class_list":{"0":"post-9530","1":"product","2":"type-product","3":"status-publish","4":"has-post-thumbnail","6":"product_brand-agor","7":"product_cat-ansiktspleie","8":"product_cat-rengjoringsmidler","10":"first","11":"instock","12":"shipping-taxable","13":"purchasable","14":"product-type-simple"},"_links":{"self":[{"href":"https:\/\/yohannaa.com\/no\/wp-json\/wp\/v2\/product\/9530","targetHints":{"allow":["GET"]}}],"collection":[{"href":"https:\/\/yohannaa.com\/no\/wp-json\/wp\/v2\/product"}],"about":[{"href":"https:\/\/yohannaa.com\/no\/wp-json\/wp\/v2\/types\/product"}],"replies":[{"embeddable":true,"href":"https:\/\/yohannaa.com\/no\/wp-json\/wp\/v2\/comments?post=9530"}],"wp:featuredmedia":[{"embeddable":true,"href":"https:\/\/yohannaa.com\/no\/wp-json\/wp\/v2\/media\/9529"}],"wp:attachment":[{"href":"https:\/\/yohannaa.com\/no\/wp-json\/wp\/v2\/media?parent=9530"}],"wp:term":[{"taxonomy":"product_brand","embeddable":true,"href":"https:\/\/yohannaa.com\/no\/wp-json\/wp\/v2\/product_brand?post=9530"},{"taxonomy":"product_cat","embeddable":true,"href":"https:\/\/yohannaa.com\/no\/wp-json\/wp\/v2\/product_cat?post=9530"},{"taxonomy":"product_tag","embeddable":true,"href":"https:\/\/yohannaa.com\/no\/wp-json\/wp\/v2\/product_tag?post=9530"}],"curies":[{"name":"wp","href":"https:\/\/api.w.org\/{rel}","templated":true}]}}