{"id":9526,"date":"2024-12-15T21:37:16","date_gmt":"2024-12-15T21:37:16","guid":{"rendered":"https:\/\/yohannaa.com\/shop\/dark-lovely-fade-resist-rik-pleiende-farge-jet-black-371\/"},"modified":"2024-12-15T21:37:16","modified_gmt":"2024-12-15T21:37:16","slug":"dark-lovely-fade-resist-rik-pleiende-farge-jet-black-371","status":"publish","type":"product","link":"https:\/\/yohannaa.com\/no\/shop\/harpleie\/harfarge\/dark-lovely-fade-resist-rik-pleiende-farge-jet-black-371\/","title":{"rendered":"Dark &amp; Lovely Fade Resist, rik pleiende farge &#8211; Jet Black 371"},"content":{"rendered":"<p>Bli sett og imponert med Dark &amp; Lovely Fade Resist &#8211; h\u00e5rfargen du kan stole p\u00e5 for str\u00e5lende, langvarige resultater. Fade Resist er oppdatert med v\u00e5r NYE Moisture Mask, som n\u00e5 gir enda bedre fuktighet til h\u00e5ret. Formulert med sheasm\u00f8r, solsikkeolje og vitamin E, \u00f8ker v\u00e5r naturlig avledede Moisture Mask fuktigheten med 40 % etter farging, og hjelper til med \u00e5 gi n\u00e6ring, l\u00f8sne og glatte h\u00e5ret samtidig som den l\u00e5ser fargen i opptil 8 uker. Din permanente favorittfarge har nettopp blitt dristigere med tre NYE nyanser som gj\u00f8r inntrykk p\u00e5 m\u00f8rkt, strukturert h\u00e5r: Reality Red, Poppin Pink og Virtual Violet. Fade Resist er IT for en fyldig, levende vegansk farge som pleier og beskytter h\u00e5ret ditt.    <\/p>\n<div class=\"accordion__title\">\n<p>Produktinformasjon<\/p>\n<div class=\"icon-trigger icon-trigger--turn\"><\/div>\n<\/div>\n<div id=\"accordion-product-information-1749\" class=\"accordion__content\">-Rik, fagmessig laget permanent h\u00e5rfarge for strukturert h\u00e5r -Popper p\u00e5 m\u00f8rkt h\u00e5r i opptil 8 uker og gir str\u00e5lende glans -Perfekt for 4C-h\u00e5r og fungerer p\u00e5 alle kr\u00f8ller, spoler og h\u00e5rteksturer -Oksidativ h\u00e5rfarge som gir opptil 2.5 niv\u00e5er av l\u00f8ft -Etter fargepleie med ny 97 % naturlig avledet Moisture Mask, blandet med sheasm\u00f8r, solsikkeolje og vitamin E -Moisture Mask \u00f8ker fuktigheten med 40 % etter farging<br \/>\n-No-drip gel\u00e9formel for enkel p\u00e5f\u00f8ring<br \/>\n-Nummer 1 h\u00e5rfarge for afroamerikanske kvinner med den st\u00f8rste nyansepaletten for en rekke hudtoner<br \/>\n-99 % biologisk nedbrytbar, parabenfri og silikonfri vegansk h\u00e5rfarge<br \/>\n-Opp til 100 % gr\u00e5 dekning.<\/p>\n<\/div>\n<div>\n<div class=\"accordion__title\">\n<p>Hvordan bruke<\/p>\n<div class=\"icon-trigger icon-trigger--turn\"><\/div>\n<\/div>\n<div id=\"accordion-how-to-use-873\" class=\"accordion__content\">P\u00e5f\u00f8ring <strong>p\u00e5 hele hodet<br \/>\n<\/strong>F\u00f8lg disse instruksjonene hvis dette er f\u00f8rste gang du farger eller hvis du velger en nyanse som er m\u00f8rkere enn du vanligvis bruker.<br \/>\n&#8211; Ta p\u00e5 deg hansker og foreta en h\u00e5rstr\u00e5test.<br \/>\n&#8211; Bland fremkaller og farge.<br \/>\n&#8211; P\u00e5f\u00f8r blandingen i t\u00f8rt h\u00e5r i seksjoner og glatt ut.<br \/>\n&#8211; Vent i 30 minutter hvis du har naturlig h\u00e5r eller i 20 minutter hvis du har avslappet h\u00e5r.<br \/>\n&#8211; Skyll grundig.<br \/>\n&#8211; Plei med Moisture Mask. <strong>Root Retouch Application<br \/>\n<\/strong>F\u00f8lg denne metoden hvis du har farget med denne fargen eller en lignende farge og det har g\u00e5tt 6-8 uker siden sist du farget. &#8211; Bruk tuppen av applikatorflasken til \u00e5 lage sm\u00e5 seksjoner og p\u00e5f\u00f8r fargeblandingen til alle r\u00f8ttene er mettet. &#8211; Sett timeren p\u00e5 20 minutter hvis du har naturlig h\u00e5r, eller 15 minutter hvis du har avslappet h\u00e5r. &#8211; For \u00e5 friske opp endene, fordel den gjenv\u00e6rende fargeblandingen i mellomlengdene og endene. Etter at h\u00e5ret er mettet, sett timeren p\u00e5 10 minutter hvis du har naturlig h\u00e5r eller 5 minutter hvis du har avslappet h\u00e5r. &#8211; Skyll grundig. &#8211; Etterbehandle med Moisture Mask. <strong>TIPS<\/strong><br \/>\n&#8211; For h\u00e5r med motstandsdyktig gr\u00e5tt h\u00e5r, p\u00e5f\u00f8r f\u00f8rst p\u00e5 de gr\u00e5 omr\u00e5dene.<br \/>\n&#8211; Hvis du f\u00e5r fargeblandingen p\u00e5 huden, t\u00f8rker du av med et h\u00e5ndkle.<br \/>\n&#8211; Ikke oppbevar ubrukt blanding. Beholderen kan eksplodere.<\/p><\/div>\n<div>\n<div class=\"accordion__title\">\n<p>Ingredienser<\/p>\n<div class=\"icon-trigger icon-trigger--turn\"><\/div>\n<\/div>\n<div id=\"accordion-ingredients-7638\" class=\"accordion__content\">Kremutvikler: AQUA \/ WATER \/ EAU, HYDROGEN PEROXIDE, CETEARYL ALCOHOL, TRIDECETH-2 CARBOXAMIDE MEA, CETEARETH-25, GLYCERIN, TETRASODIUM ETIDRONATE, TETRASODIUM PYROPHOSPHATE, SODIUM SALICYLATE, PHOSPHORIC ACID Moisture Mask: AQUA \/ WATER \/ EAU, CETEARYL ALCOHOL, GLYCERIN, BEHENTRIMONIUM CHLORIDE, CANDELILLA CERA \/ CANDELILLA WAX \/ CIRE DE CANDELILLA, AMODIMETHICONE, CETYL ESTERS, ISOPROPYL ALCOHOL, PARFUM \/ FRAGRANCE, PHENOXYETHANOL, TRIDECETH-6, LINALOOL, ARGANIA SPINOSA KERNEL OIL, GLYCINE SOJA OIL \/ SOYBEAN OIL, TOCOPHEROL, CHLORHEXIDINE DIGLUCONATE, CETRIMONIUM CHLORIDE, SODIUM HYDROXIDE Rich Conditioning Color: AQUA \/ WATER \/ EAU, ALCOHOL DENAT., PEG-4 RAPESEEDAMIDE, GLYCERYL LAURYL ETHER, DECETH-3, PROPYLENE GLYCOL, ETHANOLAMINE, LAURETH-5 CARBOXYLIC ACID, DIPROPYLENE GLYCOL, HEXYLENE GLYCOL, POLOXAMER 338, POLYQUATERNIUM-6, p-PHENYLENEDIAMINE, OLEYLALKOHOL, PARFUM \/ FRAGRANT, RESORCINOL, N,N-BIS(2-HYDROXYETHYL)-p-FENYLENEDIAMINSULFAT, m-AMINOFENOL, 2,4-DIAMINOFENOXYETANOL HCL, THIOLACTIC ACID, EDTA, ERYTHORBIC ACID, BHT<\/div>\n<\/div>\n<\/div>\n","protected":false},"excerpt":{"rendered":"<p>Bli sett og imponert med Dark &amp; Lovely Fade Resist &#8211; h\u00e5rfargen du kan stole p\u00e5 for str\u00e5lende, langvarige resultater. Fade Resist er oppdatert med v\u00e5r NYE Moisture Mask, som n\u00e5 gir enda bedre fuktighet til h\u00e5ret. Formulert med sheasm\u00f8r, solsikkeolje og vitamin E, \u00f8ker v\u00e5r naturlig avledede Moisture Mask fuktigheten med 40 % etter farging, og hjelper til med \u00e5 gi n\u00e6ring, l\u00f8sne og glatte h\u00e5ret samtidig som den l\u00e5ser fargen i opptil 8 uker. Din permanente favorittfarge har nettopp blitt dristigere med tre NYE nyanser som gj\u00f8r inntrykk p\u00e5 m\u00f8rkt, strukturert h\u00e5r: Reality Red, Poppin Pink og Virtual Violet. Fade Resist er IT for en fyldig, levende vegansk farge som pleier og beskytter h\u00e5ret ditt.    <\/p>\n","protected":false},"featured_media":9516,"comment_status":"open","ping_status":"closed","template":"","meta":[],"product_brand":[1238],"product_cat":[1484],"product_tag":[],"class_list":{"0":"post-9526","1":"product","2":"type-product","3":"status-publish","4":"has-post-thumbnail","6":"product_brand-dark-and-lovely","7":"product_cat-harfarge","9":"first","10":"instock","11":"shipping-taxable","12":"purchasable","13":"product-type-simple"},"_links":{"self":[{"href":"https:\/\/yohannaa.com\/no\/wp-json\/wp\/v2\/product\/9526","targetHints":{"allow":["GET"]}}],"collection":[{"href":"https:\/\/yohannaa.com\/no\/wp-json\/wp\/v2\/product"}],"about":[{"href":"https:\/\/yohannaa.com\/no\/wp-json\/wp\/v2\/types\/product"}],"replies":[{"embeddable":true,"href":"https:\/\/yohannaa.com\/no\/wp-json\/wp\/v2\/comments?post=9526"}],"wp:featuredmedia":[{"embeddable":true,"href":"https:\/\/yohannaa.com\/no\/wp-json\/wp\/v2\/media\/9516"}],"wp:attachment":[{"href":"https:\/\/yohannaa.com\/no\/wp-json\/wp\/v2\/media?parent=9526"}],"wp:term":[{"taxonomy":"product_brand","embeddable":true,"href":"https:\/\/yohannaa.com\/no\/wp-json\/wp\/v2\/product_brand?post=9526"},{"taxonomy":"product_cat","embeddable":true,"href":"https:\/\/yohannaa.com\/no\/wp-json\/wp\/v2\/product_cat?post=9526"},{"taxonomy":"product_tag","embeddable":true,"href":"https:\/\/yohannaa.com\/no\/wp-json\/wp\/v2\/product_tag?post=9526"}],"curies":[{"name":"wp","href":"https:\/\/api.w.org\/{rel}","templated":true}]}}