{"id":9495,"date":"2024-12-14T19:57:30","date_gmt":"2024-12-14T19:57:30","guid":{"rendered":"https:\/\/yohannaa.com\/shop\/doo-gro-stimulerende-harolje\/"},"modified":"2024-12-14T19:57:30","modified_gmt":"2024-12-14T19:57:30","slug":"doo-gro-stimulerende-harolje","status":"publish","type":"product","link":"https:\/\/yohannaa.com\/no\/shop\/harpleie\/sprayer-serum-og-oljer\/doo-gro-stimulerende-harolje\/","title":{"rendered":"DOO GRO\u00ae Stimulerende h\u00e5rolje"},"content":{"rendered":"<div class=\"uk-grid uk-flex uk-flex-middle\">\n<div class=\"uk-width-medium-1-2\">\n<ul>\n<li>Fremmer sterkt, skinnende og sunt h\u00e5r<\/li>\n<li>Botanisk olje, vitamin- og urteformel<\/li>\n<li>Bidrar til \u00e5 eliminere t\u00f8rr hodebunn<\/li>\n<li>T\u00f8yler krusete h\u00e5r<\/li>\n<li>Bidrar til \u00e5 redusere avbrudd slik at h\u00e5ret kan vokse lenger<\/li>\n<li>Paraben- og silikonfri<\/li>\n<li>Hjelper med \u00e5 reparere skadet h\u00e5r<\/li>\n<li>Trygt p\u00e5 avslappet, flettet og flettet h\u00e5r<\/li>\n<li>Enkel \u00e5 bruke<\/li>\n<li>Rist godt f\u00f8r bruk<\/li>\n<\/ul>\n<\/div>\n<\/div>\n<p><strong>DOO GRO\u00ae Stimulating Hair Oil hjelper mot t\u00f8rr hodebunn.<\/strong>  Mykgj\u00f8r t\u00f8rt og spr\u00f8tt h\u00e5r. Den spesielle blandingen av botaniske oljer, vitamin A og E og urter pleier h\u00e5ret samtidig som den styrker og hjelper til med \u00e5 reparere h\u00e5r som er skadet eller utsatt for slitasje. DOO GRO\u00ae Stimulating Hair Oil er ekstra lett og trygg \u00e5 bruke p\u00e5 alle h\u00e5rtyper, inkludert fargebehandlet og avslappet h\u00e5r <strong>:<\/strong> P\u00e5f\u00f8r direkte i h\u00e5ret og hodebunnen i fuktig eller t\u00f8rt h\u00e5r. Masser forsiktig inn.  <\/p>\n<p>  M\u00e5 ikke skylles ut. Styles som vanlig. Bruk daglig eller s\u00e5 ofte som n\u00f8dvendig. Bruk DOO GRO\u00ae-produkter for best resultat. <strong>Bruksanvisning for Hot Oil:<\/strong> P\u00e5f\u00f8r rikelig i h\u00e5r og hodebunn etter sjamponering. Masser forsiktig inn. Dekk til h\u00e5ret med en plasthette. La virke i 5-15 minutter. Skyll godt (sjamponer lett om n\u00f8dvendig). Style h\u00e5ret som vanlig.  <\/p>\n<h5>Bruk DOO GRO\u00ae-produkter for best resultat.<\/h5>\n","protected":false},"excerpt":{"rendered":"<p><strong>DOO GRO\u00ae Stimulating Hair Oil hjelper mot t\u00f8rr hodebunn.<\/strong>  Mykgj\u00f8r t\u00f8rt og spr\u00f8tt h\u00e5r. Den spesielle blandingen av botaniske oljer, vitamin A og E og urter pleier h\u00e5ret samtidig som den styrker og hjelper til med \u00e5 reparere h\u00e5r som er skadet eller utsatt for slitasje. DOO GRO\u00ae Stimulating Hair Oil er ekstra lett og trygg \u00e5 bruke p\u00e5 alle h\u00e5rtyper, inkludert fargebehandlet og avslappet h\u00e5r.  <\/p>\n","protected":false},"featured_media":9494,"comment_status":"open","ping_status":"closed","template":"","meta":[],"product_brand":[2158],"product_cat":[1511],"product_tag":[],"class_list":{"0":"post-9495","1":"product","2":"type-product","3":"status-publish","4":"has-post-thumbnail","6":"product_brand-doo-gro","7":"product_cat-sprayer-serum-og-oljer","9":"first","10":"instock","11":"shipping-taxable","12":"purchasable","13":"product-type-simple"},"_links":{"self":[{"href":"https:\/\/yohannaa.com\/no\/wp-json\/wp\/v2\/product\/9495","targetHints":{"allow":["GET"]}}],"collection":[{"href":"https:\/\/yohannaa.com\/no\/wp-json\/wp\/v2\/product"}],"about":[{"href":"https:\/\/yohannaa.com\/no\/wp-json\/wp\/v2\/types\/product"}],"replies":[{"embeddable":true,"href":"https:\/\/yohannaa.com\/no\/wp-json\/wp\/v2\/comments?post=9495"}],"wp:featuredmedia":[{"embeddable":true,"href":"https:\/\/yohannaa.com\/no\/wp-json\/wp\/v2\/media\/9494"}],"wp:attachment":[{"href":"https:\/\/yohannaa.com\/no\/wp-json\/wp\/v2\/media?parent=9495"}],"wp:term":[{"taxonomy":"product_brand","embeddable":true,"href":"https:\/\/yohannaa.com\/no\/wp-json\/wp\/v2\/product_brand?post=9495"},{"taxonomy":"product_cat","embeddable":true,"href":"https:\/\/yohannaa.com\/no\/wp-json\/wp\/v2\/product_cat?post=9495"},{"taxonomy":"product_tag","embeddable":true,"href":"https:\/\/yohannaa.com\/no\/wp-json\/wp\/v2\/product_tag?post=9495"}],"curies":[{"name":"wp","href":"https:\/\/api.w.org\/{rel}","templated":true}]}}