{"id":9490,"date":"2024-12-14T19:15:19","date_gmt":"2024-12-14T19:15:19","guid":{"rendered":"https:\/\/yohannaa.com\/shop\/agor-vitamin-c-glow-enzyme-scrub-50-ml-trinn-2\/"},"modified":"2024-12-14T20:31:45","modified_gmt":"2024-12-14T20:31:45","slug":"agor-vitamin-c-glow-enzyme-scrub-50-ml-trinn-2","status":"publish","type":"product","link":"https:\/\/yohannaa.com\/no\/shop\/hudpleie\/hudbehandlinger\/ansiktspleie\/agor-vitamin-c-glow-enzyme-scrub-50-ml-trinn-2\/","title":{"rendered":"Agor Vitamin C Glow Enzyme Scrub 50 ml (trinn 2)"},"content":{"rendered":"<p>Agor Vitamin C Glow Enzyme Scrub er en dermatologisk testet eksfolierende skrubb som sk\u00e5nsomt fjerner d\u00f8de hudceller og urenheter for umiddelbare resultater, og som er spesielt utviklet for \u00e5 skrelle bort kjedelige, slitne hudceller.<\/p>\n<p>Bidrar til \u00e5 bryte ned de adhesive bindingene mellom d\u00f8de hudceller, slik at de effektivt fjernes fra hudoverflaten. Denne prosessen bidrar til \u00e5 forbedre hudens utseende og tekstur ved \u00e5 fjerne barrieren av gamle celler. <strong>Slik bruker<\/strong> du<br \/>\n1. P\u00e5f\u00f8r en gener\u00f8s mengde p\u00e5 ren, t\u00f8rr hud.<br \/>\n2. Masser skrubben forsiktig i sirkelbevegelser over ansiktet og halsen, og rull og fei bort d\u00f8de hudceller og urenheter.<br \/>\n3. Skyll godt med varmt vann og klapp huden forsiktig t\u00f8rr. For alle hudtyper anbefaler vi \u00e5 bruke Agor Vitamin C Glow Enzyme Scrub 1 til 2 ganger i uken. <strong>Ingredienser<\/strong><br \/>\nAqua, Vitamin c, Vitamin B3, Aloe Vera Gel, Glyserin, Carbomer, Centrimonium Chloride, Anhydroxylitol, Tremella Fuciformis (sopp) Extract, Centella Asiatica Extract, Sodium Hyaluronate (Hyaluronic Acid Serum), Aroma, Xylitol, 1,2-Hexanediol, Potassium Sorbate <strong>Caution<\/strong><br \/>\nUnng\u00e5 direkte kontakt med \u00f8ynene. Hvis produktet kommer i \u00f8ynene, vask \u00f8yeblikkelig. Oppbevares t\u00f8rt og kj\u00f8lig, beskyttet mot sollys. Oppbevares utilgjengelig for barn. <\/p>\n<p><strong>Produktdetaljer<\/strong><\/p>\n<div id=\"c-accordion__panel--0b1ca642-3b30-4a17-a48a-3467485112c5\" class=\"c-accordion__panel c-accordion__panel--0b1ca642-3b30-4a17-a48a-3467485112c5 c-accordion__panel--\" data-parent=\"#c-accordion--0b1ca642-3b30-4a17-a48a-3467485112c5\">\n<div class=\"c-accordion__inner\">\n<ul class=\"view-more\">\n<li class=\"detail-item js-product-sku-container\"><strong>SKU:<\/strong> <span class=\"variant_sku js-product-sku\">AGS2<\/span><\/li>\n<li class=\"detail-item js-variant-inventory-container\"><strong>P\u00e5 lager:<\/strong> <span class=\"variant_inventory js-variant-inventory\">904<\/span><\/li>\n<li class=\"detail-item js-variant-weight-container\"><strong>Vekt<\/strong> <span class=\"variant_weight js-variant-weight\">50 g<\/span><\/li>\n<li class=\"detail-item\"><strong>Produkttype:<\/strong> Ansiktspleie<\/li>\n<li class=\"detail-item\"><strong>Merkevare:<\/strong> <a title=\"Agor\" href=\"https:\/\/agorbody.co.uk\/collections\/vendors?q=Agor\" target=\"_blank\" rel=\"noopener\">Agor<\/a><\/li>\n<\/ul>\n<\/div>\n<\/div>\n","protected":false},"excerpt":{"rendered":"<p>Agor Vitamin C Glow Enzyme Scrub er en dermatologisk testet eksfolierende skrubb som sk\u00e5nsomt fjerner d\u00f8de hudceller og urenheter for umiddelbare resultater, og som er spesielt utviklet for \u00e5 skrelle bort kjedelige, slitne hudceller.<\/p>\n","protected":false},"featured_media":9485,"comment_status":"open","ping_status":"closed","template":"","meta":[],"product_brand":[1222],"product_cat":[1646,2425,1633],"product_tag":[],"class_list":{"0":"post-9490","1":"product","2":"type-product","3":"status-publish","4":"has-post-thumbnail","6":"product_brand-agor","7":"product_cat-andre","8":"product_cat-ansiktspleie","9":"product_cat-anti-aldring","11":"first","12":"instock","13":"shipping-taxable","14":"purchasable","15":"product-type-simple"},"_links":{"self":[{"href":"https:\/\/yohannaa.com\/no\/wp-json\/wp\/v2\/product\/9490","targetHints":{"allow":["GET"]}}],"collection":[{"href":"https:\/\/yohannaa.com\/no\/wp-json\/wp\/v2\/product"}],"about":[{"href":"https:\/\/yohannaa.com\/no\/wp-json\/wp\/v2\/types\/product"}],"replies":[{"embeddable":true,"href":"https:\/\/yohannaa.com\/no\/wp-json\/wp\/v2\/comments?post=9490"}],"wp:featuredmedia":[{"embeddable":true,"href":"https:\/\/yohannaa.com\/no\/wp-json\/wp\/v2\/media\/9485"}],"wp:attachment":[{"href":"https:\/\/yohannaa.com\/no\/wp-json\/wp\/v2\/media?parent=9490"}],"wp:term":[{"taxonomy":"product_brand","embeddable":true,"href":"https:\/\/yohannaa.com\/no\/wp-json\/wp\/v2\/product_brand?post=9490"},{"taxonomy":"product_cat","embeddable":true,"href":"https:\/\/yohannaa.com\/no\/wp-json\/wp\/v2\/product_cat?post=9490"},{"taxonomy":"product_tag","embeddable":true,"href":"https:\/\/yohannaa.com\/no\/wp-json\/wp\/v2\/product_tag?post=9490"}],"curies":[{"name":"wp","href":"https:\/\/api.w.org\/{rel}","templated":true}]}}