{"id":9186,"date":"2024-11-09T22:50:05","date_gmt":"2024-11-09T22:50:05","guid":{"rendered":"https:\/\/yohannaa.com\/shop\/dax-marcel-curling-wax\/"},"modified":"2024-12-01T22:50:05","modified_gmt":"2024-12-01T22:50:05","slug":"dax-marcel-curling-wax","status":"publish","type":"product","link":"https:\/\/yohannaa.com\/no\/shop\/harpleie\/harstyling\/stylingvoks\/dax-marcel-curling-wax\/","title":{"rendered":"DAX Marcel Curling Wax"},"content":{"rendered":"<p><strong>DAX Marcel Curling Wax<\/strong> er den perfekte stylinghjelpen for kr\u00f8lling og b\u00f8lging av h\u00e5r. Spesielle ingredienser i denne f\u00f8rsteklasses stylingvoksen bidrar til \u00e5 holde kr\u00f8ller og b\u00f8lger p\u00e5 plass lenger. <\/p>\n<ul>\n<li>F\u00f8rsteklasses stylingvoks for kr\u00f8lling og b\u00f8lging<\/li>\n<li>Holder kr\u00f8ller og b\u00f8lger p\u00e5 plass lenger<\/li>\n<\/ul>\n<h2>Fordeler<\/h2>\n<ul>\n<li><strong>Petrolatum<\/strong> &#8211; holder p\u00e5 fuktigheten og gir overlegen glans.<\/li>\n<li><strong>Parafinvoks<\/strong> &#8211; Hjelper med \u00e5 holde kr\u00f8ller og b\u00f8lger p\u00e5 plass.<\/li>\n<\/ul>\n<h2>Bruksanvisning<\/h2>\n<ul>\n<li>P\u00e5f\u00f8r \u00f8nsket mengde i h\u00e5ret f\u00f8r styling. Ideell for bruk med varmt strykejern eller kr\u00f8lltang for \u00e5 skape perfekte kr\u00f8ller med perfekt glans. <\/li>\n<\/ul>\n<h2>Ingredienser<\/h2>\n<p>Petrolatum, parafin, parfyme (Parfum), r\u00f8d 17 (Cl 26100).<\/p>\n<h2>H\u00e5rtype<\/h2>\n<ul>\n<li>Kr\u00f8llete eller grove h\u00e5rstrukturer<\/li>\n<li>Alle h\u00e5rlengder<\/li>\n<\/ul>\n<h2>Forventede resultater<\/h2>\n<ul>\n<li>Flott stil<\/li>\n<li>Blankt h\u00e5r<\/li>\n<li>Utmerket hold og tekstur<\/li>\n<\/ul>\n","protected":false},"excerpt":{"rendered":"<p><strong>DAX Marcel Curling Wax<\/strong> er den perfekte stylinghjelpen for kr\u00f8lling og b\u00f8lging av h\u00e5r. Spesielle ingredienser i denne f\u00f8rsteklasses stylingvoksen bidrar til \u00e5 holde kr\u00f8ller og b\u00f8lger p\u00e5 plass lenger. <\/p>\n<ul>\n<li>F\u00f8rsteklasses stylingvoks for kr\u00f8lling og b\u00f8lging<\/li>\n<li>Holder kr\u00f8ller og b\u00f8lger p\u00e5 plass lenger<\/li>\n<\/ul>\n","protected":false},"featured_media":9183,"comment_status":"open","ping_status":"closed","template":"","meta":[],"product_brand":[1223],"product_cat":[1469,1610],"product_tag":[],"class_list":{"0":"post-9186","1":"product","2":"type-product","3":"status-publish","4":"has-post-thumbnail","6":"product_brand-dax","7":"product_cat-harstyling","8":"product_cat-stylingvoks","10":"first","11":"instock","12":"shipping-taxable","13":"purchasable","14":"product-type-simple"},"_links":{"self":[{"href":"https:\/\/yohannaa.com\/no\/wp-json\/wp\/v2\/product\/9186","targetHints":{"allow":["GET"]}}],"collection":[{"href":"https:\/\/yohannaa.com\/no\/wp-json\/wp\/v2\/product"}],"about":[{"href":"https:\/\/yohannaa.com\/no\/wp-json\/wp\/v2\/types\/product"}],"replies":[{"embeddable":true,"href":"https:\/\/yohannaa.com\/no\/wp-json\/wp\/v2\/comments?post=9186"}],"wp:featuredmedia":[{"embeddable":true,"href":"https:\/\/yohannaa.com\/no\/wp-json\/wp\/v2\/media\/9183"}],"wp:attachment":[{"href":"https:\/\/yohannaa.com\/no\/wp-json\/wp\/v2\/media?parent=9186"}],"wp:term":[{"taxonomy":"product_brand","embeddable":true,"href":"https:\/\/yohannaa.com\/no\/wp-json\/wp\/v2\/product_brand?post=9186"},{"taxonomy":"product_cat","embeddable":true,"href":"https:\/\/yohannaa.com\/no\/wp-json\/wp\/v2\/product_cat?post=9186"},{"taxonomy":"product_tag","embeddable":true,"href":"https:\/\/yohannaa.com\/no\/wp-json\/wp\/v2\/product_tag?post=9186"}],"curies":[{"name":"wp","href":"https:\/\/api.w.org\/{rel}","templated":true}]}}