{"id":9178,"date":"2024-11-21T22:28:37","date_gmt":"2024-11-21T22:28:37","guid":{"rendered":"https:\/\/yohannaa.com\/shop\/dax-pressing-oil\/"},"modified":"2024-12-01T22:28:37","modified_gmt":"2024-12-01T22:28:37","slug":"dax-pressing-oil","status":"publish","type":"product","link":"https:\/\/yohannaa.com\/no\/shop\/harpleie\/behandlinger\/behandling-av-hodebunnen\/dax-pressing-oil\/","title":{"rendered":"DAX Pressing Oil"},"content":{"rendered":"<p><strong>DAX Pressing Oil<\/strong> pleier h\u00e5ret med eksotisk kokosn\u00f8ttolje og naturlig ricinusolje. Disse naturlige ingrediensene bidrar til \u00e5 forhindre at h\u00e5ret blir t\u00f8rt, knekker og brenner n\u00e5r du bruker en varm kam. <\/p>\n<ul>\n<li>Pleier med kokosolje og naturlig ricinusolje<\/li>\n<li>Spesielle ingredienser bidrar til \u00e5 forhindre t\u00f8rrhet, brudd og svie<\/li>\n<\/ul>\n<h2>Fordeler<\/h2>\n<ul>\n<li><strong>Kokosolje<\/strong> &#8211; Utmerket balsam som hjelper h\u00e5ret med \u00e5 vokse og gir glans.<\/li>\n<li><strong>Ricinusolje<\/strong> &#8211; Et naturlig fuktighetsbevarende middel som trekker fuktighet inn i h\u00e5ret. Omega-9-fettsyrene i ricinusolje gir ogs\u00e5 n\u00e6ring til h\u00e5ret og forhindrer at hodebunnen t\u00f8rker ut. <\/li>\n<\/ul>\n<h2>Bruksanvisning<\/h2>\n<ul>\n<li>P\u00e5f\u00f8r \u00f8nsket mengde i h\u00e5ret f\u00f8r styling. Ideell for bruk med en varm kam. <\/li>\n<\/ul>\n<h2>Ingredienser<\/h2>\n<p>Petrolatum, kokosn\u00f8ttolje (Cocos Nucifera), ricinusfr\u00f8olje (Ricinus Communis), parfyme (Parfum), geraniol, hydroksycitronellal<\/p>\n<h2>H\u00e5rtype<\/h2>\n<ul>\n<li>Kr\u00f8llete eller grove h\u00e5rstrukturer<\/li>\n<li>Alle h\u00e5rlengder<\/li>\n<\/ul>\n<p>&nbsp;<\/p>\n","protected":false},"excerpt":{"rendered":"<p><strong>DAX Pressing Oil<\/strong> pleier h\u00e5ret med eksotisk kokosn\u00f8ttolje og naturlig ricinusolje. Disse naturlige ingrediensene bidrar til \u00e5 forhindre at h\u00e5ret blir t\u00f8rt, knekker og brenner n\u00e5r du bruker en varm kam. <\/p>\n<ul>\n<li>Pleier med kokosolje og naturlig ricinusolje<\/li>\n<li>Spesielle ingredienser bidrar til \u00e5 forhindre t\u00f8rrhet, brudd og svie<\/li>\n<\/ul>\n","protected":false},"featured_media":9173,"comment_status":"open","ping_status":"closed","template":"","meta":[],"product_brand":[1223],"product_cat":[1581,1549,1894],"product_tag":[],"class_list":{"0":"post-9178","1":"product","2":"type-product","3":"status-publish","4":"has-post-thumbnail","6":"product_brand-dax","7":"product_cat-behandling-av-hodebunnen","8":"product_cat-behandlinger","9":"product_cat-styling-balsam","11":"first","12":"instock","13":"shipping-taxable","14":"purchasable","15":"product-type-variable"},"_links":{"self":[{"href":"https:\/\/yohannaa.com\/no\/wp-json\/wp\/v2\/product\/9178","targetHints":{"allow":["GET"]}}],"collection":[{"href":"https:\/\/yohannaa.com\/no\/wp-json\/wp\/v2\/product"}],"about":[{"href":"https:\/\/yohannaa.com\/no\/wp-json\/wp\/v2\/types\/product"}],"replies":[{"embeddable":true,"href":"https:\/\/yohannaa.com\/no\/wp-json\/wp\/v2\/comments?post=9178"}],"wp:featuredmedia":[{"embeddable":true,"href":"https:\/\/yohannaa.com\/no\/wp-json\/wp\/v2\/media\/9173"}],"wp:attachment":[{"href":"https:\/\/yohannaa.com\/no\/wp-json\/wp\/v2\/media?parent=9178"}],"wp:term":[{"taxonomy":"product_brand","embeddable":true,"href":"https:\/\/yohannaa.com\/no\/wp-json\/wp\/v2\/product_brand?post=9178"},{"taxonomy":"product_cat","embeddable":true,"href":"https:\/\/yohannaa.com\/no\/wp-json\/wp\/v2\/product_cat?post=9178"},{"taxonomy":"product_tag","embeddable":true,"href":"https:\/\/yohannaa.com\/no\/wp-json\/wp\/v2\/product_tag?post=9178"}],"curies":[{"name":"wp","href":"https:\/\/api.w.org\/{rel}","templated":true}]}}