{"id":9170,"date":"2024-12-01T21:52:23","date_gmt":"2024-12-01T21:52:23","guid":{"rendered":"https:\/\/yohannaa.com\/shop\/dax-hair-food-plus-4\/"},"modified":"2024-12-01T21:52:23","modified_gmt":"2024-12-01T21:52:23","slug":"dax-hair-food-plus-4","status":"publish","type":"product","link":"https:\/\/yohannaa.com\/no\/shop\/harpleie\/balsam\/strengthening-n-thickening-conditioner-no\/dax-hair-food-plus-4\/","title":{"rendered":"DAX Hair Food Plus 4"},"content":{"rendered":"<p><strong>DAX Hair Food Plus 4<\/strong> er beriket med spesielle ingredienser som hjelper h\u00e5ret med \u00e5 holde seg sunt og h\u00e5ndterbart. Ved daglig bruk kan denne n\u00e6ringsrike behandlingen bidra til \u00e5 fremme sunnere h\u00e5r og hodebunn. <\/p>\n<ul>\n<li>Velgj\u00f8rende behandling av h\u00e5r og hodebunn<\/li>\n<li>Beriket med naturlige ingredienser: Vitamin E, panthenol og protein<\/li>\n<li>Daglig bruk vil forbedre og fremme sunnere h\u00e5r og hodebunn<\/li>\n<\/ul>\n<h2>Fordeler<\/h2>\n<ul>\n<li><strong>Mineralolje<\/strong> &#8211; Bidrar til \u00e5 minimere frizz, forsterke kr\u00f8ller og gir glans.<\/li>\n<li><strong>Vitamin A<\/strong> &#8211; Antioksidant som bidrar til \u00e5 styrke cellenes helse.<\/li>\n<li><strong>Vitamin E<\/strong> &#8211; Bidrar til \u00e5 forhindre spaltede tupper og fremmer h\u00e5rvekst. Bidrar til \u00e5 redusere t\u00f8rrhet og gir glans. Antioksidant.  <\/li>\n<li><strong>Vitamin D3<\/strong> &#8211; har vist seg \u00e5 bidra til \u00e5 forebygge h\u00e5rtap.<\/li>\n<li><strong>Panthenol<\/strong> &#8211; Naturlig avledet olje som gir utmerket fuktighet og glans.<\/li>\n<li><strong>Hveteprotein<\/strong> &#8211; Bidrar til \u00e5 styrke h\u00e5ret ved \u00e5 tilf\u00f8re fuktighet og bidra til \u00e5 opprettholde den naturlige fuktigheten.<\/li>\n<\/ul>\n<h2>Bruksanvisning<\/h2>\n<ul>\n<li>Ha \u00f8nsket mengde i hendene og gni mellom h\u00e5ndflatene til den er jevn, og masser deretter inn i h\u00e5r og hodebunn. For best resultat, bruk daglig. <\/li>\n<\/ul>\n<h2>Ingredienser<\/h2>\n<p>Petrolatum, paraffinum liquidum, polysorbat 20, vann (Aqua), tokoferylacetat, panthenol, hydrolysert hveteprotein, parfyme (Parfum), kumarin, gul 11 (CI 47000)<\/p>\n<h2>H\u00e5rtype<\/h2>\n<ul>\n<li>Rette, kr\u00f8llete eller grove h\u00e5rstrukturer<\/li>\n<li>Alle h\u00e5rlengder<\/li>\n<\/ul>\n<h2>Forventede resultater<\/h2>\n<ul>\n<li>Mykere og sterkere h\u00e5r<\/li>\n<li>Friskere og mer glansfullt h\u00e5r<\/li>\n<li>Reduserer brudd og spaltede tupper<\/li>\n<\/ul>\n","protected":false},"excerpt":{"rendered":"<p><strong>DAX Hair Food Plus 4<\/strong> er beriket med spesielle ingredienser som hjelper h\u00e5ret med \u00e5 holde seg sunt og h\u00e5ndterbart. Ved daglig bruk kan denne n\u00e6ringsrike behandlingen bidra til \u00e5 fremme sunnere h\u00e5r og hodebunn. <\/p>\n<ul>\n<li>Velgj\u00f8rende behandling av h\u00e5r og hodebunn<\/li>\n<li>Beriket med naturlige ingredienser: Vitamin E, panthenol og protein<\/li>\n<li>Daglig bruk vil forbedre og fremme sunnere h\u00e5r og hodebunn<\/li>\n<\/ul>\n","protected":false},"featured_media":9218,"comment_status":"open","ping_status":"closed","template":"","meta":[],"product_brand":[1223],"product_cat":[1520,1544],"product_tag":[],"class_list":{"0":"post-9170","1":"product","2":"type-product","3":"status-publish","4":"has-post-thumbnail","6":"product_brand-dax","7":"product_cat-fuktighetskremer-for-haret","8":"product_cat-strengthening-n-thickening-conditioner-no","10":"first","11":"instock","12":"shipping-taxable","13":"purchasable","14":"product-type-simple"},"_links":{"self":[{"href":"https:\/\/yohannaa.com\/no\/wp-json\/wp\/v2\/product\/9170","targetHints":{"allow":["GET"]}}],"collection":[{"href":"https:\/\/yohannaa.com\/no\/wp-json\/wp\/v2\/product"}],"about":[{"href":"https:\/\/yohannaa.com\/no\/wp-json\/wp\/v2\/types\/product"}],"replies":[{"embeddable":true,"href":"https:\/\/yohannaa.com\/no\/wp-json\/wp\/v2\/comments?post=9170"}],"wp:featuredmedia":[{"embeddable":true,"href":"https:\/\/yohannaa.com\/no\/wp-json\/wp\/v2\/media\/9218"}],"wp:attachment":[{"href":"https:\/\/yohannaa.com\/no\/wp-json\/wp\/v2\/media?parent=9170"}],"wp:term":[{"taxonomy":"product_brand","embeddable":true,"href":"https:\/\/yohannaa.com\/no\/wp-json\/wp\/v2\/product_brand?post=9170"},{"taxonomy":"product_cat","embeddable":true,"href":"https:\/\/yohannaa.com\/no\/wp-json\/wp\/v2\/product_cat?post=9170"},{"taxonomy":"product_tag","embeddable":true,"href":"https:\/\/yohannaa.com\/no\/wp-json\/wp\/v2\/product_tag?post=9170"}],"curies":[{"name":"wp","href":"https:\/\/api.w.org\/{rel}","templated":true}]}}