{"id":9155,"date":"2024-10-15T20:41:34","date_gmt":"2024-10-15T20:41:34","guid":{"rendered":"https:\/\/yohannaa.com\/shop\/dax-super-light-pomade\/"},"modified":"2024-12-01T21:20:21","modified_gmt":"2024-12-01T21:20:21","slug":"dax-super-light-pomade","status":"publish","type":"product","link":"https:\/\/yohannaa.com\/no\/shop\/harpleie\/behandlinger\/harvekst\/dax-super-light-pomade\/","title":{"rendered":"DAX Super Light Pomade"},"content":{"rendered":"<p><strong>DAX Super Light Pomade<\/strong> er den perfekte behandlingen for \u00e5 forebygge t\u00f8rt h\u00e5r og hodebunn, samt kjedelig h\u00e5r. Daglig bruk vil bidra til \u00e5 forbedre h\u00e5rets generelle tilstand og utseende. <\/p>\n<ul>\n<li>Brukes for \u00e5 forebygge sl\u00f8vhet og t\u00f8rt h\u00e5r og hodebunn<\/li>\n<li>Daglig bruk forbedrer h\u00e5rets generelle tilstand og utseende<\/li>\n<\/ul>\n<h2>Fordeler<\/h2>\n<ul>\n<li><strong>Lanolin<\/strong> &#8211; Forbedrer fuktighetsbevaringen, noe som gir mykere og glattere h\u00e5r.<\/li>\n<li><strong>Naturlig oljeblanding<\/strong> &#8211; Naturlige oljer gir glans til h\u00e5ret, bidrar til \u00e5 redusere avbrekk og forbedrer h\u00e5rets lengde, styrke og tykkelse. Gir n\u00e6ring til h\u00e5ret og glatter h\u00e5rstr\u00e5et. Bidrar til \u00e5 forbedre h\u00e5rets helse og vitalitet. Bidrar til \u00e5 gj\u00f8re h\u00e5ret mykere og mer h\u00e5ndterbart.   <\/li>\n<\/ul>\n<h2>Bruksanvisning<\/h2>\n<ul>\n<li>P\u00e5f\u00f8r \u00f8nsket mengde i h\u00e5r og hodebunn hver dag for ekstra glans og pleie.<\/li>\n<\/ul>\n<h2>Ingredienser<\/h2>\n<p>Petrolatum, lanolin, Prunus Amygdalus Dulcis (s\u00f8t mandelolje), Persea Gratissima (avokadoolje), Helianthus Annuus (solsikkefr\u00f8olje), Simmondsia Chinensis (jojobafr\u00f8olje), Sesamum Indicum (sesamfr\u00f8olje), Triticum Vulgare (hvetekimolje), Carthamus Tinctorius (saflorfr\u00f8olje), Gossypium Herbaceum (bomullsfr\u00f8olje), duft (parfyme), sitral, benzylbenzoat, gr\u00f8nn 6 (Cl 61565).<\/p>\n<h2>H\u00e5rtype<\/h2>\n<ul>\n<li>Rette, kr\u00f8llete eller grove h\u00e5rstrukturer<\/li>\n<li>T\u00f8rt, spr\u00f8tt h\u00e5r<\/li>\n<li>Alle h\u00e5rlengder<\/li>\n<\/ul>\n<h2>Forventede resultater<\/h2>\n<ul>\n<li>Mindre brudd<\/li>\n<li>Mykere og mer glansfullt h\u00e5r<\/li>\n<li>Lett hold<\/li>\n<li>Kan ogs\u00e5 brukes som etterbehandlingsolje\/glans etter varme verkt\u00f8y<\/li>\n<\/ul>\n<p>&nbsp;<\/p>\n","protected":false},"excerpt":{"rendered":"<p><strong>DAX Super Light Pomade<\/strong> er den perfekte behandlingen for \u00e5 forebygge t\u00f8rt h\u00e5r og hodebunn, samt kjedelig h\u00e5r. Daglig bruk vil bidra til \u00e5 forbedre h\u00e5rets generelle tilstand og utseende. <\/p>\n<ul>\n<li>Brukes for \u00e5 forebygge sl\u00f8vhet og t\u00f8rt h\u00e5r og hodebunn<\/li>\n<li>Daglig bruk forbedrer h\u00e5rets generelle tilstand og utseende<\/li>\n<\/ul>\n","protected":false},"featured_media":9207,"comment_status":"open","ping_status":"closed","template":"","meta":[],"product_brand":[],"product_cat":[1520,1613],"product_tag":[],"class_list":{"0":"post-9155","1":"product","2":"type-product","3":"status-publish","4":"has-post-thumbnail","6":"product_cat-fuktighetskremer-for-haret","7":"product_cat-harvekst","9":"first","10":"instock","11":"shipping-taxable","12":"purchasable","13":"product-type-variable"},"_links":{"self":[{"href":"https:\/\/yohannaa.com\/no\/wp-json\/wp\/v2\/product\/9155","targetHints":{"allow":["GET"]}}],"collection":[{"href":"https:\/\/yohannaa.com\/no\/wp-json\/wp\/v2\/product"}],"about":[{"href":"https:\/\/yohannaa.com\/no\/wp-json\/wp\/v2\/types\/product"}],"replies":[{"embeddable":true,"href":"https:\/\/yohannaa.com\/no\/wp-json\/wp\/v2\/comments?post=9155"}],"wp:featuredmedia":[{"embeddable":true,"href":"https:\/\/yohannaa.com\/no\/wp-json\/wp\/v2\/media\/9207"}],"wp:attachment":[{"href":"https:\/\/yohannaa.com\/no\/wp-json\/wp\/v2\/media?parent=9155"}],"wp:term":[{"taxonomy":"product_brand","embeddable":true,"href":"https:\/\/yohannaa.com\/no\/wp-json\/wp\/v2\/product_brand?post=9155"},{"taxonomy":"product_cat","embeddable":true,"href":"https:\/\/yohannaa.com\/no\/wp-json\/wp\/v2\/product_cat?post=9155"},{"taxonomy":"product_tag","embeddable":true,"href":"https:\/\/yohannaa.com\/no\/wp-json\/wp\/v2\/product_tag?post=9155"}],"curies":[{"name":"wp","href":"https:\/\/api.w.org\/{rel}","templated":true}]}}