{"id":9137,"date":"2024-12-01T23:00:07","date_gmt":"2024-12-01T23:00:07","guid":{"rendered":"https:\/\/yohannaa.com\/shop\/dax-kokosnottolje\/"},"modified":"2024-12-01T20:00:07","modified_gmt":"2024-12-01T20:00:07","slug":"dax-kokosnottolje","status":"publish","type":"product","link":"https:\/\/yohannaa.com\/no\/shop\/harpleie\/balsam\/fuktighetsgivende-balsam\/dax-kokosnottolje\/","title":{"rendered":"DAX kokosn\u00f8ttolje"},"content":{"rendered":"<p><strong>DAX Coconut Oil<\/strong> beriket med vitamin E er et allsidig produkt som kan brukes som fuktighetskrem for huden, kroppsolje eller h\u00e5rbalsam. V\u00e5r unike formel pleier og revitaliserer t\u00f8rt h\u00e5r, og den glatter og mykgj\u00f8r t\u00f8rr og ru hud. <\/p>\n<ul>\n<li>Beriket med vitamin E<\/li>\n<li>Kan brukes som fuktighetskrem for huden, kroppsolje eller h\u00e5rbalsam<\/li>\n<li>Unik formel som pleier og revitaliserer t\u00f8rt h\u00e5r, samt glatter og mykgj\u00f8r ru og t\u00f8rr hud<\/li>\n<\/ul>\n<h2>Fordeler<\/h2>\n<ul>\n<li><strong>Kokosolje<\/strong> &#8211; Naturlig olje som trenger inn i h\u00e5r og hud og gir intens fuktighet.<\/li>\n<li><strong>Mineralolje<\/strong> &#8211; Bidrar til \u00e5 minimere frizz og forsterke kr\u00f8ller. Tilf\u00f8rer glans. <\/li>\n<li><strong>Vitamin E<\/strong> &#8211; Bidrar til \u00e5 forhindre spaltede tupper og fremmer h\u00e5rvekst. Bidrar til \u00e5 redusere t\u00f8rrhet og gir glans. Antioksidant.  <\/li>\n<\/ul>\n<h2>Bruksanvisning<\/h2>\n<ul>\n<li>P\u00e5f\u00f8r \u00f8nsket mengde i h\u00e5r, hodebunn og\/eller p\u00e5 huden.<\/li>\n<li><strong>H\u00e5r<\/strong>: Masseres inn i t\u00f8rt h\u00e5r og hodebunn, og kam gjennom overfl\u00f8dig h\u00e5r. Style som vanlig. <\/li>\n<li><strong>Kropp<\/strong>: Masser inn i ru hud for \u00e5 avdekke en myk og glatt tekstur. Bruk DAX Coconut Oil daglig eller en gang i uken for \u00e5 helbrede, beskytte og forskj\u00f8nne hud og h\u00e5r. <\/li>\n<\/ul>\n<h2>Ingredienser<\/h2>\n<p>Petrolatum, paraffinum liquidum, kokosn\u00f8ttolje, stearylalkohol, ozokeritt, isopropylmyristat, parfyme (parfum), kumarin, benzylbenzoat, cyklomentetikon, tokoferylacetat.<\/p>\n<h2>H\u00e5rtype<\/h2>\n<ul>\n<li>Kr\u00f8llete eller grove h\u00e5rstrukturer<\/li>\n<li>Alle h\u00e5rlengder<\/li>\n<li>T\u00f8rt, skadet h\u00e5r<\/li>\n<li>Fuktighetskrem for huden<\/li>\n<\/ul>\n<h2>Forventede resultater<\/h2>\n<ul>\n<li>L\u00e5ser fuktighet i h\u00e5r og hud<\/li>\n<li>Sunt, skinnende h\u00e5r og hud<\/li>\n<\/ul>\n","protected":false},"excerpt":{"rendered":"<p><strong>DAX Coconut Oil<\/strong> beriket med vitamin E er et allsidig produkt som kan brukes som fuktighetskrem for huden, kroppsolje eller h\u00e5rbalsam. V\u00e5r unike formel pleier og revitaliserer t\u00f8rt h\u00e5r, og den glatter og mykgj\u00f8r t\u00f8rr og ru hud. <\/p>\n<ul>\n<li>Beriket med vitamin E<\/li>\n<li>Kan brukes som fuktighetskrem for huden, kroppsolje eller h\u00e5rbalsam<\/li>\n<li>Unik formel som pleier og revitaliserer t\u00f8rt h\u00e5r, samt glatter og mykgj\u00f8r ru og t\u00f8rr hud<\/li>\n<\/ul>\n","protected":false},"featured_media":9210,"comment_status":"open","ping_status":"closed","template":"","meta":[],"product_brand":[1223],"product_cat":[1549,1618,1520,1613],"product_tag":[],"class_list":{"0":"post-9137","1":"product","2":"type-product","3":"status-publish","4":"has-post-thumbnail","6":"product_brand-dax","7":"product_cat-behandlinger","8":"product_cat-fuktighetsgivende-balsam","9":"product_cat-fuktighetskremer-for-haret","10":"product_cat-harvekst","12":"first","13":"instock","14":"shipping-taxable","15":"purchasable","16":"product-type-variable"},"_links":{"self":[{"href":"https:\/\/yohannaa.com\/no\/wp-json\/wp\/v2\/product\/9137","targetHints":{"allow":["GET"]}}],"collection":[{"href":"https:\/\/yohannaa.com\/no\/wp-json\/wp\/v2\/product"}],"about":[{"href":"https:\/\/yohannaa.com\/no\/wp-json\/wp\/v2\/types\/product"}],"replies":[{"embeddable":true,"href":"https:\/\/yohannaa.com\/no\/wp-json\/wp\/v2\/comments?post=9137"}],"wp:featuredmedia":[{"embeddable":true,"href":"https:\/\/yohannaa.com\/no\/wp-json\/wp\/v2\/media\/9210"}],"wp:attachment":[{"href":"https:\/\/yohannaa.com\/no\/wp-json\/wp\/v2\/media?parent=9137"}],"wp:term":[{"taxonomy":"product_brand","embeddable":true,"href":"https:\/\/yohannaa.com\/no\/wp-json\/wp\/v2\/product_brand?post=9137"},{"taxonomy":"product_cat","embeddable":true,"href":"https:\/\/yohannaa.com\/no\/wp-json\/wp\/v2\/product_cat?post=9137"},{"taxonomy":"product_tag","embeddable":true,"href":"https:\/\/yohannaa.com\/no\/wp-json\/wp\/v2\/product_tag?post=9137"}],"curies":[{"name":"wp","href":"https:\/\/api.w.org\/{rel}","templated":true}]}}