{"id":9111,"date":"2024-11-28T18:49:22","date_gmt":"2024-11-28T18:49:22","guid":{"rendered":"https:\/\/yohannaa.com\/shop\/dax-pomade\/"},"modified":"2024-12-01T18:49:22","modified_gmt":"2024-12-01T18:49:22","slug":"dax-pomade","status":"publish","type":"product","link":"https:\/\/yohannaa.com\/no\/shop\/harpleie\/fuktighetskremer-for-haret\/dax-pomade\/","title":{"rendered":"DAX Pomade"},"content":{"rendered":"<p><strong>DAX Pomade<\/strong> er ideell for pleie, styling og forebygging av \u00f8delagt h\u00e5r. Beriket med en blanding av oljer, vil daglig bruk forbedre h\u00e5rets generelle tilstand og utseende. Anbefales for h\u00e5r som knekker i endene p\u00e5 grunn av overdreven t\u00f8rrhet.  <\/p>\n<ul>\n<li>Beriket med vegetabilske oljer<\/li>\n<li>Daglig bruk forbedrer h\u00e5rets generelle tilstand og utseende<\/li>\n<li>Ideell for t\u00f8rt og spr\u00f8tt h\u00e5r<\/li>\n<\/ul>\n<h2>Fordeler<\/h2>\n<ul>\n<li><strong>Lanolin<\/strong> &#8211; Forbedrer fuktighetsbevaringen, noe som gir mykere og glattere h\u00e5r.<\/li>\n<li><strong>Mineralolje <\/strong>&#8211; Bidrar til \u00e5 minimere krus, forbedre kr\u00f8ller og gi glans.<\/li>\n<li><strong>Kokosolje<\/strong> &#8211; Utmerket naturlig balsam som hjelper til med h\u00e5rvekst og gir glans.<\/li>\n<li><strong>Olivenolje<\/strong> &#8211; Bidrar til \u00e5 forbedre h\u00e5rets helse og vitalitet. Naturlig h\u00e5rbalsam. Bidrar til \u00e5 gj\u00f8re h\u00e5ret mykere og mer medgj\u00f8rlig.  <\/li>\n<li><strong>Ricinusolje<\/strong> &#8211; Naturlig balsam som inneholder omega-9-fettsyrer som gir n\u00e6ring til h\u00e5ret og motvirker t\u00f8rrhet.<\/li>\n<\/ul>\n<h2>Bruksanvisning<\/h2>\n<ul>\n<li>P\u00e5f\u00f8r \u00f8nsket mengde i t\u00f8rt h\u00e5r og\/eller hodebunn. Kan ogs\u00e5 brukes i fuktig h\u00e5r for ekstra kruskontroll. Arbeid gjennom h\u00e5ret med fingrene eller kam gjennom, avhengig av \u00f8nsket stil.  <\/li>\n<\/ul>\n<h2>Ingredienser<\/h2>\n<p>Petrolatum, Paraffinum Liquidum, Lanolin, Ricinus Communis (Castor) Seed Oil, Cocos Nucifera (Cocos Nucifera) Oil, Olea Europaea (Olive) Fruit Oil, Fragrance (Parfum), Yellow 11 (Cl 47000), Green 6 (Cl 61565), Citrus Aurantium Bergamia (Bergamot) Fruit Oil, Citral, Benzyl Benzoate<\/p>\n<h2>H\u00e5rtype<\/h2>\n<ul>\n<li>T\u00f8rt, spr\u00f8tt h\u00e5r<\/li>\n<li>Rette, kr\u00f8llete eller grove h\u00e5rstrukturer<\/li>\n<li>Alle h\u00e5rlengder<\/li>\n<\/ul>\n<h2>Forventede resultater<\/h2>\n<ul>\n<li>Mykere og glinsende h\u00e5r<\/li>\n<li>Forbedre h\u00e5rets styrke<\/li>\n<li>Reduserer brudd<\/li>\n<li>Tilf\u00f8rer fuktighet<\/li>\n<li>Kan brukes som etterbehandlingskrem etter varme verkt\u00f8y<\/li>\n<\/ul>\n","protected":false},"excerpt":{"rendered":"<p><strong>DAX Pomade<\/strong> er ideell for pleie, styling og forebygging av \u00f8delagt h\u00e5r. Beriket med en blanding av oljer, vil daglig bruk forbedre h\u00e5rets generelle tilstand og utseende. Anbefales for h\u00e5r som knekker i endene p\u00e5 grunn av overdreven t\u00f8rrhet.  <\/p>\n<ul>\n<li>Beriket med vegetabilske oljer<\/li>\n<li>Daglig bruk forbedrer h\u00e5rets generelle tilstand og utseende<\/li>\n<li>Ideell for t\u00f8rt og spr\u00f8tt h\u00e5r<\/li>\n<\/ul>\n","protected":false},"featured_media":9198,"comment_status":"open","ping_status":"closed","template":"","meta":[],"product_brand":[],"product_cat":[1520],"product_tag":[],"class_list":{"0":"post-9111","1":"product","2":"type-product","3":"status-publish","4":"has-post-thumbnail","6":"product_cat-fuktighetskremer-for-haret","8":"first","9":"instock","10":"shipping-taxable","11":"purchasable","12":"product-type-variable"},"_links":{"self":[{"href":"https:\/\/yohannaa.com\/no\/wp-json\/wp\/v2\/product\/9111","targetHints":{"allow":["GET"]}}],"collection":[{"href":"https:\/\/yohannaa.com\/no\/wp-json\/wp\/v2\/product"}],"about":[{"href":"https:\/\/yohannaa.com\/no\/wp-json\/wp\/v2\/types\/product"}],"replies":[{"embeddable":true,"href":"https:\/\/yohannaa.com\/no\/wp-json\/wp\/v2\/comments?post=9111"}],"wp:featuredmedia":[{"embeddable":true,"href":"https:\/\/yohannaa.com\/no\/wp-json\/wp\/v2\/media\/9198"}],"wp:attachment":[{"href":"https:\/\/yohannaa.com\/no\/wp-json\/wp\/v2\/media?parent=9111"}],"wp:term":[{"taxonomy":"product_brand","embeddable":true,"href":"https:\/\/yohannaa.com\/no\/wp-json\/wp\/v2\/product_brand?post=9111"},{"taxonomy":"product_cat","embeddable":true,"href":"https:\/\/yohannaa.com\/no\/wp-json\/wp\/v2\/product_cat?post=9111"},{"taxonomy":"product_tag","embeddable":true,"href":"https:\/\/yohannaa.com\/no\/wp-json\/wp\/v2\/product_tag?post=9111"}],"curies":[{"name":"wp","href":"https:\/\/api.w.org\/{rel}","templated":true}]}}