{"id":9099,"date":"2024-11-30T17:34:41","date_gmt":"2024-11-30T17:34:41","guid":{"rendered":"https:\/\/yohannaa.com\/shop\/dax-bivoks\/"},"modified":"2024-12-01T18:21:19","modified_gmt":"2024-12-01T18:21:19","slug":"dax-bivoks","status":"publish","type":"product","link":"https:\/\/yohannaa.com\/no\/shop\/harpleie\/dreadlocks-produkter\/dreadlocks-behandlinger\/dax-bivoks\/","title":{"rendered":"DAX Bivoks"},"content":{"rendered":"<p><strong>DAX Bees-Wax<\/strong> er spesielt formulert med Royal Jelly og ren bivoks. Denne enest\u00e5ende kombinasjonen gir DAX Bees-Wax en mykgj\u00f8rende og utglattende egenskap som etterlater h\u00e5ret naturlig og glansfullt. Fungerer utmerket til pressing, kr\u00f8lling, fletter og lokker.  <\/p>\n<ul>\n<li>Spesiell formel med gel\u00e9 royal og ren bivoks<\/li>\n<li>Mykgj\u00f8r og beroliger for naturlig glansfullt h\u00e5r<\/li>\n<li>Perfekt til fletting, dreadlocks, snodder, locs og forsegling av ender<\/li>\n<\/ul>\n<h2>Fordeler<\/h2>\n<ul>\n<li><strong>Bivoks<\/strong> &#8211; &#8211; Er kjent for \u00e5 gi h\u00e5ret mer volum og bidra til \u00e5 gj\u00f8re det sterkere og tykkere. Bivoks gir ogs\u00e5 bedre kontroll og tekstur i h\u00e5ret, noe som gj\u00f8r det enklere \u00e5 style. Bivoks tilf\u00f8rer glans og glans til h\u00e5ret og gir ogs\u00e5 ekstra beskyttelse for \u00e5 forhindre spaltede spisser. Voksens beskyttende egenskaper og antioksidanter bidrar til \u00e5 beskytte h\u00e5ret mot skader som oppst\u00e5r i forbindelse med daglig styling og milj\u00f8faktorer.   <\/li>\n<li><strong>Safflower Oil<\/strong> &#8211; gir n\u00e6ring og fuktighet til h\u00e5ret for sunn h\u00e5rvekst.<\/li>\n<li><strong>Mineralolje<\/strong> &#8211; Bidrar til \u00e5 minimere frizz og forsterke kr\u00f8ller. Tilf\u00f8rer glans. <\/li>\n<li><strong>Royal Jelly Extract<\/strong> &#8211; Inneholder vitaminer og mineraler som gir n\u00e6ring til h\u00e5ret.<\/li>\n<\/ul>\n<h2>Bruksanvisning<\/h2>\n<ul>\n<li>Masser inn \u00f8nsket mengde voks i hodebunn og h\u00e5r hver dag. P\u00e5f\u00f8r i fletteender og lokker for \u00e5 forhindre brudd. <\/li>\n<\/ul>\n<h2>Ingredienser<\/h2>\n<p>Petrolatum, bivoks (Cera Alba), Paraffinum Liquidum, Isopropl Myristate, Carthamus Tinctorius (Safflower) Seed Oil, Fragrance (Parfum), Royal Jelly Extract, Anisyl Alcohol, Eugenol, Yellow 11 (Cl 47000), Red 17 (Cl 26100).<\/p>\n<h2>H\u00e5rtype<\/h2>\n<ul>\n<li>Kr\u00f8llete eller grove h\u00e5rstrukturer<\/li>\n<li>Alle h\u00e5rlengder<\/li>\n<\/ul>\n<h2>Forventede resultater<\/h2>\n<ul>\n<li>L\u00e5ser fuktighet i h\u00e5ret<\/li>\n<li>Sunt og glansfullt h\u00e5r<\/li>\n<li>Glattere lokker og fletteender<\/li>\n<\/ul>\n","protected":false},"excerpt":{"rendered":"<p><strong>DAX Bees-Wax<\/strong> er spesielt formulert med Royal Jelly og ren bivoks. Denne enest\u00e5ende kombinasjonen gir DAX Bees-Wax en mykgj\u00f8rende og utglattende egenskap som etterlater h\u00e5ret naturlig og glansfullt. Fungerer utmerket til pressing, kr\u00f8lling, fletter og lokker.  <\/p>\n<ul>\n<li>Spesiell formel med gel\u00e9 royal og ren bivoks<\/li>\n<li>Mykgj\u00f8r og beroliger for naturlig glansfullt h\u00e5r<\/li>\n<li>Perfekt til fletting, dreadlocks, snodder, locs og forsegling av ender<\/li>\n<\/ul>\n","protected":false},"featured_media":9220,"comment_status":"open","ping_status":"closed","template":"","meta":[],"product_brand":[],"product_cat":[1885,1884,1469,1610],"product_tag":[],"class_list":{"0":"post-9099","1":"product","2":"type-product","3":"status-publish","4":"has-post-thumbnail","6":"product_cat-dreadlocks-behandlinger","7":"product_cat-dreadlocks-styling-no","8":"product_cat-harstyling","9":"product_cat-stylingvoks","11":"first","12":"instock","13":"shipping-taxable","14":"purchasable","15":"product-type-variable"},"_links":{"self":[{"href":"https:\/\/yohannaa.com\/no\/wp-json\/wp\/v2\/product\/9099","targetHints":{"allow":["GET"]}}],"collection":[{"href":"https:\/\/yohannaa.com\/no\/wp-json\/wp\/v2\/product"}],"about":[{"href":"https:\/\/yohannaa.com\/no\/wp-json\/wp\/v2\/types\/product"}],"replies":[{"embeddable":true,"href":"https:\/\/yohannaa.com\/no\/wp-json\/wp\/v2\/comments?post=9099"}],"wp:featuredmedia":[{"embeddable":true,"href":"https:\/\/yohannaa.com\/no\/wp-json\/wp\/v2\/media\/9220"}],"wp:attachment":[{"href":"https:\/\/yohannaa.com\/no\/wp-json\/wp\/v2\/media?parent=9099"}],"wp:term":[{"taxonomy":"product_brand","embeddable":true,"href":"https:\/\/yohannaa.com\/no\/wp-json\/wp\/v2\/product_brand?post=9099"},{"taxonomy":"product_cat","embeddable":true,"href":"https:\/\/yohannaa.com\/no\/wp-json\/wp\/v2\/product_cat?post=9099"},{"taxonomy":"product_tag","embeddable":true,"href":"https:\/\/yohannaa.com\/no\/wp-json\/wp\/v2\/product_tag?post=9099"}],"curies":[{"name":"wp","href":"https:\/\/api.w.org\/{rel}","templated":true}]}}