{"id":9018,"date":"2024-12-02T04:55:15","date_gmt":"2024-12-02T04:55:15","guid":{"rendered":"https:\/\/yohannaa.com\/product\/cherish-spiral-french-curl-braid-pre-stretched-3x\/"},"modified":"2024-12-01T05:23:04","modified_gmt":"2024-12-01T05:23:04","slug":"cherish-spiral-french-curl-braid-pre-stretched-3x","status":"publish","type":"product","link":"https:\/\/yohannaa.com\/no\/shop\/harforlengelser\/flette-harforlengelser\/fletter-i-krollete-har\/cherish-spiral-french-curl-braid-pre-stretched-3x\/","title":{"rendered":"Cherish Spiral French Curl Braid Pre Stretched 3X"},"content":{"rendered":"<p><strong>Cherish Spiral French Curl Braid Pre Stretched 3X<\/strong><\/p>\n<p>Cherish Spiral French Curl Braid 3X 22 inches fletter er perfekte for knutefrie stiler. Den kommer ferdig kr\u00f8llet og forh\u00e5ndsstrukket med en naturlig, volumin\u00f8s og flokefri tekstur. Flett den ned til det omr\u00e5det du \u00f8nsker, og la kr\u00f8llene gj\u00f8re resten.  <\/p>\n<p><strong>Funksjoner:<\/strong><\/p>\n<p>100 % forstrukket premiumfiber. Spretne spiralkr\u00f8ller som varer. Myk ber\u00f8ring. Lett vekt. Perfekt for knutefri styling. Flokerfritt. Lett \u00e5 skille fra hverandre. Lite vedlikehold. Ubegrensede stilalternativer.<\/p>\n","protected":false},"excerpt":{"rendered":"<p>Cherish Spiral French Curl Braid 3X 22 inches fletter er perfekte for knutefrie stiler. Den kommer ferdig kr\u00f8llet og forh\u00e5ndsstrukket med en naturlig, volumin\u00f8s og flokefri tekstur. Flett den ned til det omr\u00e5det du \u00f8nsker, og la kr\u00f8llene gj\u00f8re resten.  <\/p>\n","protected":false},"featured_media":8997,"comment_status":"open","ping_status":"closed","template":"","meta":[],"product_brand":[2359],"product_cat":[1555],"product_tag":[2140,1700],"class_list":{"0":"post-9018","1":"product","2":"type-product","3":"status-publish","4":"has-post-thumbnail","6":"product_brand-cherish","7":"product_cat-fletter-i-krollete-har","8":"product_tag-fletteforlengelse","9":"product_tag-syntetiske-fletter","11":"first","12":"instock","13":"shipping-taxable","14":"purchasable","15":"product-type-variable"},"_links":{"self":[{"href":"https:\/\/yohannaa.com\/no\/wp-json\/wp\/v2\/product\/9018","targetHints":{"allow":["GET"]}}],"collection":[{"href":"https:\/\/yohannaa.com\/no\/wp-json\/wp\/v2\/product"}],"about":[{"href":"https:\/\/yohannaa.com\/no\/wp-json\/wp\/v2\/types\/product"}],"replies":[{"embeddable":true,"href":"https:\/\/yohannaa.com\/no\/wp-json\/wp\/v2\/comments?post=9018"}],"wp:featuredmedia":[{"embeddable":true,"href":"https:\/\/yohannaa.com\/no\/wp-json\/wp\/v2\/media\/8997"}],"wp:attachment":[{"href":"https:\/\/yohannaa.com\/no\/wp-json\/wp\/v2\/media?parent=9018"}],"wp:term":[{"taxonomy":"product_brand","embeddable":true,"href":"https:\/\/yohannaa.com\/no\/wp-json\/wp\/v2\/product_brand?post=9018"},{"taxonomy":"product_cat","embeddable":true,"href":"https:\/\/yohannaa.com\/no\/wp-json\/wp\/v2\/product_cat?post=9018"},{"taxonomy":"product_tag","embeddable":true,"href":"https:\/\/yohannaa.com\/no\/wp-json\/wp\/v2\/product_tag?post=9018"}],"curies":[{"name":"wp","href":"https:\/\/api.w.org\/{rel}","templated":true}]}}