{"id":8984,"date":"2024-11-01T04:25:46","date_gmt":"2024-11-01T04:25:46","guid":{"rendered":"https:\/\/yohannaa.com\/product\/cherish-syn-drawstring-london-girl-hestehale-2\/"},"modified":"2024-12-01T04:25:46","modified_gmt":"2024-12-01T04:25:46","slug":"cherish-syn-drawstring-london-girl-hestehale-2","status":"publish","type":"product","link":"https:\/\/yohannaa.com\/no\/shop\/harforlengelser\/ponytail-no\/synthetic-hair-ponytails-no\/cherish-syn-drawstring-london-girl-hestehale-2\/","title":{"rendered":"Cherish Syn Drawstring London Girl hestehale"},"content":{"rendered":"<p><strong>Cherish Syn Drawstring London Girl hestehale<\/strong>: Denne luksuri\u00f8se hestehalen er laget av syntetisk fiber av h\u00f8y kvalitet som ser naturlig, glatt og sexy ut p\u00e5 samme tid.<\/p>\n","protected":false},"excerpt":{"rendered":"<p>Denne luksuri\u00f8se hestehalen er laget av f\u00f8rsteklasses syntetisk fiber av h\u00f8y kvalitet som ser naturlig, glatt og sexy ut p\u00e5 samme tid.<\/p>\n","protected":false},"featured_media":8973,"comment_status":"open","ping_status":"closed","template":"","meta":[],"product_brand":[2359],"product_cat":[1937],"product_tag":[1558,2365],"class_list":{"0":"post-8984","1":"product","2":"type-product","3":"status-publish","4":"has-post-thumbnail","6":"product_brand-cherish","7":"product_cat-synthetic-hair-ponytails-no","8":"product_tag-harforlengelser","9":"product_tag-hestehale","11":"first","12":"instock","13":"shipping-taxable","14":"purchasable","15":"product-type-variable"},"_links":{"self":[{"href":"https:\/\/yohannaa.com\/no\/wp-json\/wp\/v2\/product\/8984","targetHints":{"allow":["GET"]}}],"collection":[{"href":"https:\/\/yohannaa.com\/no\/wp-json\/wp\/v2\/product"}],"about":[{"href":"https:\/\/yohannaa.com\/no\/wp-json\/wp\/v2\/types\/product"}],"replies":[{"embeddable":true,"href":"https:\/\/yohannaa.com\/no\/wp-json\/wp\/v2\/comments?post=8984"}],"wp:featuredmedia":[{"embeddable":true,"href":"https:\/\/yohannaa.com\/no\/wp-json\/wp\/v2\/media\/8973"}],"wp:attachment":[{"href":"https:\/\/yohannaa.com\/no\/wp-json\/wp\/v2\/media?parent=8984"}],"wp:term":[{"taxonomy":"product_brand","embeddable":true,"href":"https:\/\/yohannaa.com\/no\/wp-json\/wp\/v2\/product_brand?post=8984"},{"taxonomy":"product_cat","embeddable":true,"href":"https:\/\/yohannaa.com\/no\/wp-json\/wp\/v2\/product_cat?post=8984"},{"taxonomy":"product_tag","embeddable":true,"href":"https:\/\/yohannaa.com\/no\/wp-json\/wp\/v2\/product_tag?post=8984"}],"curies":[{"name":"wp","href":"https:\/\/api.w.org\/{rel}","templated":true}]}}