{"id":8718,"date":"2024-12-02T11:27:38","date_gmt":"2024-12-02T11:27:38","guid":{"rendered":"https:\/\/yohannaa.com\/product\/camille-rose-black-castor-oil-chebe-cleanse\/"},"modified":"2024-11-29T03:42:15","modified_gmt":"2024-11-29T03:42:15","slug":"camille-rose-black-castor-oil-chebe-cleanse","status":"publish","type":"product","link":"https:\/\/yohannaa.com\/no\/shop\/harpleie\/sjampo\/camille-rose-black-castor-oil-chebe-cleanse\/","title":{"rendered":"Camille Rose Black Castor Oil + Chebe Cleanse"},"content":{"rendered":"<p><strong>Camille Rose Black Castor Oil + Chebe Cleanse:<\/strong> V\u00e5r oljeinfunderte h\u00e5rrens kombinerer svart ricinusolje og chebe for \u00e5 styrke h\u00e5rstr\u00e5ene, gjenopprette glans og forbedre h\u00e5ndterbarheten. Gi hodebunnen ny energi med Black Castor Oil + Chebe Cleanse-sjampoen, som er ideell for alle h\u00e5rtyper og -teksturer. <\/p>\n<p><strong>Full ingrediens<\/strong><\/p>\n<div class=\"c-icons-product__icon\">\n<div>Avionisert vann (Aqua), glyserin, dinatriumkokosamphodipropionat (vegetabilsk), natrium C14-16 olefinsulfonat (vegetabilsk), kokosamidopropylbetain (vegetabilsk), sitronsyre, Ricinus Communis (Black Castor) fr\u00f8olje, Croton Zambesicus (Chebe)-pulver, svart te-ekstrakt, curcumin, dekylglukosid, panthenol, polykvaternium-7, polykvaternium-10, fenoksyetanol (Optiphen ND), etylheksylglyserin og ftalatfri parfyme.<\/div>\n<\/div>\n<div>\n<div class=\"content wysiwyg\">\n<div class=\"metafield-rich_text_field\">\n<div>\n<p><strong>Hvordan bruke<\/strong><\/p>\n<p>Fukt h\u00e5rstr\u00e5ene i dusjen og p\u00e5f\u00f8r den rensende sjampoen i hele h\u00e5rets lengde. For tykkere h\u00e5rteksturer, del h\u00e5ret i seksjoner f\u00f8r p\u00e5f\u00f8ring for \u00e5 sikre at hvert h\u00e5rstr\u00e5 blir penetrert. Bruk fingrene eller h\u00e5ndflatene til \u00e5 massere med vann til h\u00e5ret er rent.  <\/p>\n<\/div>\n<div class=\"content wysiwyg\">\n<div class=\"metafield-rich_text_field\">\n<ul>\n<li class=\"c-icons-product__icon\"><strong>Styrke mens du renser<\/strong><\/li>\n<li class=\"c-icons-product__icon\"><strong>Gjenopprett glans og glid<\/strong><\/li>\n<li class=\"c-icons-product__icon\"><strong>Beroliger og gir ny energi til hodebunnen<\/strong><\/li>\n<\/ul>\n<\/div>\n<\/div>\n<\/div>\n<\/div>\n<\/div>\n","protected":false},"excerpt":{"rendered":"<p>V\u00e5r oljeinfunderte h\u00e5rrens kombinerer svart ricinusolje og chebe for \u00e5 styrke h\u00e5rstr\u00e5ene, gjenopprette glans og forbedre h\u00e5ndterbarheten. Gi hodebunnen ny energi med Black Castor Oil + Chebe Cleanse-sjampoen, som er ideell for alle h\u00e5rtyper og -teksturer. <\/p>\n","protected":false},"featured_media":8717,"comment_status":"open","ping_status":"closed","template":"","meta":[],"product_brand":[1221],"product_cat":[1463],"product_tag":[],"class_list":{"0":"post-8718","1":"product","2":"type-product","3":"status-publish","4":"has-post-thumbnail","6":"product_brand-camille-rose","7":"product_cat-sjampo","9":"first","10":"instock","11":"shipping-taxable","12":"purchasable","13":"product-type-simple"},"_links":{"self":[{"href":"https:\/\/yohannaa.com\/no\/wp-json\/wp\/v2\/product\/8718","targetHints":{"allow":["GET"]}}],"collection":[{"href":"https:\/\/yohannaa.com\/no\/wp-json\/wp\/v2\/product"}],"about":[{"href":"https:\/\/yohannaa.com\/no\/wp-json\/wp\/v2\/types\/product"}],"replies":[{"embeddable":true,"href":"https:\/\/yohannaa.com\/no\/wp-json\/wp\/v2\/comments?post=8718"}],"wp:featuredmedia":[{"embeddable":true,"href":"https:\/\/yohannaa.com\/no\/wp-json\/wp\/v2\/media\/8717"}],"wp:attachment":[{"href":"https:\/\/yohannaa.com\/no\/wp-json\/wp\/v2\/media?parent=8718"}],"wp:term":[{"taxonomy":"product_brand","embeddable":true,"href":"https:\/\/yohannaa.com\/no\/wp-json\/wp\/v2\/product_brand?post=8718"},{"taxonomy":"product_cat","embeddable":true,"href":"https:\/\/yohannaa.com\/no\/wp-json\/wp\/v2\/product_cat?post=8718"},{"taxonomy":"product_tag","embeddable":true,"href":"https:\/\/yohannaa.com\/no\/wp-json\/wp\/v2\/product_tag?post=8718"}],"curies":[{"name":"wp","href":"https:\/\/api.w.org\/{rel}","templated":true}]}}